{"id":9948,"date":"2025-04-21T23:19:55","date_gmt":"2025-04-21T20:19:55","guid":{"rendered":"https:\/\/env4cyp.eu\/?page_id=9948"},"modified":"2025-05-20T23:34:13","modified_gmt":"2025-05-20T20:34:13","slug":"training-13","status":"publish","type":"page","link":"https:\/\/env4cyp.eu\/tr\/training-13\/","title":{"rendered":"Training 13"},"content":{"rendered":"<div id=\"fws_69ea40b2027fd\"  data-column-margin=\"none\" data-midnight=\"custom\" data-top-percent=\"15%\" data-bottom-percent=\"15%\"  class=\"wpb_row vc_row-fluid vc_row full-width-section parallax_section top_padding_tablet_30pct top_padding_phone_40pct bottom_padding_tablet_30pct bottom_padding_phone_40pct\"  style=\"padding-top: calc(100vw * 0.15); padding-bottom: calc(100vw * 0.15); \"><div class=\"row-bg-wrap\" data-bg-animation=\"zoom-out\" data-bg-overlay=\"true\"><div class=\"inner-wrap using-image\"><div class=\"row-bg viewport-desktop using-image using-bg-color\" data-parallax-speed=\"fast\" style=\"background-image: url(https:\/\/env4cyp.eu\/wp-content\/uploads\/Blog-Banner-1.png); background-position: center center; background-repeat: no-repeat; background-color: #727272; \"><\/div><\/div><div class=\"row-bg-overlay\" style=\"background: #000000; background: radial-gradient(50% 50% at 50% 50%,#000000 0%,#000000 100%);  opacity: 0.5; \"><\/div><\/div><div class=\"row_col_wrap_12 col span_12 custom left\">\n\t<div  class=\"vc_col-sm-12 wpb_column column_container vc_column_container col force-phone-text-align-center no-extra-padding el_spacing_0px inherit_tablet inherit_phone\"  data-padding-pos=\"all\" data-has-bg-color=\"false\" data-bg-color=\"\" data-bg-opacity=\"1\" data-animation=\"\" data-delay=\"0\" >\n\t\t<div class=\"vc_column-inner\" >\n\t\t\t<div class=\"wpb_wrapper\">\n\t\t\t\t<div id=\"fws_69ea40b2029df\" data-midnight=\"\" data-column-margin=\"default\" class=\"wpb_row vc_row-fluid vc_row inner_row\"  style=\" z-index: 20;\"><div class=\"row-bg-wrap\"> <div class=\"row-bg\" ><\/div> <\/div><div class=\"row_col_wrap_12_inner col span_12  left\">\n\t<div style=\" color: #ffffff;\" class=\"vc_col-sm-12 wpb_column column_container vc_column_container col child_column no-extra-padding el_spacing_0px inherit_tablet inherit_phone\" data-cfc=\"true\"  data-padding-pos=\"all\" data-has-bg-color=\"false\" data-bg-color=\"\" data-bg-opacity=\"1\" data-animation=\"\" data-delay=\"0\" >\n\t\t<div class=\"vc_column-inner\" >\n\t\t<div class=\"wpb_wrapper\">\n\t\t\t<div class=\"nectar-split-heading\" data-align=\"default\" data-m-align=\"inherit\" data-text-effect=\"none\" data-animation-type=\"line-reveal-by-space\" data-animation-delay=\"200\" data-animation-offset=\"\" data-m-rm-animation=\"\" data-stagger=\"true\" data-custom-font-size=\"true\" style=\"font-size: 7vh; line-height: 7.7vh;\"><h2 >Hizmet Sekt\u00f6r\u00fcnde Tek\nKullan\u0131ml\u0131k Plastikleri Ve G\u0131da At\u0131\u011f\u0131n\u0131 Azaltman\u0131n\nYollar\u0131n\u0131 Birlikte \u00d6\u011frenelim At\u00f6lye \u00c7al\u0131\u015fmas\u0131<\/h2><\/div>\n<div class=\"wpb_text_column wpb_content_element\" >\n\t<div class=\"wpb_wrapper\">\n\t\t<p>Uygulanabilir y\u00f6ntemleri \u00f6\u011frenin, \u00e7evre dostu alternatifler hakk\u0131nda bilgi edinin, ve hem \u00e7evreye hem de i\u015fletmenize fayda sa\u011flayacak stratejileri geli\u015ftirin.<\/p>\n\t<\/div>\n<\/div>\n\n\n\n\n\t\t<\/div> \n\t<\/div>\n\t<\/div> \n<\/div><\/div><div id=\"fws_69ea40b202b95\" data-midnight=\"\" data-column-margin=\"default\" class=\"wpb_row vc_row-fluid vc_row inner_row\"  style=\" z-index: 20;\"><div class=\"row-bg-wrap\"> <div class=\"row-bg\" ><\/div> <\/div><div class=\"row_col_wrap_12_inner col span_12  left\">\n\t<div style=\" color: #ffffff;\" class=\"vc_col-sm-12 wpb_column column_container vc_column_container col child_column has-animation no-extra-padding el_spacing_0px inherit_tablet inherit_phone\" data-cfc=\"true\"  data-padding-pos=\"all\" data-has-bg-color=\"false\" data-bg-color=\"\" data-bg-opacity=\"1\" data-animation=\"fade-in-from-bottom\" data-delay=\"650\" >\n\t\t<div class=\"vc_column-inner\" >\n\t\t<div class=\"wpb_wrapper\">\n\t\t\t<div class=\"nectar-cta  alignment_tablet_default alignment_phone_default display_tablet_inherit display_phone_inherit\" data-color=\"default\" data-using-bg=\"false\" data-display=\"block\" data-style=\"underline\" data-alignment=\"left\" data-text-color=\"custom\" style=\"margin-top: 30px; margin-bottom: 20px; \"><p style=\"color: #ffffff;\"> <span class=\"text\"> <\/span><span class=\"link_wrap\" style=\"padding-top: 18px; padding-bottom: 18px; \"><a  class=\"link_text\" style=\"border-color: #ffffff;\" href=\"#\">Ba\u015fvuru S\u00fcresi Bitti<\/a><\/span><\/p><\/div>\n\t\t<\/div> \n\t<\/div>\n\t<\/div> \n<\/div><\/div>\n\t\t\t<\/div> \n\t\t<\/div>\n\t<\/div> \n<\/div><\/div>\n\t\t<div id=\"fws_69ea40b202cf9\"  data-column-margin=\"default\" data-midnight=\"light\" data-top-percent=\"2%\" data-bottom-percent=\"2%\"  class=\"wpb_row vc_row-fluid vc_row full-width-section\"  style=\"padding-top: calc(100vw * 0.02); padding-bottom: calc(100vw * 0.02); \"><div class=\"row-bg-wrap\" data-bg-animation=\"none\" data-bg-overlay=\"false\"><div class=\"inner-wrap\"><div class=\"row-bg viewport-desktop using-bg-color\"  style=\"background-color: #3d3d3d; \"><\/div><\/div><\/div><div class=\"row_col_wrap_12 col span_12 light left\">\n\t<div  class=\"vc_col-sm-12 wpb_column column_container vc_column_container col has-animation no-extra-padding inherit_tablet inherit_phone\"  data-padding-pos=\"all\" data-has-bg-color=\"false\" data-bg-color=\"\" data-bg-opacity=\"1\" data-animation=\"fade-in-from-bottom\" data-delay=\"0\" >\n\t\t<div class=\"vc_column-inner\" >\n\t\t\t<div class=\"wpb_wrapper\">\n\t\t\t\t<h3 style=\"color: #46b884;text-align: left;font-family:Roboto;font-weight:900;font-style:normal\" class=\"vc_custom_heading\" >\u00d6nemli Bilgiler:<\/h3><div id=\"fws_69ea40b202e90\" data-midnight=\"\" data-column-margin=\"default\" class=\"wpb_row vc_row-fluid vc_row inner_row\"  style=\"\"><div class=\"row-bg-wrap\"> <div class=\"row-bg\" ><\/div> <\/div><div class=\"row_col_wrap_12_inner col span_12  left\">\n\t<div  class=\"vc_col-sm-12 wpb_column column_container vc_column_container col child_column has-animation no-extra-padding inherit_tablet inherit_phone\"   data-padding-pos=\"all\" data-has-bg-color=\"false\" data-bg-color=\"\" data-bg-opacity=\"1\" data-animation=\"fade-in-from-bottom\" data-delay=\"0\" >\n\t\t<div class=\"vc_column-inner\" >\n\t\t<div class=\"wpb_wrapper\">\n\t\t\t<div class=\"nectar-hor-list-item\" data-hover-effect=\"default\" data-br=\"0px\" data-font-family=\"h5\" data-color=\"accent-color\" data-columns=\"2\" data-column-layout=\"small_first\"><div class=\"nectar-list-item\" data-icon=\"true\" data-text-align=\"left\"><i class=\"item-icon fa fa-calendar\" data-size=\"regular\"><\/i>E\u011fitim Tarihleri<\/div><div class=\"nectar-list-item\" data-text-align=\"left\">27\u201328 May\u0131s 2025<\/div><\/div><div class=\"nectar-hor-list-item\" data-hover-effect=\"default\" data-br=\"0px\" data-font-family=\"h5\" data-color=\"accent-color\" data-columns=\"2\" data-column-layout=\"small_first\"><div class=\"nectar-list-item\" data-icon=\"true\" data-text-align=\"left\"><i class=\"item-icon fa fa-clock-o\" data-size=\"regular\"><\/i>E\u011fitim Saati<\/div><div class=\"nectar-list-item\" data-text-align=\"left\">08:45-15:00<\/div><\/div><div class=\"nectar-hor-list-item has-btn\" data-hover-effect=\"default\" data-br=\"0px\" data-font-family=\"h5\" data-color=\"accent-color\" data-columns=\"2\" data-column-layout=\"small_first\"><div class=\"nectar-list-item\" data-icon=\"true\" data-text-align=\"left\"><i class=\"item-icon fa fa-globe\" data-size=\"regular\"><\/i>Yer<\/div><div class=\"nectar-list-item\" data-text-align=\"left\">Dayan\u0131\u015fma Evi, Lefko\u015fa<a class=\"nectar-list-item-btn\" href=\"https:\/\/maps.app.goo.gl\/5Z3WvforXxGUTk6U8\" target=\"_blank\">Harita<\/a><\/div><\/div><div class=\"nectar-hor-list-item\" data-hover-effect=\"default\" data-br=\"0px\" data-font-family=\"h5\" data-color=\"accent-color\" data-columns=\"2\" data-column-layout=\"small_first\"><div class=\"nectar-list-item\" data-icon=\"true\" data-text-align=\"left\"><i class=\"item-icon fa fa-calendar-o\" data-size=\"regular\"><\/i>Son Ba\u015fvuru Tarihi<\/div><div class=\"nectar-list-item\" data-text-align=\"left\">19 May\u0131s 2025<\/div><\/div><div class=\"nectar-hor-list-item\" data-hover-effect=\"default\" data-br=\"0px\" data-font-family=\"h5\" data-color=\"accent-color\" data-columns=\"2\" data-column-layout=\"small_first\"><div class=\"nectar-list-item\" data-icon=\"true\" data-text-align=\"left\"><i class=\"item-icon fa fa-book\" data-size=\"regular\"><\/i>Hedef Kat\u0131l\u0131mc\u0131lar<\/div><div class=\"nectar-list-item\" data-text-align=\"left\">\u00c7evre profesyonelleri<\/div><\/div><div class=\"nectar-hor-list-item\" data-hover-effect=\"default\" data-br=\"0px\" data-font-family=\"h5\" data-color=\"accent-color\" data-columns=\"2\" data-column-layout=\"small_first\"><div class=\"nectar-list-item\" data-icon=\"true\" data-text-align=\"left\"><i class=\"item-icon fa fa-phone\" data-size=\"regular\"><\/i>\u0130leti\u015fim<\/div><div class=\"nectar-list-item\" data-text-align=\"left\">+90 533 867 46 22 | info@env4cyp.eu<\/div><\/div><div class=\"nectar-hor-list-item\" data-hover-effect=\"default\" data-br=\"0px\" data-font-family=\"h5\" data-color=\"accent-color\" data-columns=\"2\" data-column-layout=\"small_first\"><div class=\"nectar-list-item\" data-icon=\"true\" data-text-align=\"left\"><i class=\"item-icon fa fa-language\" data-size=\"regular\"><\/i>E\u011fitim Dili<\/div><div class=\"nectar-list-item\" data-text-align=\"left\">T\u00fcrk\u00e7e (\u0130ngilizce simultane \u00e7eviri sa\u011flanacakt\u0131r.)<\/div><\/div><div class=\"nectar-hor-list-item\" data-hover-effect=\"default\" data-br=\"0px\" data-font-family=\"h5\" data-color=\"accent-color\" data-columns=\"2\" data-column-layout=\"small_first\"><div class=\"nectar-list-item\" data-icon=\"true\" data-text-align=\"left\"><i class=\"item-icon fa fa-sticky-note-o\" data-size=\"regular\"><\/i>Not<\/div><div class=\"nectar-list-item\" data-text-align=\"left\">Kontenjan s\u0131n\u0131rl\u0131d\u0131r<\/div><\/div>\n\t\t<\/div> \n\t<\/div>\n\t<\/div> \n<\/div><\/div>\n\t\t\t<\/div> \n\t\t<\/div>\n\t<\/div> \n<\/div><\/div>\n\t\t<div id=\"fws_69ea40b2030f5\"  data-column-margin=\"default\" data-midnight=\"dark\" data-top-percent=\"5%\"  class=\"wpb_row vc_row-fluid vc_row\"  style=\"padding-top: calc(100vw * 0.05); padding-bottom: 0px; \"><div class=\"row-bg-wrap\" data-bg-animation=\"none\" data-bg-overlay=\"false\"><div class=\"inner-wrap\"><div class=\"row-bg viewport-desktop\"  style=\"\"><\/div><\/div><\/div><div class=\"row_col_wrap_12 col span_12 dark center\">\n\t<div  class=\"vc_col-sm-8 wpb_column column_container vc_column_container col no-extra-padding inherit_tablet inherit_phone\"  data-padding-pos=\"all\" data-has-bg-color=\"false\" data-bg-color=\"\" data-bg-opacity=\"1\" data-animation=\"\" data-delay=\"0\" >\n\t\t<div class=\"vc_column-inner\" >\n\t\t\t<div class=\"wpb_wrapper\">\n\t\t\t\t<h2 style=\"font-size: 18px;color: #46b884;text-align: left;font-family:Roboto;font-weight:900;font-style:normal\" class=\"vc_custom_heading vc_custom_1710113622707\" >Genel Bilgi<\/h2>\n<div class=\"wpb_text_column wpb_content_element\" >\n\t<div class=\"wpb_wrapper\">\n\t\t<div style=\"text-align: justify; text-justify: inter-word;\">\n<p>Yiyecek\/i\u00e7ecek hizmetleri veya konaklama sekt\u00f6rlerinde \u00e7al\u0131\u015fan ya da bu alanlara dan\u0131\u015fmanl\u0131k yapan bir \u00e7evre\nprofesyoneli misiniz? K\u0131br\u0131s&#039;ta at\u0131klar\u0131 azaltma ve d\u00f6ng\u00fcsel, iklim dostu uygulamalar\u0131 konusundaki\nuzmanl\u0131\u011f\u0131n\u0131z\u0131 geli\u015ftirmek ister misiniz?<\/p>\n<p>K\u0131br\u0131s i\u00e7in \u00c7evre projesi, K\u0131br\u0131s\u2019taki en \u00f6nemli \u00e7evresel sorunlardan ikisi olan tek kullan\u0131ml\u0131k plastiklerin (SUP)\nve g\u0131da at\u0131klar\u0131n\u0131n azalt\u0131lmas\u0131na odaklanan iki g\u00fcnl\u00fck bir e\u011fitime sizi davet ediyor.<\/p>\n<p><strong>Neler \u00d6\u011freneceksiniz?<\/strong><br \/>\n\u2022 Tek kullan\u0131ml\u0131k plastiklerin \u00e7evresel etkileri<br \/>\n\u2022 Ya\u015fam D\u00f6ng\u00fcs\u00fc Analizi (LCA) ara\u00e7lar\u0131n\u0131 uygulamaya y\u00f6nelik pratik beceriler<br \/>\n\u2022 Yiyecek-i\u00e7ecek ve konaklama sekt\u00f6rleri i\u00e7in s\u00fcrd\u00fcr\u00fclebilir alternatifler ve yeniden kullan\u0131labilir \u00e7\u00f6z\u00fcmler<br \/>\n\u2022 G\u0131da at\u0131\u011f\u0131 olu\u015fumu ve etkileri<br \/>\n\u2022 At\u0131k \u00f6nleme stratejileri, g\u0131dan\u0131n yeniden da\u011f\u0131t\u0131m y\u00f6ntemleri ve d\u00f6ng\u00fcsel at\u0131k y\u00f6netim planlar\u0131 tasar\u0131m\u0131<\/p>\n<\/div>\n\t<\/div>\n<\/div>\n\n\n\n\n<div class=\"wpb_text_column wpb_content_element\" >\n\t<div class=\"wpb_wrapper\">\n\t\t<div style=\"text-align: justify; text-justify: inter-word;\">\n<h2 class=\"vc_custom_heading vc_custom_1710113622707\" style=\"font-size: 18px; color: #46b884; text-align: left; font-family: Roboto; font-weight: 900; font-style: normal;\">E\u011fitim Program\u0131<\/h2>\n<p><strong>1. G\u00fcn: Tek Kullan\u0131ml\u0131k Plastiklerin (SUP) Azalt\u0131lmas\u0131<\/strong><\/p>\n<ul>\n<li>Yiyecek-\u0130\u00e7ecek Sekt\u00f6rlerinde SUP: \u00c7evresel ve sa\u011fl\u0131k etkileri, mevzuat (AB SUP Direktifi)<\/li>\n<li>Ya\u015fam D\u00f6ng\u00fcs\u00fc Analizi (LCA) ve Yerel Alternatifler<\/li>\n<li>Tek Kullan\u0131ml\u0131k Plastik Alternatifleri:\u2028Bambu, biyoplastikler ve yerel \u00e7\u00f6z\u00fcmler<\/li>\n<li>Azalt\u0131m Stratejileri:\u2028Yeniden kullan\u0131labilir \u00fcr\u00fcnler, tedarik\u00e7i i\u015f birlikleri ve personel fark\u0131ndal\u0131\u011f\u0131<\/li>\n<li>Eylem Plan\u0131 Haz\u0131rl\u0131\u011f\u0131<\/li>\n<\/ul>\n<p><strong>2. G\u00fcn: G\u0131da At\u0131\u011f\u0131 Y\u00f6netimi<\/strong><\/p>\n<ul>\n<li>Tedarik Zincirinde G\u0131da At\u0131\u011f\u0131 \u2013 Nedenleri ve Etkileri<\/li>\n<li>Kompostlama, Biyolojik \u00c7\u00fcr\u00fctme ve Depolama: Kar\u015f\u0131la\u015ft\u0131rmal\u0131 Yakla\u015f\u0131mlar<\/li>\n<li>\u00c7evresel ve Ekonomik Maliyetler<\/li>\n<li>\u00d6nleme ve D\u00f6ng\u00fcsel \u00c7\u00f6z\u00fcmler:\u2028At\u0131klar\u0131 yeniden de\u011ferlendirme, kompostlama, geri kazan\u0131m (ileri d\u00f6n\u00fc\u015f\u00fcm)<\/li>\n<li>Kurumunuza \u00d6zel \u00c7\u00f6z\u00fcm Geli\u015ftirme<\/li>\n<\/ul>\n<\/div>\n\t<\/div>\n<\/div>\n\n\n\n\n\t\t\t<\/div> \n\t\t<\/div>\n\t<\/div> \n\n\t<div  class=\"vc_col-sm-4 wpb_column column_container vc_column_container col no-extra-padding inherit_tablet inherit_phone\"  data-padding-pos=\"bottom\" data-has-bg-color=\"false\" data-bg-color=\"\" data-bg-opacity=\"1\" data-animation=\"\" data-delay=\"0\" >\n\t\t<div class=\"vc_column-inner\" >\n\t\t\t<div class=\"wpb_wrapper\">\n\t\t\t\t<div class=\"nectar-fancy-box   vc_custom_1745430665399\" data-style=\"color_box_hover\" data-animation=\"\" data-hover-o=\"default\" data-border-radius=\"default\" data-border=\"true\" data-box-color-opacity=\"1\" data-delay=\"\" data-alignment=\"center\" data-color=\"accent-color\" ><div class=\"box-inner-wrap\"><div class=\"box-bg\" ><\/div> <div class=\"inner\" style=\"min-height: 120px\"><div class=\"inner-wrap\"><i class=\"icon-default-style fa fa-rss\" data-color=\"accent-color\" style=\"font-size: 56px!important; line-height: 56px!important;\"><\/i>\n<h5>Hizmet Sekt\u00f6r\u00fcnde Tek\nKullan\u0131ml\u0131k Plastikleri Ve G\u0131da At\u0131\u011f\u0131n\u0131 Azaltman\u0131n\nYollar\u0131n\u0131 Birlikte \u00d6\u011frenelim At\u00f6lye \u00c7al\u0131\u015fmas\u0131<\/h5>\n<\/div><\/div>  <\/div> <\/div><div class=\"nectar-fancy-box   vc_custom_1747773246064\" data-style=\"color_box_hover\" data-animation=\"\" data-hover-o=\"default\" data-border-radius=\"default\" data-border=\"true\" data-box-color-opacity=\"1\" data-delay=\"\" data-alignment=\"center\" data-color=\"accent-color\" ><div class=\"box-inner-wrap\"><div class=\"box-bg\" ><\/div> <div class=\"inner\" style=\"min-height: 120px\"><div class=\"inner-wrap\"><i class=\"icon-default-style fa fa-calendar\" data-color=\"accent-color\" style=\"font-size: 56px!important; line-height: 56px!important;\"><\/i>\n<h5>Ba\u015fvuru S\u00fcresi Bitti<\/h5>\n<\/div><\/div>  <a  href=\"#\" class=\"box-link\"><\/a><\/div> <\/div>\n\t\t\t<\/div> \n\t\t<\/div>\n\t<\/div> \n<\/div><\/div>","protected":false},"excerpt":{"rendered":"Reducing Single-Use Plastics and Food Waste in the Hospitality Sector Workshop Learn practical tools, explore alternative materials, and co-develop strategies that benefit both the environment...","protected":false},"author":2,"featured_media":0,"parent":0,"menu_order":0,"comment_status":"closed","ping_status":"closed","template":"","meta":{"_view_id":"","footnotes":""},"class_list":["post-9948","page","type-page","status-publish"],"_links":{"self":[{"href":"https:\/\/env4cyp.eu\/tr\/wp-json\/wp\/v2\/pages\/9948","targetHints":{"allow":["GET"]}}],"collection":[{"href":"https:\/\/env4cyp.eu\/tr\/wp-json\/wp\/v2\/pages"}],"about":[{"href":"https:\/\/env4cyp.eu\/tr\/wp-json\/wp\/v2\/types\/page"}],"author":[{"embeddable":true,"href":"https:\/\/env4cyp.eu\/tr\/wp-json\/wp\/v2\/users\/2"}],"replies":[{"embeddable":true,"href":"https:\/\/env4cyp.eu\/tr\/wp-json\/wp\/v2\/comments?post=9948"}],"version-history":[{"count":17,"href":"https:\/\/env4cyp.eu\/tr\/wp-json\/wp\/v2\/pages\/9948\/revisions"}],"predecessor-version":[{"id":10111,"href":"https:\/\/env4cyp.eu\/tr\/wp-json\/wp\/v2\/pages\/9948\/revisions\/10111"}],"wp:attachment":[{"href":"https:\/\/env4cyp.eu\/tr\/wp-json\/wp\/v2\/media?parent=9948"}],"curies":[{"name":"wp","href":"https:\/\/api.w.org\/{rel}","templated":true}]}}