{"id":9655,"date":"2025-01-09T23:10:24","date_gmt":"2025-01-09T20:10:24","guid":{"rendered":"https:\/\/env4cyp.eu\/?page_id=9655"},"modified":"2025-01-20T12:45:20","modified_gmt":"2025-01-20T09:45:20","slug":"training-9","status":"publish","type":"page","link":"https:\/\/env4cyp.eu\/tr\/training-9\/","title":{"rendered":"Training 9"},"content":{"rendered":"<div id=\"fws_69ea55e2763bc\"  data-column-margin=\"none\" data-midnight=\"custom\" data-top-percent=\"15%\" data-bottom-percent=\"15%\"  class=\"wpb_row vc_row-fluid vc_row full-width-section parallax_section top_padding_tablet_30pct top_padding_phone_40pct bottom_padding_tablet_30pct bottom_padding_phone_40pct\"  style=\"padding-top: calc(100vw * 0.15); padding-bottom: calc(100vw * 0.15); \"><div class=\"row-bg-wrap\" data-bg-animation=\"zoom-out\" data-bg-overlay=\"true\"><div class=\"inner-wrap using-image\"><div class=\"row-bg viewport-desktop using-image using-bg-color\" data-parallax-speed=\"fast\" style=\"background-image: url(https:\/\/env4cyp.eu\/wp-content\/uploads\/ECBFeb24-185.jpg); background-position: center center; background-repeat: no-repeat; background-color: #727272; \"><\/div><\/div><div class=\"row-bg-overlay\" style=\"background: #000000; background: radial-gradient(50% 50% at 50% 50%,#000000 0%,#000000 100%);  opacity: 0.5; \"><\/div><\/div><div class=\"row_col_wrap_12 col span_12 custom left\">\n\t<div  class=\"vc_col-sm-12 wpb_column column_container vc_column_container col force-phone-text-align-center no-extra-padding el_spacing_0px inherit_tablet inherit_phone\"  data-padding-pos=\"all\" data-has-bg-color=\"false\" data-bg-color=\"\" data-bg-opacity=\"1\" data-animation=\"\" data-delay=\"0\" >\n\t\t<div class=\"vc_column-inner\" >\n\t\t\t<div class=\"wpb_wrapper\">\n\t\t\t\t<div id=\"fws_69ea55e276531\" data-midnight=\"\" data-column-margin=\"default\" class=\"wpb_row vc_row-fluid vc_row inner_row\"  style=\" z-index: 20;\"><div class=\"row-bg-wrap\"> <div class=\"row-bg\" ><\/div> <\/div><div class=\"row_col_wrap_12_inner col span_12  left\">\n\t<div style=\" color: #ffffff;\" class=\"vc_col-sm-12 wpb_column column_container vc_column_container col child_column no-extra-padding el_spacing_0px inherit_tablet inherit_phone\" data-cfc=\"true\"  data-padding-pos=\"all\" data-has-bg-color=\"false\" data-bg-color=\"\" data-bg-opacity=\"1\" data-animation=\"\" data-delay=\"0\" >\n\t\t<div class=\"vc_column-inner\" >\n\t\t<div class=\"wpb_wrapper\">\n\t\t\t<div class=\"nectar-split-heading\" data-align=\"default\" data-m-align=\"inherit\" data-text-effect=\"none\" data-animation-type=\"line-reveal-by-space\" data-animation-delay=\"200\" data-animation-offset=\"\" data-m-rm-animation=\"\" data-stagger=\"true\" data-custom-font-size=\"true\" style=\"font-size: 7vh; line-height: 7.7vh;\"><h2 >Paket At\u0131k Su Ar\u0131tma Tesisleri<\/h2><\/div><div class=\"nectar-split-heading\" data-align=\"default\" data-m-align=\"inherit\" data-text-effect=\"none\" data-animation-type=\"line-reveal-by-space\" data-animation-delay=\"200\" data-animation-offset=\"\" data-m-rm-animation=\"\" data-stagger=\"true\" data-custom-font-size=\"true\" style=\"font-size: 7vh; line-height: 7.7vh;\"><h2 >Tasar\u0131m ve Denetim E\u011fitimi<\/h2><\/div>\n<div class=\"wpb_text_column wpb_content_element\" >\n\t<div class=\"wpb_wrapper\">\n\t\t<p>Y\u00fczey, yeralt\u0131 ve deniz sular\u0131m\u0131z\u0131n kirlilik oran\u0131 her y\u0131l daha da artmakta ve toplum sa\u011fl\u0131\u011f\u0131n\u0131 ve \u00e7evreyi k\u00f6t\u00fc y\u00f6nde etkilemektedir. Merkezi at\u0131k su ar\u0131tma ve kanalizasyon sistemlerinin bulunmad\u0131\u011f\u0131 b\u00f6lgelerde paket ar\u0131tma tesislerinin, faaliyete ve faaliyet kapasitesine uygun bir \u015fekilde tasarlanmas\u0131, i\u015fletim ve bak\u0131m\u0131 ve denetimi halk sa\u011fl\u0131\u011f\u0131n\u0131, y\u00fczey, yeralt\u0131 ve deniz sular\u0131n\u0131 korumak a\u00e7\u0131s\u0131ndan b\u00fcy\u00fck \u00f6neme sahiptir.<\/p>\n<p>K\u0131br\u0131s i\u00e7in \u00c7evre projesi ve \u00c7evre M\u00fchendisleri Odas\u0131 i\u015f birli\u011finde d\u00fczenlenen bu \u00f6zel e\u011fitime kat\u0131l\u0131n ve at\u0131k su y\u00f6netimi hakk\u0131ndaki yetkinliklerinizi art\u0131r\u0131n!<\/p>\n\t<\/div>\n<\/div>\n\n\n\n\n\t\t<\/div> \n\t<\/div>\n\t<\/div> \n<\/div><\/div><div id=\"fws_69ea55e276689\" data-midnight=\"\" data-column-margin=\"default\" class=\"wpb_row vc_row-fluid vc_row inner_row\"  style=\" z-index: 20;\"><div class=\"row-bg-wrap\"> <div class=\"row-bg\" ><\/div> <\/div><div class=\"row_col_wrap_12_inner col span_12  left\">\n\t<div style=\" color: #ffffff;\" class=\"vc_col-sm-12 wpb_column column_container vc_column_container col child_column has-animation no-extra-padding el_spacing_0px inherit_tablet inherit_phone\" data-cfc=\"true\"  data-padding-pos=\"all\" data-has-bg-color=\"false\" data-bg-color=\"\" data-bg-opacity=\"1\" data-animation=\"fade-in-from-bottom\" data-delay=\"650\" >\n\t\t<div class=\"vc_column-inner\" >\n\t\t<div class=\"wpb_wrapper\">\n\t\t\t<div class=\"nectar-cta  alignment_tablet_default alignment_phone_default display_tablet_inherit display_phone_inherit\" data-color=\"default\" data-using-bg=\"false\" data-display=\"block\" data-style=\"underline\" data-alignment=\"left\" data-text-color=\"custom\" style=\"margin-top: 30px; margin-bottom: 20px; \"><p style=\"color: #ffffff;\"> <span class=\"text\"> <\/span><span class=\"link_wrap\" style=\"padding-top: 18px; padding-bottom: 18px; \"><a  class=\"link_text\" style=\"border-color: #ffffff;\" href=\"#\">Ba\u015fvuru S\u00fcresi Bitti<\/a><\/span><\/p><\/div>\n\t\t<\/div> \n\t<\/div>\n\t<\/div> \n<\/div><\/div>\n\t\t\t<\/div> \n\t\t<\/div>\n\t<\/div> \n<\/div><\/div>\n\t\t<div id=\"fws_69ea55e2767ef\"  data-column-margin=\"default\" data-midnight=\"light\" data-top-percent=\"2%\" data-bottom-percent=\"2%\"  class=\"wpb_row vc_row-fluid vc_row full-width-section\"  style=\"padding-top: calc(100vw * 0.02); padding-bottom: calc(100vw * 0.02); \"><div class=\"row-bg-wrap\" data-bg-animation=\"none\" data-bg-overlay=\"false\"><div class=\"inner-wrap\"><div class=\"row-bg viewport-desktop using-bg-color\"  style=\"background-color: #3d3d3d; \"><\/div><\/div><\/div><div class=\"row_col_wrap_12 col span_12 light left\">\n\t<div  class=\"vc_col-sm-12 wpb_column column_container vc_column_container col has-animation no-extra-padding inherit_tablet inherit_phone\"  data-padding-pos=\"all\" data-has-bg-color=\"false\" data-bg-color=\"\" data-bg-opacity=\"1\" data-animation=\"fade-in-from-bottom\" data-delay=\"0\" >\n\t\t<div class=\"vc_column-inner\" >\n\t\t\t<div class=\"wpb_wrapper\">\n\t\t\t\t<h3 style=\"color: #46b884;text-align: left;font-family:Roboto;font-weight:900;font-style:normal\" class=\"vc_custom_heading\" >\u00d6nemli Bilgiler:<\/h3><div id=\"fws_69ea55e27694a\" data-midnight=\"\" data-column-margin=\"default\" class=\"wpb_row vc_row-fluid vc_row inner_row\"  style=\"\"><div class=\"row-bg-wrap\"> <div class=\"row-bg\" ><\/div> <\/div><div class=\"row_col_wrap_12_inner col span_12  left\">\n\t<div  class=\"vc_col-sm-12 wpb_column column_container vc_column_container col child_column has-animation no-extra-padding inherit_tablet inherit_phone\"   data-padding-pos=\"all\" data-has-bg-color=\"false\" data-bg-color=\"\" data-bg-opacity=\"1\" data-animation=\"fade-in-from-bottom\" data-delay=\"0\" >\n\t\t<div class=\"vc_column-inner\" >\n\t\t<div class=\"wpb_wrapper\">\n\t\t\t<div class=\"nectar-hor-list-item\" data-hover-effect=\"default\" data-br=\"0px\" data-font-family=\"h5\" data-color=\"accent-color\" data-columns=\"2\" data-column-layout=\"small_first\"><div class=\"nectar-list-item\" data-icon=\"true\" data-text-align=\"left\"><i class=\"item-icon fa fa-calendar\" data-size=\"regular\"><\/i>E\u011fitim Tarihleri<\/div><div class=\"nectar-list-item\" data-text-align=\"left\">22 ve 30 Ocak 2025 (teknik bilgi aktar\u0131m\u0131)\n* \u015eubat ay\u0131nda teknik saha ziyaretleri olacakt\u0131r.<\/div><\/div><div class=\"nectar-hor-list-item has-btn\" data-hover-effect=\"default\" data-br=\"0px\" data-font-family=\"h5\" data-color=\"accent-color\" data-columns=\"2\" data-column-layout=\"small_first\"><div class=\"nectar-list-item\" data-icon=\"true\" data-text-align=\"left\"><i class=\"item-icon fa fa-globe\" data-size=\"regular\"><\/i>Yer<\/div><div class=\"nectar-list-item\" data-text-align=\"left\">KT\u00d6S (yeni bina), Lefko\u015fa<a class=\"nectar-list-item-btn\" href=\"#\" >Harita<\/a><\/div><\/div><div class=\"nectar-hor-list-item\" data-hover-effect=\"default\" data-br=\"0px\" data-font-family=\"h5\" data-color=\"accent-color\" data-columns=\"2\" data-column-layout=\"small_first\"><div class=\"nectar-list-item\" data-icon=\"true\" data-text-align=\"left\"><i class=\"item-icon fa fa-calendar-o\" data-size=\"regular\"><\/i>Son Ba\u015fvuru Tarihi<\/div><div class=\"nectar-list-item\" data-text-align=\"left\">16 Ocak 2025<\/div><\/div><div class=\"nectar-hor-list-item\" data-hover-effect=\"default\" data-br=\"0px\" data-font-family=\"h5\" data-color=\"accent-color\" data-columns=\"2\" data-column-layout=\"small_first\"><div class=\"nectar-list-item\" data-icon=\"true\" data-text-align=\"left\"><i class=\"item-icon fa fa-book\" data-size=\"regular\"><\/i>Hedef Kat\u0131l\u0131mc\u0131lar<\/div><div class=\"nectar-list-item\" data-text-align=\"left\">\u00c7evre profesyonelleri<\/div><\/div><div class=\"nectar-hor-list-item\" data-hover-effect=\"default\" data-br=\"0px\" data-font-family=\"h5\" data-color=\"accent-color\" data-columns=\"2\" data-column-layout=\"small_first\"><div class=\"nectar-list-item\" data-icon=\"true\" data-text-align=\"left\"><i class=\"item-icon fa fa-phone\" data-size=\"regular\"><\/i>\u0130leti\u015fim<\/div><div class=\"nectar-list-item\" data-text-align=\"left\">+90 533 867 46 22   |   info@env4cyp.eu<\/div><\/div><div class=\"nectar-hor-list-item\" data-hover-effect=\"default\" data-br=\"0px\" data-font-family=\"h5\" data-color=\"accent-color\" data-columns=\"2\" data-column-layout=\"small_first\"><div class=\"nectar-list-item\" data-icon=\"true\" data-text-align=\"left\"><i class=\"item-icon fa fa-language\" data-size=\"regular\"><\/i>E\u011fitim Dili<\/div><div class=\"nectar-list-item\" data-text-align=\"left\">\u0130ngilizce (T\u00fcrk\u00e7e simultane \u00e7eviri sa\u011flanacakt\u0131r.)<\/div><\/div><div class=\"nectar-hor-list-item\" data-hover-effect=\"default\" data-br=\"0px\" data-font-family=\"h5\" data-color=\"accent-color\" data-columns=\"2\" data-column-layout=\"small_first\"><div class=\"nectar-list-item\" data-icon=\"true\" data-text-align=\"left\"><i class=\"item-icon fa fa-sticky-note-o\" data-size=\"regular\"><\/i>Not<\/div><div class=\"nectar-list-item\" data-text-align=\"left\">Kontenjan s\u0131n\u0131rl\u0131d\u0131r<\/div><\/div>\n\t\t<\/div> \n\t<\/div>\n\t<\/div> \n<\/div><\/div>\n\t\t\t<\/div> \n\t\t<\/div>\n\t<\/div> \n<\/div><\/div>\n\t\t<div id=\"fws_69ea55e276b2d\"  data-column-margin=\"default\" data-midnight=\"dark\" data-top-percent=\"5%\"  class=\"wpb_row vc_row-fluid vc_row\"  style=\"padding-top: calc(100vw * 0.05); padding-bottom: 0px; \"><div class=\"row-bg-wrap\" data-bg-animation=\"none\" data-bg-overlay=\"false\"><div class=\"inner-wrap\"><div class=\"row-bg viewport-desktop\"  style=\"\"><\/div><\/div><\/div><div class=\"row_col_wrap_12 col span_12 dark center\">\n\t<div  class=\"vc_col-sm-8 wpb_column column_container vc_column_container col no-extra-padding inherit_tablet inherit_phone\"  data-padding-pos=\"all\" data-has-bg-color=\"false\" data-bg-color=\"\" data-bg-opacity=\"1\" data-animation=\"\" data-delay=\"0\" >\n\t\t<div class=\"vc_column-inner\" >\n\t\t\t<div class=\"wpb_wrapper\">\n\t\t\t\t<h2 style=\"font-size: 18px;color: #46b884;text-align: left;font-family:Roboto;font-weight:900;font-style:normal\" class=\"vc_custom_heading vc_custom_1710113622707\" >Genel Bilgi<\/h2>\n<div class=\"wpb_text_column wpb_content_element\" >\n\t<div class=\"wpb_wrapper\">\n\t\t<div style=\"text-align: justify; text-justify: inter-word;\">\n<p>Bu e\u011fitim, paket at\u0131ksu ar\u0131tma tesislerinin tasar\u0131m, i\u015fletme ve denetim a\u015famalar\u0131nda g\u00f6rev alan m\u00fchendis ve \u00e7evre profesyonellerinin kapasitelerini g\u00fc\u00e7lendirmeyi hedeflemektedir. Toplam 4 (d\u00f6rt) g\u00fcn olarak tasarlanan e\u011fitimde yasal mevzuat, farkl\u0131 ar\u0131tma teknolojileri, detayl\u0131 denetim plan\u0131 olu\u015fturma ve y\u00fcr\u00fctme hakk\u0131nda teknik bilgi aktar\u0131m\u0131 ve saha gezileri olacakt\u0131r. Kat\u0131l\u0131mc\u0131lara sertifika takdim edilecektir.<\/p>\n<\/div>\n\t<\/div>\n<\/div>\n\n\n\n\n\t\t\t<\/div> \n\t\t<\/div>\n\t<\/div> \n\n\t<div  class=\"vc_col-sm-4 wpb_column column_container vc_column_container col no-extra-padding inherit_tablet inherit_phone\"  data-padding-pos=\"bottom\" data-has-bg-color=\"false\" data-bg-color=\"\" data-bg-opacity=\"1\" data-animation=\"\" data-delay=\"0\" >\n\t\t<div class=\"vc_column-inner\" >\n\t\t\t<div class=\"wpb_wrapper\">\n\t\t\t\t<div class=\"nectar-fancy-box   vc_custom_1736456152454\" data-style=\"color_box_hover\" data-animation=\"\" data-hover-o=\"default\" data-border-radius=\"default\" data-border=\"true\" data-box-color-opacity=\"1\" data-delay=\"\" data-alignment=\"center\" data-color=\"accent-color\" ><div class=\"box-inner-wrap\"><div class=\"box-bg\" ><\/div> <div class=\"inner\" style=\"min-height: 120px\"><div class=\"inner-wrap\"><i class=\"icon-default-style fa fa-rss\" data-color=\"accent-color\" style=\"font-size: 56px!important; line-height: 56px!important;\"><\/i>\n<h5>Paket At\u0131k Su Ar\u0131tma Tesisleri Tasar\u0131m ve Denetim E\u011fitimi<\/h5>\n<\/div><\/div>  <\/div> <\/div><div class=\"nectar-fancy-box   vc_custom_1737366315944\" data-style=\"color_box_hover\" data-animation=\"\" data-hover-o=\"default\" data-border-radius=\"default\" data-border=\"true\" data-box-color-opacity=\"1\" data-delay=\"\" data-alignment=\"center\" data-color=\"accent-color\" ><div class=\"box-inner-wrap\"><div class=\"box-bg\" ><\/div> <div class=\"inner\" style=\"min-height: 120px\"><div class=\"inner-wrap\"><i class=\"icon-default-style fa fa-calendar\" data-color=\"accent-color\" style=\"font-size: 56px!important; line-height: 56px!important;\"><\/i>\n<h5>Ba\u015fvuru S\u00fcresi Bitti<\/h5>\n<\/div><\/div>  <a  href=\"#\" class=\"box-link\"><\/a><\/div> <\/div>\n\t\t\t<\/div> \n\t\t<\/div>\n\t<\/div> \n<\/div><\/div>","protected":false},"excerpt":{"rendered":"Design and Inspection Trainingfor Package Wastewater Treatment Facilities The pollution rate of our surface, underground and sea waters is increasing every year with negative effects...","protected":false},"author":2,"featured_media":0,"parent":0,"menu_order":0,"comment_status":"closed","ping_status":"closed","template":"","meta":{"_view_id":"","footnotes":""},"class_list":["post-9655","page","type-page","status-publish"],"_links":{"self":[{"href":"https:\/\/env4cyp.eu\/tr\/wp-json\/wp\/v2\/pages\/9655","targetHints":{"allow":["GET"]}}],"collection":[{"href":"https:\/\/env4cyp.eu\/tr\/wp-json\/wp\/v2\/pages"}],"about":[{"href":"https:\/\/env4cyp.eu\/tr\/wp-json\/wp\/v2\/types\/page"}],"author":[{"embeddable":true,"href":"https:\/\/env4cyp.eu\/tr\/wp-json\/wp\/v2\/users\/2"}],"replies":[{"embeddable":true,"href":"https:\/\/env4cyp.eu\/tr\/wp-json\/wp\/v2\/comments?post=9655"}],"version-history":[{"count":23,"href":"https:\/\/env4cyp.eu\/tr\/wp-json\/wp\/v2\/pages\/9655\/revisions"}],"predecessor-version":[{"id":9762,"href":"https:\/\/env4cyp.eu\/tr\/wp-json\/wp\/v2\/pages\/9655\/revisions\/9762"}],"wp:attachment":[{"href":"https:\/\/env4cyp.eu\/tr\/wp-json\/wp\/v2\/media?parent=9655"}],"curies":[{"name":"wp","href":"https:\/\/api.w.org\/{rel}","templated":true}]}}