{"id":8280,"date":"2024-08-13T00:24:30","date_gmt":"2024-08-12T21:24:30","guid":{"rendered":"https:\/\/env4cyp.eu\/?page_id=8280"},"modified":"2025-07-28T13:53:31","modified_gmt":"2025-07-28T10:53:31","slug":"trainings","status":"publish","type":"page","link":"https:\/\/env4cyp.eu\/tr\/trainings\/","title":{"rendered":"E\u011fitimler"},"content":{"rendered":"<div id=\"fws_69ea55e254db2\"  data-column-margin=\"default\" data-midnight=\"dark\"  class=\"wpb_row vc_row-fluid vc_row\"  style=\"padding-top: 0px; padding-bottom: 0px; \"><div class=\"row-bg-wrap\" data-bg-animation=\"none\" data-bg-overlay=\"false\"><div class=\"inner-wrap\"><div class=\"row-bg viewport-desktop\"  style=\"\"><\/div><\/div><\/div><div class=\"row_col_wrap_12 col span_12 dark left\">\n\t<div  class=\"vc_col-sm-12 wpb_column column_container vc_column_container col no-extra-padding inherit_tablet inherit_phone\"  data-padding-pos=\"all\" data-has-bg-color=\"false\" data-bg-color=\"\" data-bg-opacity=\"1\" data-animation=\"\" data-delay=\"0\" >\n\t\t<div class=\"vc_column-inner\" >\n\t\t\t<div class=\"wpb_wrapper\">\n\t\t\t\t\n<div class=\"wpb_text_column wpb_content_element\" >\n\t<div class=\"wpb_wrapper\">\n\t\t<h4 style=\"font-family: Roboto; text-align: center; font-size: 38px; line-height: 1;\">Yakla\u015fan E\u011fitimler<\/h4>\n\t<\/div>\n<\/div>\n\n\n\n\n\t\t\t<\/div> \n\t\t<\/div>\n\t<\/div> \n<\/div><\/div>\n\t\t<div id=\"services\"  data-column-margin=\"none\" data-midnight=\"dark\"  class=\"wpb_row vc_row-fluid vc_row\"  style=\"padding-top: 0px; padding-bottom: 0px; \"><div class=\"row-bg-wrap\" data-bg-animation=\"none\" data-bg-overlay=\"false\"><div class=\"inner-wrap\"><div class=\"row-bg viewport-desktop\"  style=\"\"><\/div><\/div><\/div><div class=\"row_col_wrap_12 col span_12 dark left\">\n\t<div  class=\"vc_col-sm-3 wpb_column column_container vc_column_container col padding-1-percent inherit_tablet inherit_phone\"  data-padding-pos=\"all\" data-has-bg-color=\"false\" data-bg-color=\"\" data-bg-opacity=\"1\" data-animation=\"\" data-delay=\"0\" >\n\t\t<div class=\"vc_column-inner\" >\n\t\t\t<div class=\"wpb_wrapper\">\n\t\t\t\t\n\t\t\t<\/div> \n\t\t<\/div>\n\t<\/div> \n\n\t<div  class=\"vc_col-sm-3 wpb_column column_container vc_column_container col padding-1-percent inherit_tablet inherit_phone\"  data-padding-pos=\"all\" data-has-bg-color=\"false\" data-bg-color=\"\" data-bg-opacity=\"1\" data-animation=\"\" data-delay=\"0\" >\n\t\t<div class=\"vc_column-inner\" >\n\t\t\t<div class=\"wpb_wrapper\">\n\t\t\t\t\n\t\t\t<\/div> \n\t\t<\/div>\n\t<\/div> \n\n\t<div  class=\"vc_col-sm-3 wpb_column column_container vc_column_container col padding-1-percent inherit_tablet inherit_phone\"  data-padding-pos=\"all\" data-has-bg-color=\"false\" data-bg-color=\"\" data-bg-opacity=\"1\" data-animation=\"\" data-delay=\"0\" >\n\t\t<div class=\"vc_column-inner\" >\n\t\t\t<div class=\"wpb_wrapper\">\n\t\t\t\t\n\t\t\t<\/div> \n\t\t<\/div>\n\t<\/div> \n\n\t<div  class=\"vc_col-sm-3 wpb_column column_container vc_column_container col padding-1-percent inherit_tablet inherit_phone\"  data-padding-pos=\"all\" data-has-bg-color=\"false\" data-bg-color=\"\" data-bg-opacity=\"1\" data-animation=\"\" data-delay=\"0\" >\n\t\t<div class=\"vc_column-inner\" >\n\t\t\t<div class=\"wpb_wrapper\">\n\t\t\t\t\n\t\t\t<\/div> \n\t\t<\/div>\n\t<\/div> \n<\/div><\/div>\n\t\t<div id=\"fws_69ea55e25519c\"  data-column-margin=\"default\" data-midnight=\"dark\"  class=\"wpb_row vc_row-fluid vc_row\"  style=\"padding-top: 50px; padding-bottom: 0px; \"><div class=\"row-bg-wrap\" data-bg-animation=\"none\" data-bg-overlay=\"false\"><div class=\"inner-wrap\"><div class=\"row-bg viewport-desktop\"  style=\"\"><\/div><\/div><\/div><div class=\"row_col_wrap_12 col span_12 dark left\">\n\t<div  class=\"vc_col-sm-12 wpb_column column_container vc_column_container col no-extra-padding inherit_tablet inherit_phone\"  data-padding-pos=\"all\" data-has-bg-color=\"false\" data-bg-color=\"\" data-bg-opacity=\"1\" data-animation=\"\" data-delay=\"0\" >\n\t\t<div class=\"vc_column-inner\" >\n\t\t\t<div class=\"wpb_wrapper\">\n\t\t\t\t\n<div class=\"wpb_text_column wpb_content_element\" >\n\t<div class=\"wpb_wrapper\">\n\t\t<h4 style=\"font-family: Roboto; text-align: center; font-size: 38px;\">Ge\u00e7mi\u015f E\u011fitimler<\/h4>\n\t<\/div>\n<\/div>\n\n\n\n\n\t\t\t<\/div> \n\t\t<\/div>\n\t<\/div> \n<\/div><\/div>\n\t\t<div id=\"services\"  data-column-margin=\"none\" data-midnight=\"dark\"  class=\"wpb_row vc_row-fluid vc_row\"  style=\"padding-top: 0px; padding-bottom: 0px; \"><div class=\"row-bg-wrap\" data-bg-animation=\"none\" data-bg-overlay=\"false\"><div class=\"inner-wrap\"><div class=\"row-bg viewport-desktop\"  style=\"\"><\/div><\/div><\/div><div class=\"row_col_wrap_12 col span_12 dark left\">\n\t<div  class=\"vc_col-sm-3 wpb_column column_container vc_column_container col padding-1-percent inherit_tablet inherit_phone\"  data-padding-pos=\"all\" data-has-bg-color=\"false\" data-bg-color=\"\" data-bg-opacity=\"1\" data-animation=\"\" data-delay=\"0\" >\n\t\t<div class=\"vc_column-inner\" >\n\t\t\t<div class=\"wpb_wrapper\">\n\t\t\t\t<div class=\"nectar-fancy-box using-img\" style=\"min-height: 300px\" data-style=\"hover_desc\" data-border-radius=\"default\" data-animation=\"\" data-bg-animation=\"long_zoom\" data-border=\"\" data-delay=\"\" data-alignment=\"left\" data-color=\"accent-color\" ><div class=\"box-bg\"  data-nectar-img-src=\"https:\/\/env4cyp.eu\/wp-content\/uploads\/Single-Use-Plastic-Kare.png\"><\/div><div class=\"inner\"><div class=\"heading-wrap\">&nbsp;<\/p>\n<h4>Hizmet Sekt\u00f6r\u00fcnde Tek\nKullan\u0131ml\u0131k Plastikleri Ve G\u0131da At\u0131\u011f\u0131n\u0131 Azaltman\u0131n\nYollar\u0131n\u0131 Birlikte \u00d6\u011frenelim At\u00f6lye \u00c7al\u0131\u015fmas\u0131<\/h4>\n<\/div><div class=\"hover-content\">Uygulanabilir y\u00f6ntemleri \u00f6\u011frenin, \u00e7evre dostu alternatifler hakk\u0131nda bilgi edinin, ve hem \u00e7evreye hem de i\u015fletmenize fayda sa\u011flayacak stratejileri geli\u015ftirin.<\/p>\n<p>Ba\u015fvuru S\u00fcresi Bitti<\/div><\/div>  <a target=\"_blank\" href=\"https:\/\/env4cyp.eu\/tr\/training-13\/\" class=\"box-link\"><\/a> <\/div>\n\t\t\t<\/div> \n\t\t<\/div>\n\t<\/div> \n\n\t<div  class=\"vc_col-sm-3 wpb_column column_container vc_column_container col padding-1-percent inherit_tablet inherit_phone\"  data-padding-pos=\"all\" data-has-bg-color=\"false\" data-bg-color=\"\" data-bg-opacity=\"1\" data-animation=\"\" data-delay=\"0\" >\n\t\t<div class=\"vc_column-inner\" >\n\t\t\t<div class=\"wpb_wrapper\">\n\t\t\t\t<div class=\"nectar-fancy-box using-img\" style=\"min-height: 300px\" data-style=\"hover_desc\" data-border-radius=\"default\" data-animation=\"\" data-bg-animation=\"long_zoom\" data-border=\"\" data-delay=\"\" data-alignment=\"left\" data-color=\"accent-color\" ><div class=\"box-bg\"  data-nectar-img-src=\"https:\/\/env4cyp.eu\/wp-content\/uploads\/organics-kare-banner.jpg\"><\/div><div class=\"inner\"><div class=\"heading-wrap\">&nbsp;<\/p>\n<h4>Ar\u0131tma \u00c7amuru ve Ye\u015fil At\u0131klardan G\u00fcbre \u00dcretimi E\u011fitimi<\/h4>\n<\/div><div class=\"hover-content\">\u00c7evre Profesyonellerine Y\u00f6nelik D\u00f6ng\u00fcsel At\u0131k Y\u00f6netimi E\u011fitimine Kat\u0131l\u0131n. Uzmanlardan \u00f6\u011frenin. Saha ziyaretlerine kat\u0131l\u0131n. K\u0131br\u0131s\u2019\u0131n iklim adaptasyonuna katk\u0131da bulunun.<\/p>\n<p>Ba\u015fvuru S\u00fcresi Bitti<\/div><\/div>  <a target=\"_blank\" href=\"https:\/\/env4cyp.eu\/tr\/training-14\/\" class=\"box-link\"><\/a> <\/div>\n\t\t\t<\/div> \n\t\t<\/div>\n\t<\/div> \n\n\t<div  class=\"vc_col-sm-3 wpb_column column_container vc_column_container col padding-1-percent inherit_tablet inherit_phone\"  data-padding-pos=\"all\" data-has-bg-color=\"false\" data-bg-color=\"\" data-bg-opacity=\"1\" data-animation=\"\" data-delay=\"0\" >\n\t\t<div class=\"vc_column-inner\" >\n\t\t\t<div class=\"wpb_wrapper\">\n\t\t\t\t<div class=\"nectar-fancy-box using-img\" style=\"min-height: 300px\" data-style=\"hover_desc\" data-border-radius=\"default\" data-animation=\"\" data-bg-animation=\"long_zoom\" data-border=\"\" data-delay=\"\" data-alignment=\"left\" data-color=\"accent-color\" ><div class=\"box-bg\"  data-nectar-img-src=\"https:\/\/env4cyp.eu\/wp-content\/uploads\/asad.jpg\"><\/div><div class=\"inner\"><div class=\"heading-wrap\">&nbsp;<\/p>\n<h4>\u0130klime Dayan\u0131kl\u0131 Peyzaj E\u011fitimi<\/h4>\n<\/div><div class=\"hover-content\">Bu e\u011fitim becerilerinizi geli\u015ftirmek, \u00e7evre uzmanlar\u0131yla ba\u011flant\u0131 kurmak ve K\u0131br\u0131s'\u0131n ikliminde s\u00fcrd\u00fcr\u00fclebilir peyzaj \u00e7\u00f6z\u00fcmleri hakk\u0131nda kendinizi geli\u015ftirmek i\u00e7in harika bir f\u0131rsat!<br \/>\nBa\u015fvuru S\u00fcresi Bitti<\/div><\/div>  <a target=\"_blank\" href=\"https:\/\/env4cyp.eu\/tr\/training-12\/\" class=\"box-link\"><\/a> <\/div>\n\t\t\t<\/div> \n\t\t<\/div>\n\t<\/div> \n\n\t<div  class=\"vc_col-sm-3 wpb_column column_container vc_column_container col padding-1-percent inherit_tablet inherit_phone\"  data-padding-pos=\"all\" data-has-bg-color=\"false\" data-bg-color=\"\" data-bg-opacity=\"1\" data-animation=\"\" data-delay=\"0\" >\n\t\t<div class=\"vc_column-inner\" >\n\t\t\t<div class=\"wpb_wrapper\">\n\t\t\t\t<div class=\"nectar-fancy-box using-img\" style=\"min-height: 300px\" data-style=\"hover_desc\" data-border-radius=\"default\" data-animation=\"\" data-bg-animation=\"long_zoom\" data-border=\"\" data-delay=\"\" data-alignment=\"left\" data-color=\"accent-color\" ><div class=\"box-bg\"  data-nectar-img-src=\"https:\/\/env4cyp.eu\/wp-content\/uploads\/Mert-Gardiyanoglu-Photography-DEC-11-UNDP-9051.jpg\"><\/div><div class=\"inner\"><div class=\"heading-wrap\">&nbsp;<\/p>\n<h4>S\u00fcrd\u00fcr\u00fclebilir Ormanc\u0131l\u0131k Uygulamalar\u0131 \u00c7al\u0131\u015ftay\u0131<\/h4>\n<\/div><div class=\"hover-content\">Bu \u00f6zel e\u011fitime kat\u0131l\u0131n ve S\u00fcrd\u00fcr\u00fclebilir Ormanc\u0131l\u0131k Uygulamalar\u0131 hakk\u0131ndaki yetkinliklerinizi art\u0131r\u0131n!<br \/>\nBa\u015fvuru S\u00fcresi Bitti<\/div><\/div>  <a target=\"_blank\" href=\"https:\/\/env4cyp.eu\/tr\/training-11\/\" class=\"box-link\"><\/a> <\/div>\n\t\t\t<\/div> \n\t\t<\/div>\n\t<\/div> \n<\/div><\/div>\n\t\t<div id=\"services\"  data-column-margin=\"none\" data-midnight=\"dark\"  class=\"wpb_row vc_row-fluid vc_row\"  style=\"padding-top: 0px; padding-bottom: 0px; \"><div class=\"row-bg-wrap\" data-bg-animation=\"none\" data-bg-overlay=\"false\"><div class=\"inner-wrap\"><div class=\"row-bg viewport-desktop\"  style=\"\"><\/div><\/div><\/div><div class=\"row_col_wrap_12 col span_12 dark left\">\n\t<div  class=\"vc_col-sm-3 wpb_column column_container vc_column_container col padding-1-percent inherit_tablet inherit_phone\"  data-padding-pos=\"all\" data-has-bg-color=\"false\" data-bg-color=\"\" data-bg-opacity=\"1\" data-animation=\"\" data-delay=\"0\" >\n\t\t<div class=\"vc_column-inner\" >\n\t\t\t<div class=\"wpb_wrapper\">\n\t\t\t\t<div class=\"nectar-fancy-box using-img\" style=\"min-height: 300px\" data-style=\"hover_desc\" data-border-radius=\"default\" data-animation=\"\" data-bg-animation=\"long_zoom\" data-border=\"\" data-delay=\"\" data-alignment=\"left\" data-color=\"accent-color\" ><div class=\"box-bg\"  data-nectar-img-src=\"https:\/\/env4cyp.eu\/wp-content\/uploads\/organizacion-internacional-normalizacion-iso-14001-diferentes-iconos-virtuales-sobre-fondo-verde-borroso-scaled-1.jpg\"><\/div><div class=\"inner\"><div class=\"heading-wrap\">&nbsp;<\/p>\n<h4>Ba\u015f Denet\u00e7i E\u011fitimi \u00c7evre Y\u00f6netim Sistemleri EMS4<\/h4>\n<\/div><div class=\"hover-content\">ISO 14001 Ba\u015f Denet\u00e7i E\u011fitimi Girne\u2019de<\/p>\n<p>Ba\u015fvuru S\u00fcresi Bitti<\/div><\/div>  <a target=\"_blank\" href=\"https:\/\/env4cyp.eu\/tr\/training10\/\" class=\"box-link\"><\/a> <\/div>\n\t\t\t<\/div> \n\t\t<\/div>\n\t<\/div> \n\n\t<div  class=\"vc_col-sm-3 wpb_column column_container vc_column_container col padding-1-percent inherit_tablet inherit_phone\"  data-padding-pos=\"all\" data-has-bg-color=\"false\" data-bg-color=\"\" data-bg-opacity=\"1\" data-animation=\"\" data-delay=\"0\" >\n\t\t<div class=\"vc_column-inner\" >\n\t\t\t<div class=\"wpb_wrapper\">\n\t\t\t\t<div class=\"nectar-fancy-box using-img\" style=\"min-height: 300px\" data-style=\"hover_desc\" data-border-radius=\"default\" data-animation=\"\" data-bg-animation=\"long_zoom\" data-border=\"\" data-delay=\"\" data-alignment=\"left\" data-color=\"accent-color\" ><div class=\"box-bg\"  data-nectar-img-src=\"https:\/\/env4cyp.eu\/wp-content\/uploads\/ECBFeb24-18522.jpg\"><\/div><div class=\"inner\"><div class=\"heading-wrap\">&nbsp;<\/p>\n<h4>Paket At\u0131k Su Ar\u0131tma Tesisleri Tasar\u0131m ve Denetim E\u011fitimi<\/h4>\n<\/div><div class=\"hover-content\">Paket At\u0131k Su Ar\u0131tma Tesisleri Tasar\u0131m ve Denetim E\u011fitimi Lefko\u015fa'da<br \/>\nBa\u015fvuru S\u00fcresi Bitti<\/div><\/div>  <a target=\"_blank\" href=\"https:\/\/env4cyp.eu\/tr\/training-9\/\" class=\"box-link\"><\/a> <\/div>\n\t\t\t<\/div> \n\t\t<\/div>\n\t<\/div> \n\n\t<div  class=\"vc_col-sm-3 wpb_column column_container vc_column_container col padding-1-percent inherit_tablet inherit_phone\"  data-padding-pos=\"all\" data-has-bg-color=\"false\" data-bg-color=\"\" data-bg-opacity=\"1\" data-animation=\"\" data-delay=\"0\" >\n\t\t<div class=\"vc_column-inner\" >\n\t\t\t<div class=\"wpb_wrapper\">\n\t\t\t\t<div class=\"nectar-fancy-box using-img\" style=\"min-height: 300px\" data-style=\"hover_desc\" data-border-radius=\"default\" data-animation=\"\" data-bg-animation=\"long_zoom\" data-border=\"\" data-delay=\"\" data-alignment=\"left\" data-color=\"accent-color\" ><div class=\"box-bg\"  data-nectar-img-src=\"https:\/\/env4cyp.eu\/wp-content\/uploads\/2024\/12\/EMS3-Banner.jpg\"><\/div><div class=\"inner\"><div class=\"heading-wrap\">\n<h4>\u0130\u00e7 Denetmenlik E\u011fitimi\u00a0EMS3<\/h4>\n<\/div><div class=\"hover-content\">KOB\u0130\u2019ler i\u00e7in Verimlilik ve \u0130novasyon F\u0131rsatlar\u0131: \u00c7evre Y\u00f6netim Sistemleri\u00a0(EMS3)\u00a0Girne\u2019de <br><br \/>\nBa\u015fvuru S\u00fcresi Bitti<\/div><\/div>  <a target=\"_blank\" href=\"https:\/\/env4cyp.eu\/tr\/training-8\/\" class=\"box-link\"><\/a> <\/div>\n\t\t\t<\/div> \n\t\t<\/div>\n\t<\/div> \n\n\t<div  class=\"vc_col-sm-3 wpb_column column_container vc_column_container col padding-1-percent inherit_tablet inherit_phone\"  data-padding-pos=\"all\" data-has-bg-color=\"false\" data-bg-color=\"\" data-bg-opacity=\"1\" data-animation=\"\" data-delay=\"0\" >\n\t\t<div class=\"vc_column-inner\" >\n\t\t\t<div class=\"wpb_wrapper\">\n\t\t\t\t<div class=\"nectar-fancy-box using-img\" style=\"min-height: 300px\" data-style=\"hover_desc\" data-border-radius=\"default\" data-animation=\"\" data-bg-animation=\"long_zoom\" data-border=\"\" data-delay=\"\" data-alignment=\"left\" data-color=\"accent-color\" ><div class=\"box-bg\"  data-nectar-img-src=\"https:\/\/env4cyp.eu\/wp-content\/uploads\/2024\/08\/m2c_2_at_eworld_sito.png\"><\/div><div class=\"inner\"><div class=\"heading-wrap\">\n<h4>Bilgi G\u00fc\u00e7t\u00fcr III<\/h4>\n<\/div><div class=\"hover-content\">Veri Analiti\u011fi E\u011fitimi (EI3) Trikomo\/\u0130skele\u2019de.<br \/>\nBa\u015fvuru S\u00fcresi Bitti<\/div><\/div>  <a target=\"_blank\" href=\"https:\/\/env4cyp.eu\/tr\/training-6\/\" class=\"box-link\"><\/a> <\/div>\n\t\t\t<\/div> \n\t\t<\/div>\n\t<\/div> \n<\/div><\/div>\n\t\t<div id=\"services\"  data-column-margin=\"none\" data-midnight=\"dark\"  class=\"wpb_row vc_row-fluid vc_row\"  style=\"padding-top: 0px; padding-bottom: 0px; \"><div class=\"row-bg-wrap\" data-bg-animation=\"none\" data-bg-overlay=\"false\"><div class=\"inner-wrap\"><div class=\"row-bg viewport-desktop\"  style=\"\"><\/div><\/div><\/div><div class=\"row_col_wrap_12 col span_12 dark left\">\n\t<div  class=\"vc_col-sm-3 wpb_column column_container vc_column_container col padding-1-percent inherit_tablet inherit_phone\"  data-padding-pos=\"all\" data-has-bg-color=\"false\" data-bg-color=\"\" data-bg-opacity=\"1\" data-animation=\"\" data-delay=\"0\" >\n\t\t<div class=\"vc_column-inner\" >\n\t\t\t<div class=\"wpb_wrapper\">\n\t\t\t\t<div class=\"nectar-fancy-box using-img\" style=\"min-height: 300px\" data-style=\"hover_desc\" data-border-radius=\"default\" data-animation=\"\" data-bg-animation=\"long_zoom\" data-border=\"\" data-delay=\"\" data-alignment=\"left\" data-color=\"accent-color\" ><div class=\"box-bg\"  data-nectar-img-src=\"https:\/\/env4cyp.eu\/wp-content\/uploads\/2024\/09\/2974b816-490a-4d06-b2cc-dc6d665db212.jpg\"><\/div><div class=\"inner\"><div class=\"heading-wrap\">\n<h4>Bilgi G\u00fc\u00e7t\u00fcr IV<\/h4>\n<\/div><div class=\"hover-content\">Veri Analiti\u011fi E\u011fitimi (EI4 \u2013 \u00c7evre Y\u00f6netiminde GIS Kullan\u0131m\u0131) Lefko\u015fa'da<br \/>\nBa\u015fvuru S\u00fcresi Bitti<\/div><\/div>  <a target=\"_blank\" href=\"https:\/\/env4cyp.eu\/tr\/training-7\/\" class=\"box-link\"><\/a> <\/div>\n\t\t\t<\/div> \n\t\t<\/div>\n\t<\/div> \n\n\t<div  class=\"vc_col-sm-3 wpb_column column_container vc_column_container col padding-1-percent inherit_tablet inherit_phone\"  data-padding-pos=\"all\" data-has-bg-color=\"false\" data-bg-color=\"\" data-bg-opacity=\"1\" data-animation=\"\" data-delay=\"0\" >\n\t\t<div class=\"vc_column-inner\" >\n\t\t\t<div class=\"wpb_wrapper\">\n\t\t\t\t<div class=\"nectar-fancy-box using-img\" style=\"min-height: 300px\" data-style=\"hover_desc\" data-border-radius=\"default\" data-animation=\"\" data-bg-animation=\"long_zoom\" data-border=\"\" data-delay=\"\" data-alignment=\"left\" data-color=\"accent-color\" ><div class=\"box-bg\"  data-nectar-img-src=\"https:\/\/env4cyp.eu\/wp-content\/uploads\/2024\/07\/Training_3_foto-1.jpg\"><\/div><div class=\"inner\"><div class=\"heading-wrap\">\n<h4>Bilgi G\u00fc\u00e7t\u00fcr II<\/h4>\n<\/div><div class=\"hover-content\">Veri Analiti\u011fi E\u011fitimi (EI2) <br><br \/>\nBa\u015fvuru S\u00fcresi Bitti<\/div><\/div>  <a  href=\"https:\/\/env4cyp.eu\/tr\/training-3\/\" class=\"box-link\"><\/a> <\/div>\n\t\t\t<\/div> \n\t\t<\/div>\n\t<\/div> \n\n\t<div  class=\"vc_col-sm-3 wpb_column column_container vc_column_container col padding-1-percent inherit_tablet inherit_phone\"  data-padding-pos=\"all\" data-has-bg-color=\"false\" data-bg-color=\"\" data-bg-opacity=\"1\" data-animation=\"\" data-delay=\"0\" >\n\t\t<div class=\"vc_column-inner\" >\n\t\t\t<div class=\"wpb_wrapper\">\n\t\t\t\t<div class=\"nectar-fancy-box using-img\" style=\"min-height: 300px\" data-style=\"hover_desc\" data-border-radius=\"default\" data-animation=\"\" data-bg-animation=\"long_zoom\" data-border=\"\" data-delay=\"\" data-alignment=\"left\" data-color=\"accent-color\" ><div class=\"box-bg\"  data-nectar-img-src=\"https:\/\/env4cyp.eu\/wp-content\/uploads\/2024\/07\/Training_2_-_foto.jpg\"><\/div><div class=\"inner\"><div class=\"heading-wrap\">\n<h4>KOB\u0130\u2019ler i\u00e7in Verimlilik ve \u0130novasyon F\u0131rsatlar\u0131<\/h4>\n<\/div><div class=\"hover-content\">\u00c7evre Y\u00f6netim Sistemleri (EMS1)<br> \u0130\u00e7 Denetmenlik E\u011fitimi<br \/>\nBa\u015fvuru S\u00fcresi Bitti<\/div><\/div>  <a  href=\"https:\/\/env4cyp.eu\/tr\/training-2\/\" class=\"box-link\"><\/a> <\/div>\n\t\t\t<\/div> \n\t\t<\/div>\n\t<\/div> \n\n\t<div  class=\"vc_col-sm-3 wpb_column column_container vc_column_container col padding-1-percent inherit_tablet inherit_phone\"  data-padding-pos=\"all\" data-has-bg-color=\"false\" data-bg-color=\"\" data-bg-opacity=\"1\" data-animation=\"\" data-delay=\"0\" >\n\t\t<div class=\"vc_column-inner\" >\n\t\t\t<div class=\"wpb_wrapper\">\n\t\t\t\t<div class=\"nectar-fancy-box using-img\" style=\"min-height: 300px\" data-style=\"hover_desc\" data-border-radius=\"default\" data-animation=\"\" data-bg-animation=\"long_zoom\" data-border=\"\" data-delay=\"\" data-alignment=\"left\" data-color=\"accent-color\" ><div class=\"box-bg\"  data-nectar-img-src=\"https:\/\/env4cyp.eu\/wp-content\/uploads\/2024\/07\/Traning_1_foto.jpg\"><\/div><div class=\"inner\"><div class=\"heading-wrap\">\n<h4>Bilgi G\u00fc\u00e7t\u00fcr I<\/h4>\n<\/div><div class=\"hover-content\">Veri Analiti\u011fi E\u011fitimi (EI1)<br \/>\nBa\u015fvuru S\u00fcresi Bitti<\/div><\/div>  <a  href=\"https:\/\/env4cyp.eu\/tr\/training-1\/\" class=\"box-link\"><\/a> <\/div>\n\t\t\t<\/div> \n\t\t<\/div>\n\t<\/div> \n<\/div><\/div>\n\t\t<div id=\"services\"  data-column-margin=\"none\" data-midnight=\"dark\"  class=\"wpb_row vc_row-fluid vc_row\"  style=\"padding-top: 0px; padding-bottom: 0px; \"><div class=\"row-bg-wrap\" data-bg-animation=\"none\" data-bg-overlay=\"false\"><div class=\"inner-wrap\"><div class=\"row-bg viewport-desktop\"  style=\"\"><\/div><\/div><\/div><div class=\"row_col_wrap_12 col span_12 dark left\">\n\t<div  class=\"vc_col-sm-3 wpb_column column_container vc_column_container col padding-1-percent inherit_tablet inherit_phone\"  data-padding-pos=\"all\" data-has-bg-color=\"false\" data-bg-color=\"\" data-bg-opacity=\"1\" data-animation=\"\" data-delay=\"0\" >\n\t\t<div class=\"vc_column-inner\" >\n\t\t\t<div class=\"wpb_wrapper\">\n\t\t\t\t<div class=\"nectar-fancy-box using-img\" style=\"min-height: 300px\" data-style=\"hover_desc\" data-border-radius=\"default\" data-animation=\"\" data-bg-animation=\"long_zoom\" data-border=\"\" data-delay=\"\" data-alignment=\"left\" data-color=\"accent-color\" ><div class=\"box-bg\"  data-nectar-img-src=\"https:\/\/env4cyp.eu\/wp-content\/uploads\/2024\/07\/ems2-1.jpg\"><\/div><div class=\"inner\"><div class=\"heading-wrap\">\n<h4>Ba\u015f Denet\u00e7i E\u011fitimi<\/h4>\n<\/div><div class=\"hover-content\">\u00c7evre Y\u00f6netim Sistemleri <br>EMS 2<br \/>\nBa\u015fvuru S\u00fcresi Bitti<\/div><\/div>  <a  href=\"https:\/\/env4cyp.eu\/tr\/training-4\/\" class=\"box-link\"><\/a> <\/div>\n\t\t\t<\/div> \n\t\t<\/div>\n\t<\/div> \n\n\t<div  class=\"vc_col-sm-3 wpb_column column_container vc_column_container col padding-1-percent inherit_tablet inherit_phone\"  data-padding-pos=\"all\" data-has-bg-color=\"false\" data-bg-color=\"\" data-bg-opacity=\"1\" data-animation=\"\" data-delay=\"0\" >\n\t\t<div class=\"vc_column-inner\" >\n\t\t\t<div class=\"wpb_wrapper\">\n\t\t\t\t\n\t\t\t<\/div> \n\t\t<\/div>\n\t<\/div> \n\n\t<div  class=\"vc_col-sm-3 wpb_column column_container vc_column_container col padding-1-percent inherit_tablet inherit_phone\"  data-padding-pos=\"all\" data-has-bg-color=\"false\" data-bg-color=\"\" data-bg-opacity=\"1\" data-animation=\"\" data-delay=\"0\" >\n\t\t<div class=\"vc_column-inner\" >\n\t\t\t<div class=\"wpb_wrapper\">\n\t\t\t\t\n\t\t\t<\/div> \n\t\t<\/div>\n\t<\/div> \n\n\t<div  class=\"vc_col-sm-3 wpb_column column_container vc_column_container col padding-1-percent inherit_tablet inherit_phone\"  data-padding-pos=\"all\" data-has-bg-color=\"false\" data-bg-color=\"\" data-bg-opacity=\"1\" data-animation=\"\" data-delay=\"0\" >\n\t\t<div class=\"vc_column-inner\" >\n\t\t\t<div class=\"wpb_wrapper\">\n\t\t\t\t\n\t\t\t<\/div> \n\t\t<\/div>\n\t<\/div> \n<\/div><\/div>","protected":false},"excerpt":{"rendered":"Upcoming Trainings Past Trainings &nbsp; Reducing Single-Use Plastics and Food Waste in the Hospitality Sector Workshop Learn practical tools, explore alternative materials, and co-develop strategies...","protected":false},"author":1,"featured_media":0,"parent":0,"menu_order":0,"comment_status":"closed","ping_status":"closed","template":"","meta":{"_view_id":"","footnotes":""},"class_list":["post-8280","page","type-page","status-publish"],"_links":{"self":[{"href":"https:\/\/env4cyp.eu\/tr\/wp-json\/wp\/v2\/pages\/8280","targetHints":{"allow":["GET"]}}],"collection":[{"href":"https:\/\/env4cyp.eu\/tr\/wp-json\/wp\/v2\/pages"}],"about":[{"href":"https:\/\/env4cyp.eu\/tr\/wp-json\/wp\/v2\/types\/page"}],"author":[{"embeddable":true,"href":"https:\/\/env4cyp.eu\/tr\/wp-json\/wp\/v2\/users\/1"}],"replies":[{"embeddable":true,"href":"https:\/\/env4cyp.eu\/tr\/wp-json\/wp\/v2\/comments?post=8280"}],"version-history":[{"count":59,"href":"https:\/\/env4cyp.eu\/tr\/wp-json\/wp\/v2\/pages\/8280\/revisions"}],"predecessor-version":[{"id":10200,"href":"https:\/\/env4cyp.eu\/tr\/wp-json\/wp\/v2\/pages\/8280\/revisions\/10200"}],"wp:attachment":[{"href":"https:\/\/env4cyp.eu\/tr\/wp-json\/wp\/v2\/media?parent=8280"}],"curies":[{"name":"wp","href":"https:\/\/api.w.org\/{rel}","templated":true}]}}