{"id":7124,"date":"2024-03-10T02:28:41","date_gmt":"2024-03-09T23:28:41","guid":{"rendered":"https:\/\/env4cyp.eu\/?page_id=7124"},"modified":"2024-05-16T10:20:34","modified_gmt":"2024-05-16T07:20:34","slug":"training-2","status":"publish","type":"page","link":"https:\/\/env4cyp.eu\/tr\/training-2\/","title":{"rendered":"Training 2"},"content":{"rendered":"<div id=\"fws_69ea561e6ba54\"  data-column-margin=\"none\" data-midnight=\"custom\" data-top-percent=\"15%\" data-bottom-percent=\"15%\"  class=\"wpb_row vc_row-fluid vc_row full-width-section parallax_section top_padding_tablet_30pct top_padding_phone_40pct bottom_padding_tablet_30pct bottom_padding_phone_40pct\"  style=\"padding-top: calc(100vw * 0.15); padding-bottom: calc(100vw * 0.15); \"><div class=\"row-bg-wrap\" data-bg-animation=\"zoom-out\" data-bg-overlay=\"true\"><div class=\"inner-wrap using-image\"><div class=\"row-bg viewport-desktop using-image using-bg-color\" data-parallax-speed=\"fast\" style=\"background-image: url(https:\/\/env4cyp.eu\/wp-content\/uploads\/2024\/03\/Training_2_-_foto.jpg); background-position: center center; background-repeat: no-repeat; background-color: #9fc5d0; \"><\/div><\/div><div class=\"row-bg-overlay\" style=\"background: #000000; background: radial-gradient(50% 50% at 50% 50%,#000000 0%,#000000 100%);  opacity: 0.5; \"><\/div><\/div><div class=\"row_col_wrap_12 col span_12 custom left\">\n\t<div  class=\"vc_col-sm-12 wpb_column column_container vc_column_container col force-phone-text-align-center no-extra-padding el_spacing_0px inherit_tablet inherit_phone\"  data-padding-pos=\"all\" data-has-bg-color=\"false\" data-bg-color=\"\" data-bg-opacity=\"1\" data-animation=\"\" data-delay=\"0\" >\n\t\t<div class=\"vc_column-inner\" >\n\t\t\t<div class=\"wpb_wrapper\">\n\t\t\t\t<div id=\"fws_69ea561e6bd85\" data-midnight=\"\" data-column-margin=\"default\" class=\"wpb_row vc_row-fluid vc_row inner_row\"  style=\" z-index: 20;\"><div class=\"row-bg-wrap\"> <div class=\"row-bg\" ><\/div> <\/div><div class=\"row_col_wrap_12_inner col span_12  left\">\n\t<div style=\" color: #ffffff;\" class=\"vc_col-sm-12 wpb_column column_container vc_column_container col child_column no-extra-padding el_spacing_0px inherit_tablet inherit_phone\" data-cfc=\"true\"  data-padding-pos=\"all\" data-has-bg-color=\"false\" data-bg-color=\"\" data-bg-opacity=\"1\" data-animation=\"\" data-delay=\"0\" >\n\t\t<div class=\"vc_column-inner\" >\n\t\t<div class=\"wpb_wrapper\">\n\t\t\t<div class=\"nectar-split-heading\" data-align=\"default\" data-m-align=\"inherit\" data-text-effect=\"none\" data-animation-type=\"line-reveal-by-space\" data-animation-delay=\"200\" data-animation-offset=\"\" data-m-rm-animation=\"\" data-stagger=\"true\" data-custom-font-size=\"true\" style=\"font-size: 7vh; line-height: 7.7vh;\"><h2 >KOB\u0130\u2019ler i\u00e7in Verimlilik ve \u0130novasyon F\u0131rsatlar\u0131:<\/h2><\/div><div class=\"nectar-split-heading\" data-align=\"default\" data-m-align=\"inherit\" data-text-effect=\"none\" data-animation-type=\"line-reveal-by-space\" data-animation-delay=\"200\" data-animation-offset=\"\" data-m-rm-animation=\"\" data-stagger=\"true\" data-custom-font-size=\"true\" style=\"font-size: 5vh; line-height: 5.5vh;\"><h2 >Y\u00f6netim Sistemleri (EMS1) \u0130\u00e7 Denetmenlik E\u011fitimi<\/h2><\/div>\n<div class=\"wpb_text_column wpb_content_element\" >\n\t<div class=\"wpb_wrapper\">\n\t\t<p>\u0130\u015fletmeler i\u00e7in \u00e7evre \u00fczerindeki etkilerini belirlemek ve kontrol etmek, kaynak t\u00fcketimlerini ve at\u0131klar\u0131n\u0131 azaltmak, \u00e7evre d\u00fczenlemeleriyle uyum i\u00e7erisinde \u00fcretim yapmak i\u00e7in \u015fu andan\ndaha do\u011fru bir zaman olamaz! \u0130\u015fletmenizi s\u00fcrd\u00fcr\u00fclebilir k\u0131lmak i\u00e7in zorluklar\u0131 ve \u00e7\u00f6z\u00fcmleri ke\u015ffedin!<\/p>\n\t<\/div>\n<\/div>\n\n\n\n\n\t\t<\/div> \n\t<\/div>\n\t<\/div> \n<\/div><\/div><div id=\"fws_69ea561e6c044\" data-midnight=\"\" data-column-margin=\"default\" class=\"wpb_row vc_row-fluid vc_row inner_row\"  style=\" z-index: 20;\"><div class=\"row-bg-wrap\"> <div class=\"row-bg\" ><\/div> <\/div><div class=\"row_col_wrap_12_inner col span_12  left\">\n\t<div style=\" color: #ffffff;\" class=\"vc_col-sm-12 wpb_column column_container vc_column_container col child_column has-animation no-extra-padding el_spacing_0px inherit_tablet inherit_phone\" data-cfc=\"true\"  data-padding-pos=\"all\" data-has-bg-color=\"false\" data-bg-color=\"\" data-bg-opacity=\"1\" data-animation=\"fade-in-from-bottom\" data-delay=\"650\" >\n\t\t<div class=\"vc_column-inner\" >\n\t\t<div class=\"wpb_wrapper\">\n\t\t\t<div class=\"nectar-cta  alignment_tablet_default alignment_phone_default display_tablet_inherit display_phone_inherit\" data-color=\"default\" data-using-bg=\"false\" data-display=\"block\" data-style=\"underline\" data-alignment=\"left\" data-text-color=\"custom\" style=\"margin-top: 30px; margin-bottom: 20px; \"><p style=\"color: #ffffff;\"> <span class=\"text\"> <\/span><span class=\"link_wrap\" style=\"padding-top: 18px; padding-bottom: 18px; \"><a  class=\"link_text\" style=\"border-color: #ffffff;\" href=\"\">Ba\u015fvuru S\u00fcresi Bitti<\/a><\/span><\/p><\/div>\n\t\t<\/div> \n\t<\/div>\n\t<\/div> \n<\/div><\/div>\n\t\t\t<\/div> \n\t\t<\/div>\n\t<\/div> \n<\/div><\/div>\n\t\t<div id=\"fws_69ea561e6c256\"  data-column-margin=\"default\" data-midnight=\"light\" data-top-percent=\"2%\" data-bottom-percent=\"2%\"  class=\"wpb_row vc_row-fluid vc_row full-width-section\"  style=\"padding-top: calc(100vw * 0.02); padding-bottom: calc(100vw * 0.02); \"><div class=\"row-bg-wrap\" data-bg-animation=\"none\" data-bg-overlay=\"false\"><div class=\"inner-wrap\"><div class=\"row-bg viewport-desktop using-bg-color\"  style=\"background-color: #3d3d3d; \"><\/div><\/div><\/div><div class=\"row_col_wrap_12 col span_12 light left\">\n\t<div  class=\"vc_col-sm-12 wpb_column column_container vc_column_container col has-animation no-extra-padding inherit_tablet inherit_phone\"  data-padding-pos=\"all\" data-has-bg-color=\"false\" data-bg-color=\"\" data-bg-opacity=\"1\" data-animation=\"fade-in-from-bottom\" data-delay=\"0\" >\n\t\t<div class=\"vc_column-inner\" >\n\t\t\t<div class=\"wpb_wrapper\">\n\t\t\t\t<h3 style=\"color: #46b884;text-align: left;font-family:Roboto;font-weight:900;font-style:normal\" class=\"vc_custom_heading\" >\u00d6nemli Bilgiler:<\/h3><div id=\"fws_69ea561e6c4d0\" data-midnight=\"\" data-column-margin=\"default\" class=\"wpb_row vc_row-fluid vc_row inner_row\"  style=\"\"><div class=\"row-bg-wrap\"> <div class=\"row-bg\" ><\/div> <\/div><div class=\"row_col_wrap_12_inner col span_12  left\">\n\t<div  class=\"vc_col-sm-12 wpb_column column_container vc_column_container col child_column has-animation no-extra-padding inherit_tablet inherit_phone\"   data-padding-pos=\"all\" data-has-bg-color=\"false\" data-bg-color=\"\" data-bg-opacity=\"1\" data-animation=\"fade-in-from-bottom\" data-delay=\"0\" >\n\t\t<div class=\"vc_column-inner\" >\n\t\t<div class=\"wpb_wrapper\">\n\t\t\t<div class=\"nectar-hor-list-item\" data-hover-effect=\"default\" data-br=\"0px\" data-font-family=\"h5\" data-color=\"accent-color\" data-columns=\"2\" data-column-layout=\"small_first\"><div class=\"nectar-list-item\" data-icon=\"true\" data-text-align=\"left\"><i class=\"item-icon fa fa-calendar\" data-size=\"regular\"><\/i>E\u011fitim Tarihleri<\/div><div class=\"nectar-list-item\" data-text-align=\"left\">29, 30, 31 May\u0131s 2024<\/div><\/div><div class=\"nectar-hor-list-item\" data-hover-effect=\"default\" data-br=\"0px\" data-font-family=\"h5\" data-color=\"accent-color\" data-columns=\"2\" data-column-layout=\"small_first\"><div class=\"nectar-list-item\" data-icon=\"true\" data-text-align=\"left\"><i class=\"item-icon fa fa-globe\" data-size=\"regular\"><\/i>Yer<\/div><div class=\"nectar-list-item\" data-text-align=\"left\">KT\u00d6S (yeni bina), Lefko\u015fa<\/div><\/div><div class=\"nectar-hor-list-item\" data-hover-effect=\"default\" data-br=\"0px\" data-font-family=\"h5\" data-color=\"accent-color\" data-columns=\"2\" data-column-layout=\"small_first\"><div class=\"nectar-list-item\" data-icon=\"true\" data-text-align=\"left\"><i class=\"item-icon fa fa-calendar-o\" data-size=\"regular\"><\/i>Son Ba\u015fvuru Tarihi<\/div><div class=\"nectar-list-item\" data-text-align=\"left\">15 May\u0131s 2024 | Ba\u015fvuru S\u00fcresi Bitti<\/div><\/div><div class=\"nectar-hor-list-item\" data-hover-effect=\"default\" data-br=\"0px\" data-font-family=\"h5\" data-color=\"accent-color\" data-columns=\"2\" data-column-layout=\"small_first\"><div class=\"nectar-list-item\" data-icon=\"true\" data-text-align=\"left\"><i class=\"item-icon fa fa-book\" data-size=\"regular\"><\/i>Hedef Kat\u0131l\u0131mc\u0131lar<\/div><div class=\"nectar-list-item\" data-text-align=\"left\">\u00c7evre profesyonelleri<\/div><\/div><div class=\"nectar-hor-list-item\" data-hover-effect=\"default\" data-br=\"0px\" data-font-family=\"h5\" data-color=\"accent-color\" data-columns=\"2\" data-column-layout=\"small_first\"><div class=\"nectar-list-item\" data-icon=\"true\" data-text-align=\"left\"><i class=\"item-icon fa fa-phone\" data-size=\"regular\"><\/i>\u0130leti\u015fim<\/div><div class=\"nectar-list-item\" data-text-align=\"left\">+90 533 867 46 22   |   info@env4cyp.eu<\/div><\/div><div class=\"nectar-hor-list-item\" data-hover-effect=\"default\" data-br=\"0px\" data-font-family=\"h5\" data-color=\"accent-color\" data-columns=\"2\" data-column-layout=\"small_first\"><div class=\"nectar-list-item\" data-icon=\"true\" data-text-align=\"left\"><i class=\"item-icon fa fa-sticky-note-o\" data-size=\"regular\"><\/i>Not<\/div><div class=\"nectar-list-item\" data-text-align=\"left\">E\u011fitimde s\u0131n\u0131rl\u0131 say\u0131da yer bulunmaktad\u0131r.\n\u0130leri tarihte d\u00fczenleyece\u011fimiz Ba\u015f Denetmenlik (EMS2) E\u011fitimi\u2019ne kat\u0131l\u0131m i\u00e7in EMS1 e\u011fitimine kat\u0131lm\u0131\u015f\nolman\u0131z veya ISO14001 hakk\u0131nda bilgi sahibi olman\u0131z tavsiye olunur.<\/div><\/div>\n\t\t<\/div> \n\t<\/div>\n\t<\/div> \n<\/div><\/div>\n\t\t\t<\/div> \n\t\t<\/div>\n\t<\/div> \n<\/div><\/div>\n\t\t<div id=\"fws_69ea561e6c798\"  data-column-margin=\"default\" data-midnight=\"dark\" data-top-percent=\"5%\"  class=\"wpb_row vc_row-fluid vc_row\"  style=\"padding-top: calc(100vw * 0.05); padding-bottom: 0px; \"><div class=\"row-bg-wrap\" data-bg-animation=\"none\" data-bg-overlay=\"false\"><div class=\"inner-wrap\"><div class=\"row-bg viewport-desktop\"  style=\"\"><\/div><\/div><\/div><div class=\"row_col_wrap_12 col span_12 dark center\">\n\t<div  class=\"vc_col-sm-8 wpb_column column_container vc_column_container col no-extra-padding inherit_tablet inherit_phone\"  data-padding-pos=\"all\" data-has-bg-color=\"false\" data-bg-color=\"\" data-bg-opacity=\"1\" data-animation=\"\" data-delay=\"0\" >\n\t\t<div class=\"vc_column-inner\" >\n\t\t\t<div class=\"wpb_wrapper\">\n\t\t\t\t<h2 style=\"font-size: 18px;color: #46b884;text-align: left;font-family:Roboto;font-weight:900;font-style:normal\" class=\"vc_custom_heading vc_custom_1710113689500\" >Genel Bilgi<\/h2>\n<div class=\"wpb_text_column wpb_content_element\" >\n\t<div class=\"wpb_wrapper\">\n\t\t<div style=\"text-align: justify; text-justify: inter-word;\">\n<p>Bu e\u011fitim, ISO 14001 standard\u0131 hakk\u0131nda temel bir anlay\u0131\u015f sunmakta ve \u00e7evre profesyonellerine i\u00e7\n\u00c7evre Y\u00f6netim Sistemleri denetimlerini y\u00fcr\u00fctmek i\u00e7in gerekli bilgi ve beceriler\u0131 kazand\u0131rmay\u0131\nhedeflemektedir. E\u011fitim, alan\u0131nda uzman ki\u015filer taraf\u0131ndan sunulacak ve de\u011ferli deneyimler ve\nrehberlik sa\u011flayacakt\u0131r. E\u011fitimi ba\u015far\u0131yla tamamlayan kat\u0131l\u0131mc\u0131lara sertifika takdim edilecektir.<\/p>\n<\/div>\n\t<\/div>\n<\/div>\n\n\n\n<h2 style=\"font-size: 18px;color: #46b884;text-align: left;font-family:Roboto;font-weight:900;font-style:normal\" class=\"vc_custom_heading vc_custom_1714690476671\" >Ba\u015fvurunuzdan sonra:<\/h2>\n<div class=\"wpb_text_column wpb_content_element\" >\n\t<div class=\"wpb_wrapper\">\n\t\t<div style=\"text-align: justify; text-justify: inter-word;\">\n<p>Ba\u015far\u0131l\u0131 ba\u015fvuru sahiplerine e\u011fitim tarihinden bir (1) hafta \u00f6nce sonu\u00e7lar bildirilecektir.<\/p>\n<\/div>\n\t<\/div>\n<\/div>\n\n\n\n\n\t\t\t<\/div> \n\t\t<\/div>\n\t<\/div> \n\n\t<div  class=\"vc_col-sm-4 wpb_column column_container vc_column_container col no-extra-padding inherit_tablet inherit_phone\"  data-padding-pos=\"bottom\" data-has-bg-color=\"false\" data-bg-color=\"\" data-bg-opacity=\"1\" data-animation=\"\" data-delay=\"0\" >\n\t\t<div class=\"vc_column-inner\" >\n\t\t\t<div class=\"wpb_wrapper\">\n\t\t\t\t<div class=\"nectar-fancy-box   vc_custom_1715843525628\" data-style=\"color_box_hover\" data-animation=\"\" data-hover-o=\"default\" data-border-radius=\"default\" data-border=\"true\" data-box-color-opacity=\"1\" data-delay=\"\" data-alignment=\"center\" data-color=\"accent-color\" ><div class=\"box-inner-wrap\"><div class=\"box-bg\" ><\/div> <div class=\"inner\" style=\"min-height: 120px\"><div class=\"inner-wrap\"><i class=\"icon-default-style fa fa-rss\" data-color=\"accent-color\" style=\"font-size: 56px!important; line-height: 56px!important;\"><\/i>\n<h5>\u00c7evre Y\u00f6netim Sistemleri (\u00c7YS1)<\/h5>\n<\/div><\/div>  <\/div> <\/div><div class=\"nectar-fancy-box   vc_custom_1715843553750\" data-style=\"color_box_hover\" data-animation=\"\" data-hover-o=\"default\" data-border-radius=\"default\" data-border=\"true\" data-box-color-opacity=\"1\" data-delay=\"\" data-alignment=\"center\" data-color=\"accent-color\" ><div class=\"box-inner-wrap\"><div class=\"box-bg\" ><\/div> <div class=\"inner\" style=\"min-height: 120px\"><div class=\"inner-wrap\"><i class=\"icon-default-style fa fa-calendar\" data-color=\"accent-color\" style=\"font-size: 56px!important; line-height: 56px!important;\"><\/i>\n<h5>Ba\u015fvuru S\u00fcresi Bitti<\/h5>\n<\/div><\/div>  <\/div> <\/div>\n\t\t\t<\/div> \n\t\t<\/div>\n\t<\/div> \n<\/div><\/div>","protected":false},"excerpt":{"rendered":"Efficiency and innovation opportunities for SMEs:Environmental Management Systems (EMS1) Internal Auditor Training There is never a more critical time for businesses to understand how to...","protected":false},"author":1,"featured_media":0,"parent":0,"menu_order":0,"comment_status":"closed","ping_status":"closed","template":"","meta":{"_view_id":"","footnotes":""},"class_list":["post-7124","page","type-page","status-publish"],"_links":{"self":[{"href":"https:\/\/env4cyp.eu\/tr\/wp-json\/wp\/v2\/pages\/7124","targetHints":{"allow":["GET"]}}],"collection":[{"href":"https:\/\/env4cyp.eu\/tr\/wp-json\/wp\/v2\/pages"}],"about":[{"href":"https:\/\/env4cyp.eu\/tr\/wp-json\/wp\/v2\/types\/page"}],"author":[{"embeddable":true,"href":"https:\/\/env4cyp.eu\/tr\/wp-json\/wp\/v2\/users\/1"}],"replies":[{"embeddable":true,"href":"https:\/\/env4cyp.eu\/tr\/wp-json\/wp\/v2\/comments?post=7124"}],"version-history":[{"count":31,"href":"https:\/\/env4cyp.eu\/tr\/wp-json\/wp\/v2\/pages\/7124\/revisions"}],"predecessor-version":[{"id":7994,"href":"https:\/\/env4cyp.eu\/tr\/wp-json\/wp\/v2\/pages\/7124\/revisions\/7994"}],"wp:attachment":[{"href":"https:\/\/env4cyp.eu\/tr\/wp-json\/wp\/v2\/media?parent=7124"}],"curies":[{"name":"wp","href":"https:\/\/api.w.org\/{rel}","templated":true}]}}