{"id":7056,"date":"2024-03-09T03:00:37","date_gmt":"2024-03-09T00:00:37","guid":{"rendered":"https:\/\/env4cyp.eu\/?page_id=7056"},"modified":"2024-04-03T13:49:56","modified_gmt":"2024-04-03T10:49:56","slug":"training-1","status":"publish","type":"page","link":"https:\/\/env4cyp.eu\/tr\/training-1\/","title":{"rendered":"Training 1"},"content":{"rendered":"<div id=\"fws_69ea6f5eaa5ca\"  data-column-margin=\"none\" data-midnight=\"custom\" data-top-percent=\"15%\" data-bottom-percent=\"15%\"  class=\"wpb_row vc_row-fluid vc_row full-width-section parallax_section top_padding_tablet_30pct top_padding_phone_40pct bottom_padding_tablet_30pct bottom_padding_phone_40pct\"  style=\"padding-top: calc(100vw * 0.15); padding-bottom: calc(100vw * 0.15); \"><div class=\"row-bg-wrap\" data-bg-animation=\"zoom-out\" data-bg-overlay=\"true\"><div class=\"inner-wrap using-image\"><div class=\"row-bg viewport-desktop using-image using-bg-color\" data-parallax-speed=\"fast\" style=\"background-image: url(https:\/\/env4cyp.eu\/wp-content\/uploads\/2024\/03\/Traning_1_foto.jpeg); background-position: center center; background-repeat: no-repeat; background-color: #9fc5d0; \"><\/div><\/div><div class=\"row-bg-overlay\" style=\"background: #000000; background: radial-gradient(50% 50% at 50% 50%,#000000 0%,#000000 100%);  opacity: 0.5; \"><\/div><\/div><div class=\"row_col_wrap_12 col span_12 custom left\">\n\t<div  class=\"vc_col-sm-12 wpb_column column_container vc_column_container col force-phone-text-align-center no-extra-padding el_spacing_0px inherit_tablet inherit_phone\"  data-padding-pos=\"all\" data-has-bg-color=\"false\" data-bg-color=\"\" data-bg-opacity=\"1\" data-animation=\"\" data-delay=\"0\" >\n\t\t<div class=\"vc_column-inner\" >\n\t\t\t<div class=\"wpb_wrapper\">\n\t\t\t\t<div id=\"fws_69ea6f5eaa7a4\" data-midnight=\"\" data-column-margin=\"default\" class=\"wpb_row vc_row-fluid vc_row inner_row\"  style=\" z-index: 20;\"><div class=\"row-bg-wrap\"> <div class=\"row-bg\" ><\/div> <\/div><div class=\"row_col_wrap_12_inner col span_12  left\">\n\t<div style=\" color: #ffffff;\" class=\"vc_col-sm-12 wpb_column column_container vc_column_container col child_column no-extra-padding el_spacing_0px inherit_tablet inherit_phone\" data-cfc=\"true\"  data-padding-pos=\"all\" data-has-bg-color=\"false\" data-bg-color=\"\" data-bg-opacity=\"1\" data-animation=\"\" data-delay=\"0\" >\n\t\t<div class=\"vc_column-inner\" >\n\t\t<div class=\"wpb_wrapper\">\n\t\t\t<div class=\"nectar-split-heading\" data-align=\"default\" data-m-align=\"inherit\" data-text-effect=\"none\" data-animation-type=\"line-reveal-by-space\" data-animation-delay=\"200\" data-animation-offset=\"\" data-m-rm-animation=\"\" data-stagger=\"true\" data-custom-font-size=\"true\" style=\"font-size: 8vh; line-height: 8.8vh;\"><h2 >Bilgi G\u00fc\u00e7t\u00fcr:<\/h2><\/div><div class=\"nectar-split-heading\" data-align=\"default\" data-m-align=\"inherit\" data-text-effect=\"none\" data-animation-type=\"line-reveal-by-space\" data-animation-delay=\"200\" data-animation-offset=\"\" data-m-rm-animation=\"\" data-stagger=\"\" data-custom-font-size=\"true\" style=\"font-size: 8vh; line-height: 8.8vh;\"><h2 >Veri Analiti\u011fi E\u011fitimi (EI1)<\/h2><\/div>\n<div class=\"wpb_text_column wpb_content_element\" >\n\t<div class=\"wpb_wrapper\">\n\t\t<p>Zorluklar\u0131 ke\u015ffedin, \u00e7evre y\u00f6netiminde verileri kullanmaya y\u00f6nelik gerekli becerileri geli\u015ftirin.\nKariyerinizi ve \u00e7evreyi geli\u015ftirmek i\u00e7in gelen f\u0131rsatlar\u0131 de\u011ferlendirin.<\/p>\n\t<\/div>\n<\/div>\n\n\n\n\n\t\t<\/div> \n\t<\/div>\n\t<\/div> \n<\/div><\/div><div id=\"fws_69ea6f5eaa969\" data-midnight=\"\" data-column-margin=\"default\" class=\"wpb_row vc_row-fluid vc_row inner_row\"  style=\" z-index: 20;\"><div class=\"row-bg-wrap\"> <div class=\"row-bg\" ><\/div> <\/div><div class=\"row_col_wrap_12_inner col span_12  left\">\n\t<div style=\" color: #ffffff;\" class=\"vc_col-sm-12 wpb_column column_container vc_column_container col child_column has-animation no-extra-padding el_spacing_0px inherit_tablet inherit_phone\" data-cfc=\"true\"  data-padding-pos=\"all\" data-has-bg-color=\"false\" data-bg-color=\"\" data-bg-opacity=\"1\" data-animation=\"fade-in-from-bottom\" data-delay=\"650\" >\n\t\t<div class=\"vc_column-inner\" >\n\t\t<div class=\"wpb_wrapper\">\n\t\t\t<div class=\"nectar-cta  alignment_tablet_default alignment_phone_default display_tablet_inherit display_phone_inherit\" data-color=\"default\" data-using-bg=\"false\" data-display=\"block\" data-style=\"underline\" data-alignment=\"left\" data-text-color=\"custom\" style=\"margin-top: 30px; margin-bottom: 20px; \"><span style=\"color: #ffffff;\" class=\"nectar-button-type\"> <span class=\"text\"> <\/span><span class=\"link_wrap\" style=\"padding-top: 18px; padding-bottom: 18px; \"><a  class=\"link_text\" style=\"border-color: #ffffff;\" href=\"\">Ba\u015fvuru S\u00fcresi Bitti<\/a><\/span><\/span><\/div>\n\t\t<\/div> \n\t<\/div>\n\t<\/div> \n<\/div><\/div>\n\t\t\t<\/div> \n\t\t<\/div>\n\t<\/div> \n<\/div><\/div>\n\t\t<div id=\"fws_69ea6f5eaaab1\"  data-column-margin=\"default\" data-midnight=\"light\" data-top-percent=\"2%\" data-bottom-percent=\"2%\"  class=\"wpb_row vc_row-fluid vc_row full-width-section\"  style=\"padding-top: calc(100vw * 0.02); padding-bottom: calc(100vw * 0.02); \"><div class=\"row-bg-wrap\" data-bg-animation=\"none\" data-bg-overlay=\"false\"><div class=\"inner-wrap\"><div class=\"row-bg viewport-desktop using-bg-color\"  style=\"background-color: #3d3d3d; \"><\/div><\/div><\/div><div class=\"row_col_wrap_12 col span_12 light left\">\n\t<div  class=\"vc_col-sm-12 wpb_column column_container vc_column_container col has-animation no-extra-padding inherit_tablet inherit_phone\"  data-padding-pos=\"all\" data-has-bg-color=\"false\" data-bg-color=\"\" data-bg-opacity=\"1\" data-animation=\"fade-in-from-bottom\" data-delay=\"0\" >\n\t\t<div class=\"vc_column-inner\" >\n\t\t\t<div class=\"wpb_wrapper\">\n\t\t\t\t<h3 style=\"color: #46b884;text-align: left;font-family:Roboto;font-weight:900;font-style:normal\" class=\"vc_custom_heading\" >\u00d6nemli Bilgiler:<\/h3><div id=\"fws_69ea6f5eaac37\" data-midnight=\"\" data-column-margin=\"default\" class=\"wpb_row vc_row-fluid vc_row inner_row\"  style=\"\"><div class=\"row-bg-wrap\"> <div class=\"row-bg\" ><\/div> <\/div><div class=\"row_col_wrap_12_inner col span_12  left\">\n\t<div  class=\"vc_col-sm-12 wpb_column column_container vc_column_container col child_column has-animation no-extra-padding inherit_tablet inherit_phone\"   data-padding-pos=\"all\" data-has-bg-color=\"false\" data-bg-color=\"\" data-bg-opacity=\"1\" data-animation=\"fade-in-from-bottom\" data-delay=\"0\" >\n\t\t<div class=\"vc_column-inner\" >\n\t\t<div class=\"wpb_wrapper\">\n\t\t\t<div class=\"nectar-hor-list-item\" data-hover-effect=\"default\" data-br=\"0px\" data-font-family=\"h5\" data-color=\"accent-color\" data-columns=\"2\" data-column-layout=\"small_first\"><div class=\"nectar-list-item\" data-icon=\"true\" data-text-align=\"left\"><i class=\"item-icon fa fa-calendar\" data-size=\"regular\"><\/i>E\u011fitim Tarihleri<\/div><div class=\"nectar-list-item\" data-text-align=\"left\">17, 18, 19 Nisan 2024<\/div><\/div><div class=\"nectar-hor-list-item has-btn\" data-hover-effect=\"default\" data-br=\"0px\" data-font-family=\"h5\" data-color=\"accent-color\" data-columns=\"2\" data-column-layout=\"small_first\"><div class=\"nectar-list-item\" data-icon=\"true\" data-text-align=\"left\"><i class=\"item-icon fa fa-globe\" data-size=\"regular\"><\/i>Yer<\/div><div class=\"nectar-list-item\" data-text-align=\"left\">KT\u00d6S (yeni bina), Lefko\u015fa<a class=\"nectar-list-item-btn\" href=\"https:\/\/www.google.com\/maps\/place\/Kbrs+Trk+retmenler+Sendikas\/@35.1834895,33.3632415,17z\/data=!3m1!4b1!4m6!3m5!1s0x14de173efd421d99:0x34d46c74f27a511d!8m2!3d35.1834896!4d33.3681124!16sg1tcz059y?hl=tr&amp;utm_campaign=tt-sps&amp;coh=204239&amp;entry=tts\" target=\"_blank\">Harita<\/a><\/div><\/div><div class=\"nectar-hor-list-item\" data-hover-effect=\"default\" data-br=\"0px\" data-font-family=\"h5\" data-color=\"accent-color\" data-columns=\"2\" data-column-layout=\"small_first\"><div class=\"nectar-list-item\" data-icon=\"true\" data-text-align=\"left\"><i class=\"item-icon fa fa-calendar-o\" data-size=\"regular\"><\/i>Son Ba\u015fvuru Tarihi<\/div><div class=\"nectar-list-item\" data-text-align=\"left\">2 Nisan 2024 | Ba\u015fvuru S\u00fcresi Bitti<\/div><\/div><div class=\"nectar-hor-list-item\" data-hover-effect=\"default\" data-br=\"0px\" data-font-family=\"h5\" data-color=\"accent-color\" data-columns=\"2\" data-column-layout=\"small_first\"><div class=\"nectar-list-item\" data-icon=\"true\" data-text-align=\"left\"><i class=\"item-icon fa fa-book\" data-size=\"regular\"><\/i>Hedef Kat\u0131l\u0131mc\u0131lar<\/div><div class=\"nectar-list-item\" data-text-align=\"left\">\u00c7evre profesyonelleri<\/div><\/div><div class=\"nectar-hor-list-item\" data-hover-effect=\"default\" data-br=\"0px\" data-font-family=\"h5\" data-color=\"accent-color\" data-columns=\"2\" data-column-layout=\"small_first\"><div class=\"nectar-list-item\" data-icon=\"true\" data-text-align=\"left\"><i class=\"item-icon fa fa-phone\" data-size=\"regular\"><\/i>\u0130leti\u015fim<\/div><div class=\"nectar-list-item\" data-text-align=\"left\">+90 533 867 46 22  &nbsp; | &nbsp;  info@env4cyp.eu<\/div><\/div>\n\t\t<\/div> \n\t<\/div>\n\t<\/div> \n<\/div><\/div>\n\t\t\t<\/div> \n\t\t<\/div>\n\t<\/div> \n<\/div><\/div>\n\t\t<div id=\"fws_69ea6f5eaae3a\"  data-column-margin=\"default\" data-midnight=\"dark\" data-top-percent=\"5%\"  class=\"wpb_row vc_row-fluid vc_row\"  style=\"padding-top: calc(100vw * 0.05); padding-bottom: 0px; \"><div class=\"row-bg-wrap\" data-bg-animation=\"none\" data-bg-overlay=\"false\"><div class=\"inner-wrap\"><div class=\"row-bg viewport-desktop\"  style=\"\"><\/div><\/div><\/div><div class=\"row_col_wrap_12 col span_12 dark center\">\n\t<div  class=\"vc_col-sm-8 wpb_column column_container vc_column_container col no-extra-padding inherit_tablet inherit_phone\"  data-padding-pos=\"all\" data-has-bg-color=\"false\" data-bg-color=\"\" data-bg-opacity=\"1\" data-animation=\"\" data-delay=\"0\" >\n\t\t<div class=\"vc_column-inner\" >\n\t\t\t<div class=\"wpb_wrapper\">\n\t\t\t\t<h2 style=\"font-size: 18px;color: #46b884;text-align: left;font-family:Roboto;font-weight:900;font-style:normal\" class=\"vc_custom_heading vc_custom_1710113670426\" >Genel Bilgi<\/h2>\n<div class=\"wpb_text_column wpb_content_element\" >\n\t<div class=\"wpb_wrapper\">\n\t\t<div style=\"text-align: justify; text-justify: inter-word;\">\n<p>Bu e\u011fitim, \u00e7evre ile ilgili bilgilerin toplanmas\u0131, y\u00f6netimi, analizi ve payla\u015f\u0131lmas\u0131 i\u00e7in teorik bilgi\nve pratik ara\u00e7lar i\u00e7ermektedir. Hedefi, \u00e7e\u015fitli \u00e7evre alanlar\u0131nda \u00e7evre y\u00f6netimi i\u00e7in eri\u015filebilir\nmodern bilgi kaynaklar\u0131n\u0131 ve veri y\u00f6netimi ara\u00e7lar\u0131n\u0131 kullanarak \u00e7evresel bilgilerle \u00e7al\u0131\u015fmak\ni\u00e7in gerekli becerileri geli\u015ftirmektedir. E\u011fitim, alan\u0131nda uzman ki\u015filer taraf\u0131ndan sunulacak ve\nde\u011ferli deneyimler ve rehberlik sa\u011flayacakt\u0131r. E\u011fitimi ba\u015far\u0131yla tamamlayan kat\u0131l\u0131mc\u0131lara\nsertifika takdim edilecektir.<\/p>\n<p><strong><span style=\"color: #46b884;\">Ba\u015fvurunuzdan sonra:<\/span><\/strong><br \/>\nBa\u015far\u0131l\u0131 ba\u015fvuru sahiplerine e\u011fitim tarihinden iki (2) hafta \u00f6nce sonu\u00e7lar bildirilecektir.<\/p>\n<\/div>\n\t<\/div>\n<\/div>\n\n\n\n\n\t\t\t<\/div> \n\t\t<\/div>\n\t<\/div> \n\n\t<div  class=\"vc_col-sm-4 wpb_column column_container vc_column_container col no-extra-padding inherit_tablet inherit_phone\"  data-padding-pos=\"bottom\" data-has-bg-color=\"false\" data-bg-color=\"\" data-bg-opacity=\"1\" data-animation=\"\" data-delay=\"0\" >\n\t\t<div class=\"vc_column-inner\" >\n\t\t\t<div class=\"wpb_wrapper\">\n\t\t\t\t<div class=\"nectar-fancy-box   vc_custom_1712139719996\" data-style=\"color_box_hover\" data-animation=\"\" data-hover-o=\"default\" data-border-radius=\"default\" data-border=\"true\" data-box-color-opacity=\"1\" data-delay=\"\" data-alignment=\"center\" data-color=\"accent-color\" ><div class=\"box-inner-wrap\"><div class=\"box-bg\" ><\/div> <div class=\"inner\" style=\"min-height: 120px\"><div class=\"inner-wrap\"><i class=\"icon-default-style fa fa-rss\" data-color=\"accent-color\" style=\"font-size: 56px!important; line-height: 56px!important;\"><\/i>\n<h5>Veri Analiti\u011fi E\u011fitimi (EI1)<\/h5>\n<\/div><\/div>  <\/div> <\/div><div class=\"nectar-fancy-box   vc_custom_1712139592918\" data-style=\"color_box_hover\" data-animation=\"\" data-hover-o=\"default\" data-border-radius=\"default\" data-border=\"true\" data-box-color-opacity=\"1\" data-delay=\"\" data-alignment=\"center\" data-color=\"accent-color\" ><div class=\"box-inner-wrap\"><div class=\"box-bg\" ><\/div> <div class=\"inner\" style=\"min-height: 120px\"><div class=\"inner-wrap\"><i class=\"icon-default-style fa fa-calendar\" data-color=\"accent-color\" style=\"font-size: 56px!important; line-height: 56px!important;\"><\/i>\n<h5>Ba\u015fvuru S\u00fcresi Bitti<\/h5>\n<\/div><\/div>  <\/div> <\/div>\n\t\t\t<\/div> \n\t\t<\/div>\n\t<\/div> \n<\/div><\/div>","protected":false},"excerpt":{"rendered":"Information is Power :Training in Data Analytics (EI1) Explore the challenges, build the necessary skills to use data for environmental management, and unlock the opportunities...","protected":false},"author":1,"featured_media":0,"parent":0,"menu_order":0,"comment_status":"closed","ping_status":"closed","template":"","meta":{"_view_id":"","footnotes":""},"class_list":["post-7056","page","type-page","status-publish"],"_links":{"self":[{"href":"https:\/\/env4cyp.eu\/tr\/wp-json\/wp\/v2\/pages\/7056","targetHints":{"allow":["GET"]}}],"collection":[{"href":"https:\/\/env4cyp.eu\/tr\/wp-json\/wp\/v2\/pages"}],"about":[{"href":"https:\/\/env4cyp.eu\/tr\/wp-json\/wp\/v2\/types\/page"}],"author":[{"embeddable":true,"href":"https:\/\/env4cyp.eu\/tr\/wp-json\/wp\/v2\/users\/1"}],"replies":[{"embeddable":true,"href":"https:\/\/env4cyp.eu\/tr\/wp-json\/wp\/v2\/comments?post=7056"}],"version-history":[{"count":66,"href":"https:\/\/env4cyp.eu\/tr\/wp-json\/wp\/v2\/pages\/7056\/revisions"}],"predecessor-version":[{"id":7856,"href":"https:\/\/env4cyp.eu\/tr\/wp-json\/wp\/v2\/pages\/7056\/revisions\/7856"}],"wp:attachment":[{"href":"https:\/\/env4cyp.eu\/tr\/wp-json\/wp\/v2\/media?parent=7056"}],"curies":[{"name":"wp","href":"https:\/\/api.w.org\/{rel}","templated":true}]}}