{"id":6996,"date":"2024-03-08T17:23:27","date_gmt":"2024-03-08T14:23:27","guid":{"rendered":"https:\/\/env4cyp.eu\/?page_id=6996"},"modified":"2024-09-25T12:40:51","modified_gmt":"2024-09-25T09:40:51","slug":"about","status":"publish","type":"page","link":"https:\/\/env4cyp.eu\/tr\/about\/","title":{"rendered":"Hakk\u0131m\u0131zda"},"content":{"rendered":"<div id=\"fws_69ea56108023f\"  data-column-margin=\"default\" data-midnight=\"dark\"  class=\"wpb_row vc_row-fluid vc_row full-width-content vc_row-o-equal-height vc_row-flex vc_row-o-content-middle  right_padding_tablet_8pct left_padding_tablet_8pct\"  style=\"padding-top: 0px; padding-bottom: 0px; \"><div class=\"row-bg-wrap\" data-bg-animation=\"none\" data-bg-overlay=\"false\"><div class=\"inner-wrap\"><div class=\"row-bg viewport-desktop\"  style=\"\"><\/div><\/div><\/div><div class=\"row_col_wrap_12 col span_12 dark left\">\n\t<div  class=\"vc_col-sm-6 wpb_column column_container vc_column_container col no-extra-padding el_spacing_0px inherit_tablet inherit_phone\"  data-padding-pos=\"all\" data-has-bg-color=\"false\" data-bg-color=\"\" data-bg-opacity=\"1\" data-animation=\"\" data-delay=\"0\" >\n\t\t<div class=\"vc_column-inner\" >\n\t\t\t<div class=\"wpb_wrapper\">\n\t\t\t\t<div id=\"fws_69ea561080450\" data-midnight=\"\" data-column-margin=\"default\" class=\"wpb_row vc_row-fluid vc_row inner_row vc_row-o-content-top right_padding_tablet_10pct\"  style=\"\"><div class=\"row-bg-wrap\"> <div class=\"row-bg\" ><\/div> <\/div><div class=\"row_col_wrap_12_inner col span_12  left\">\n\t<div  class=\"vc_col-sm-12 wpb_column column_container vc_column_container col child_column no-extra-padding inherit_tablet inherit_phone\"   data-padding-pos=\"all\" data-has-bg-color=\"false\" data-bg-color=\"\" data-bg-opacity=\"1\" data-animation=\"\" data-delay=\"0\" >\n\t\t<div class=\"vc_column-inner\" >\n\t\t<div class=\"wpb_wrapper\">\n\t\t\t<div class=\"img-with-aniamtion-wrap\" data-max-width=\"100%\" data-max-width-mobile=\"default\" data-shadow=\"none\" data-animation=\"fade-in\" >\n      <div class=\"inner\">\n        <div class=\"hover-wrap\"> \n          <div class=\"hover-wrap-inner\">\n            <img decoding=\"async\" class=\"img-with-animation skip-lazy\" data-delay=\"0\" height=\"1333\" width=\"2000\" data-animation=\"fade-in\" src=\"https:\/\/env4cyp.eu\/wp-content\/uploads\/2024\/03\/DSC05621.jpg\" alt=\"\" srcset=\"https:\/\/env4cyp.eu\/wp-content\/uploads\/2024\/03\/DSC05621.jpg 2000w, https:\/\/env4cyp.eu\/wp-content\/uploads\/2024\/03\/DSC05621-300x200.jpg 300w, https:\/\/env4cyp.eu\/wp-content\/uploads\/2024\/03\/DSC05621-1024x682.jpg 1024w, https:\/\/env4cyp.eu\/wp-content\/uploads\/2024\/03\/DSC05621-768x512.jpg 768w, https:\/\/env4cyp.eu\/wp-content\/uploads\/2024\/03\/DSC05621-1536x1024.jpg 1536w, https:\/\/env4cyp.eu\/wp-content\/uploads\/2024\/03\/DSC05621-18x12.jpg 18w, https:\/\/env4cyp.eu\/wp-content\/uploads\/2024\/03\/DSC05621-900x600.jpg 900w\" sizes=\"(max-width: 2000px) 100vw, 2000px\" \/>\n          <\/div>\n        <\/div>\n      <\/div>\n    <\/div>\n\t\t<\/div> \n\t<\/div>\n\t<\/div> \n<\/div><\/div>\n\t\t\t<\/div> \n\t\t<\/div>\n\t<\/div> \n\n\t<div  class=\"vc_col-sm-6 wpb_column column_container vc_column_container col padding-6-percent no-extra-padding_tablet no-extra-padding_phone\"  data-padding-pos=\"all\" data-has-bg-color=\"false\" data-bg-color=\"\" data-bg-opacity=\"1\" data-animation=\"\" data-delay=\"0\" >\n\t\t<div class=\"vc_column-inner\" >\n\t\t\t<div class=\"wpb_wrapper\">\n\t\t\t\t\n<div class=\"wpb_text_column wpb_content_element\" >\n\t<div class=\"wpb_wrapper\">\n\t\t<p>\u201c\u00c7evre Kapasite Geli\u015ftirme\u201d (K\u0131br\u0131s i\u00e7in \u00c7evre) Avrupa Birli\u011fi\u2019nin K\u0131br\u0131s T\u00fcrk toplumuna y\u00f6nelik AB Yard\u0131m Program\u0131 taraf\u0131ndan finanse edilen bir projedir. Amac\u0131, \u00e7evre y\u00f6netiminde teknik kapasiteyi art\u0131rarak ve \u00e7evre konusunda fark\u0131ndal\u0131k yaratarak K\u0131br\u0131s'ta \u00e7evrenin durumunu iyile\u015ftirmektir.<\/p>\n<p>Stratejik kapasite geli\u015ftirme, entegre do\u011fal kaynak y\u00f6netimi ve ye\u015fil politikalar geli\u015ftirme giri\u015fimleri arac\u0131l\u0131\u011f\u0131yla proje, \u00e7evre y\u00f6netimi ve uygulamalar\u0131nda k\u00f6kl\u00fc bir \u00e7evre bilinci, yenilik\u00e7ilik ve i\u015fbirli\u011fine dayal\u0131 kat\u0131l\u0131m k\u00fclt\u00fcr\u00fcn\u00fc te\u015fvik etmeyi ama\u00e7lamaktad\u0131r.<\/p>\n<p>\u0130lgili Avrupa Birli\u011fi \u00e7evre politikalar\u0131n\u0131n uygulanmas\u0131 yoluyla K\u0131br\u0131s\u2019taki toplumlar sadece insanlar\u0131n ya\u015fam kalitesini iyile\u015ftirmekle kalmayacak, ayn\u0131 zamanda iklim de\u011fi\u015fikli\u011finin ele al\u0131nmas\u0131 ve adan\u0131n do\u011fal varl\u0131k ve de\u011ferlerinin korunmas\u0131na y\u00f6nelik ortak ge\u00e7i\u015f s\u00fcrecinde ada \u00e7ap\u0131nda i\u015fbirli\u011finin temelini g\u00fc\u00e7lendirecektir.<\/p>\n\t<\/div>\n<\/div>\n\n\n\n\n\t\t\t<\/div> \n\t\t<\/div>\n\t<\/div> \n<\/div><\/div>\n\t\t<div id=\"fws_69ea5610808d6\"  data-column-margin=\"default\" data-midnight=\"dark\"  class=\"wpb_row vc_row-fluid vc_row\"  style=\"padding-top: 0px; padding-bottom: 0px; \"><div class=\"row-bg-wrap\" data-bg-animation=\"none\" data-bg-overlay=\"false\"><div class=\"inner-wrap\"><div class=\"row-bg viewport-desktop\"  style=\"\"><\/div><\/div><\/div><div class=\"row_col_wrap_12 col span_12 dark left\">\n\t<div  class=\"vc_col-sm-12 wpb_column column_container vc_column_container col no-extra-padding inherit_tablet inherit_phone\"  data-padding-pos=\"all\" data-has-bg-color=\"false\" data-bg-color=\"\" data-bg-opacity=\"1\" data-animation=\"\" data-delay=\"0\" >\n\t\t<div class=\"vc_column-inner\" >\n\t\t\t<div class=\"wpb_wrapper\">\n\t\t\t\t<div class=\"divider-wrap\" data-alignment=\"default\"><div style=\"height: 100px;\" class=\"divider\"><\/div><\/div>\n\t\t\t<\/div> \n\t\t<\/div>\n\t<\/div> \n<\/div><\/div>","protected":false},"excerpt":{"rendered":"\u201cCapacity Building on Environment\u201d (Environment for Cyprus) is a project funded by the European Union under the Aid Programme for the Turkish Cypriot community. Its...","protected":false},"author":1,"featured_media":0,"parent":0,"menu_order":0,"comment_status":"closed","ping_status":"closed","template":"","meta":{"_view_id":"","footnotes":""},"class_list":["post-6996","page","type-page","status-publish"],"_links":{"self":[{"href":"https:\/\/env4cyp.eu\/tr\/wp-json\/wp\/v2\/pages\/6996","targetHints":{"allow":["GET"]}}],"collection":[{"href":"https:\/\/env4cyp.eu\/tr\/wp-json\/wp\/v2\/pages"}],"about":[{"href":"https:\/\/env4cyp.eu\/tr\/wp-json\/wp\/v2\/types\/page"}],"author":[{"embeddable":true,"href":"https:\/\/env4cyp.eu\/tr\/wp-json\/wp\/v2\/users\/1"}],"replies":[{"embeddable":true,"href":"https:\/\/env4cyp.eu\/tr\/wp-json\/wp\/v2\/comments?post=6996"}],"version-history":[{"count":39,"href":"https:\/\/env4cyp.eu\/tr\/wp-json\/wp\/v2\/pages\/6996\/revisions"}],"predecessor-version":[{"id":8533,"href":"https:\/\/env4cyp.eu\/tr\/wp-json\/wp\/v2\/pages\/6996\/revisions\/8533"}],"wp:attachment":[{"href":"https:\/\/env4cyp.eu\/tr\/wp-json\/wp\/v2\/media?parent=6996"}],"curies":[{"name":"wp","href":"https:\/\/api.w.org\/{rel}","templated":true}]}}