{"id":6613,"date":"2024-02-24T01:08:37","date_gmt":"2024-02-23T22:08:37","guid":{"rendered":"https:\/\/env4cyp.eu\/?page_id=6613"},"modified":"2024-09-27T11:57:33","modified_gmt":"2024-09-27T08:57:33","slug":"get-involved","status":"publish","type":"page","link":"https:\/\/env4cyp.eu\/tr\/get-involved\/","title":{"rendered":"Bize Kat\u0131l\u0131n"},"content":{"rendered":"<div id=\"fws_69ea561e91997\"  data-column-margin=\"default\" data-midnight=\"light\" data-top-percent=\"12%\" data-bottom-percent=\"12%\"  class=\"wpb_row vc_row-fluid vc_row full-width-content vc_row-o-equal-height vc_row-flex vc_row-o-content-top parallax_section right_padding_10pct left_padding_10pct top_padding_tablet_25pct\"  style=\"padding-top: calc(100vw * 0.12); padding-bottom: calc(100vw * 0.12); \"><div class=\"row-bg-wrap\" data-bg-animation=\"zoom-out-slow\" data-bg-overlay=\"true\"><div class=\"inner-wrap using-image\"><div class=\"row-bg viewport-desktop using-image using-bg-color\" data-parallax-speed=\"fast\" style=\"background-image: url(https:\/\/env4cyp.eu\/wp-content\/uploads\/2017\/07\/cyprus1018-12-scaled.jpg); background-position: center bottom; background-repeat: no-repeat; background-color: #566678; \"><\/div><\/div><div class=\"row-bg-overlay\" style=\"background: rgba(10,10,10,0.4); background: linear-gradient(to bottom,rgba(10,10,10,0.4) 0%,#0a0a0a 100%);  opacity: 0.95; \"><\/div><\/div><div class=\"row_col_wrap_12 col span_12 light left\">\n\t<div  class=\"vc_col-sm-12 wpb_column column_container vc_column_container col centered-text no-extra-padding el_spacing_0px inherit_tablet inherit_phone\"  data-padding-pos=\"all\" data-has-bg-color=\"false\" data-bg-color=\"\" data-bg-opacity=\"1\" data-animation=\"\" data-delay=\"0\" >\n\t\t<div class=\"vc_column-inner\" >\n\t\t\t<div class=\"wpb_wrapper\">\n\t\t\t\t<div id=\"fws_69ea561e91bc6\" data-midnight=\"\" data-column-margin=\"none\" class=\"wpb_row vc_row-fluid vc_row inner_row\"  style=\" z-index: 100;\"><div class=\"row-bg-wrap\"> <div class=\"row-bg\" ><\/div> <\/div><div class=\"row_col_wrap_12_inner col span_12  left\">\n\t<div  class=\"vc_col-sm-12 wpb_column column_container vc_column_container col child_column no-extra-padding inherit_tablet inherit_phone\"   data-padding-pos=\"all\" data-has-bg-color=\"false\" data-bg-color=\"\" data-bg-opacity=\"1\" data-animation=\"\" data-delay=\"0\" >\n\t\t<div class=\"vc_column-inner\" >\n\t\t<div class=\"wpb_wrapper\">\n\t\t\t<div class=\"nectar-split-heading\" data-align=\"default\" data-m-align=\"inherit\" data-text-effect=\"none\" data-animation-type=\"line-reveal-by-space\" data-animation-delay=\"0\" data-animation-offset=\"\" data-m-rm-animation=\"\" data-stagger=\"true\" data-custom-font-size=\"true\" style=\"font-size: 3vw; line-height: 3.3vw;\"><h2 >De\u011fi\u015fimin bir par\u00e7as\u0131 olmak i\u00e7in K\u0131br\u0131s i\u00e7in \u00c7evre\u2019ye kat\u0131l\u0131n!<\/h2><\/div>\n<div class=\"wpb_text_column wpb_content_element\" >\n\t<div class=\"wpb_wrapper\">\n\t\t<div style=\"font-size: 23px;\">K\u0131br\u0131s\u2019ta \u00e7evreyi iyile\u015ftirmek i\u00e7in profesyonellerden olu\u015fan bir topluluk olu\u015fturuyoruz. \u00c7evre konulu problemlerin \u00e7\u00f6z\u00fcm\u00fcne kendini adam\u0131\u015f uzmanlar\u0131n ye\u015fil ekonomiye ge\u00e7i\u015fteki rol\u00fc \u00e7ok \u00f6nemlidir.<\/div>\n\t<\/div>\n<\/div>\n\n\n\n\n\t\t<\/div> \n\t<\/div>\n\t<\/div> \n<\/div><\/div><div id=\"fws_69ea561e91d76\" data-midnight=\"\" data-column-margin=\"default\" class=\"wpb_row vc_row-fluid vc_row inner_row  right_padding_30pct left_padding_30pct right_padding_tablet_15pct right_padding_phone_8pct left_padding_tablet_15pct left_padding_phone_8pct\"  style=\"\"><div class=\"row-bg-wrap\"> <div class=\"row-bg\" ><\/div> <\/div><div class=\"row_col_wrap_12_inner col span_12  left\">\n\t<div  class=\"vc_col-sm-12 wpb_column column_container vc_column_container col child_column no-extra-padding inherit_tablet inherit_phone\"   data-padding-pos=\"all\" data-has-bg-color=\"false\" data-bg-color=\"\" data-bg-opacity=\"1\" data-animation=\"\" data-delay=\"0\" >\n\t\t<div class=\"vc_column-inner\" >\n\t\t<div class=\"wpb_wrapper\">\n\t\t\t\n\t\t<\/div> \n\t<\/div>\n\t<\/div> \n<\/div><\/div>\n\t\t\t<\/div> \n\t\t<\/div>\n\t<\/div> \n<\/div><\/div>\n\t\t<div id=\"fws_69ea561e91e58\"  data-column-margin=\"default\" data-midnight=\"dark\"  class=\"wpb_row vc_row-fluid vc_row\"  style=\"padding-top: 0px; padding-bottom: 0px; \"><div class=\"row-bg-wrap\" data-bg-animation=\"none\" data-bg-overlay=\"false\"><div class=\"inner-wrap\"><div class=\"row-bg viewport-desktop\"  style=\"\"><\/div><\/div><\/div><div class=\"row_col_wrap_12 col span_12 dark left\">\n\t<div  class=\"vc_col-sm-12 wpb_column column_container vc_column_container col no-extra-padding inherit_tablet inherit_phone\"  data-padding-pos=\"all\" data-has-bg-color=\"false\" data-bg-color=\"\" data-bg-opacity=\"1\" data-animation=\"\" data-delay=\"0\" >\n\t\t<div class=\"vc_column-inner\" >\n\t\t\t<div class=\"wpb_wrapper\">\n\t\t\t\t\n\t\t\t<\/div> \n\t\t<\/div>\n\t<\/div> \n<\/div><\/div>\n\t\t<div id=\"fws_69ea561e91f0d\"  data-column-margin=\"default\" data-midnight=\"dark\" data-top-percent=\"5%\"  class=\"wpb_row vc_row-fluid vc_row\"  style=\"padding-top: calc(100vw * 0.05); padding-bottom: 0px; \"><div class=\"row-bg-wrap\" data-bg-animation=\"none\" data-bg-overlay=\"false\"><div class=\"inner-wrap\"><div class=\"row-bg viewport-desktop\"  style=\"\"><\/div><\/div><\/div><div class=\"row_col_wrap_12 col span_12 dark left\">\n\t<div  class=\"vc_col-sm-12 wpb_column column_container vc_column_container col no-extra-padding inherit_tablet inherit_phone\"  data-padding-pos=\"all\" data-has-bg-color=\"false\" data-bg-color=\"\" data-bg-opacity=\"1\" data-animation=\"\" data-delay=\"0\" >\n\t\t<div class=\"vc_column-inner\" >\n\t\t\t<div class=\"wpb_wrapper\">\n\t\t\t\t<p style=\"font-size: 22px;color: #46b884;text-align: center\" class=\"vc_custom_heading vc_custom_1720988138174\" ><b>K\u0131br\u0131s i\u00e7in \u00c7evre\u2019ye kat\u0131larak bu bilgi taban\u0131n\u0131n ve \u00e7evre odakl\u0131 toplulu\u011fun bir par\u00e7as\u0131 olun ve<\/b><\/p>\n\t\t\t<\/div> \n\t\t<\/div>\n\t<\/div> \n<\/div><\/div>\n\t\t<div id=\"fws_69ea561e920ce\"  data-column-margin=\"default\" data-midnight=\"dark\"  class=\"wpb_row vc_row-fluid vc_row  top_margin_-90px\"  style=\"padding-top: 0px; padding-bottom: 0px; \"><div class=\"row-bg-wrap\" data-bg-animation=\"none\" data-bg-overlay=\"false\"><div class=\"inner-wrap\"><div class=\"row-bg viewport-desktop\"  style=\"\"><\/div><\/div><\/div><div class=\"row_col_wrap_12 col span_12 dark left\">\n\t<div  class=\"vc_col-sm-12 wpb_column column_container vc_column_container col no-extra-padding inherit_tablet inherit_phone\"  data-padding-pos=\"all\" data-has-bg-color=\"false\" data-bg-color=\"\" data-bg-opacity=\"1\" data-animation=\"\" data-delay=\"0\" >\n\t\t<div class=\"vc_column-inner\" >\n\t\t\t<div class=\"wpb_wrapper\">\n\t\t\t\t<div class=\"nectar-flickity not-initialized nectar-carousel vertical-alignment-middle\" data-centered-cells=\"false\" data-pause-on-hover=\"\" data-touch-icon-color=\"default\" data-control-color=\"extra-color-3\" data-overflow=\"visible\" data-r-bottom-total=\"\" data-drag-scale=\"\" data-wrap=\"no-wrap\" data-spacing=\"5px\" data-controls=\"next_prev_arrows_overlaid\" data-pagination-alignment=\"default\" data-adaptive-height=\"\" data-border-radius=\"none\" data-column-border=\"\" data-column-padding=\"0\" data-format=\"default\" data-autoplay=\"\" data-autoplay-dur=\"5000\" data-control-style=\"material_pagination\" data-desktop-columns=\"4\" data-small-desktop-columns=\"4\" data-tablet-columns=\"1\" data-column-color=\"\"><div class=\"flickity-viewport\"> <div class=\"flickity-slider\"><div class=\"cell\"><div class=\"inner-wrap-outer\"><div class=\"inner-wrap\" ><div class=\"nectar-fancy-box using-img\" data-style=\"color_box_hover\" data-animation=\"\" data-hover-o=\"default\" data-border-radius=\"default\" data-border=\"true\" data-box-color-opacity=\"1\" data-delay=\"\" data-alignment=\"left\" data-color=\"accent-color\" ><div class=\"box-inner-wrap\"><div class=\"box-bg\"  style=\"background-image: url('https:\/\/env4cyp.eu\/wp-content\/uploads\/2024\/07\/1-scaled.jpg'); \"><\/div> <div class=\"inner\" style=\"min-height: 240px\"><div class=\"inner-wrap\">\n<p style=\"text-align: center\">Profesyonel geli\u015fim f\u0131rsatlar\u0131na eri\u015fim kazan\u0131n,<\/p>\n<\/div><\/div>  <\/div> <\/div><\/div><\/div><\/div><div class=\"cell\"><div class=\"inner-wrap-outer\"><div class=\"inner-wrap\" ><div class=\"nectar-fancy-box using-img\" data-style=\"color_box_hover\" data-animation=\"\" data-hover-o=\"default\" data-border-radius=\"default\" data-border=\"true\" data-box-color-opacity=\"1\" data-delay=\"\" data-alignment=\"right\" data-color=\"accent-color\" ><div class=\"box-inner-wrap\"><div class=\"box-bg\"  style=\"background-image: url('https:\/\/env4cyp.eu\/wp-content\/uploads\/2024\/07\/2-scaled.jpg'); \"><\/div> <div class=\"inner\" style=\"min-height: 240px\"><div class=\"inner-wrap\">\n<p style=\"text-align: center\">K\u0131br\u0131s'ta olumlu bir de\u011fi\u015fim yaratmay\u0131 hedefleyen ki\u015fi ve uzmanlardan olu\u015fan ekosistemin bir par\u00e7as\u0131 olun,<\/p>\n<\/div><\/div>  <\/div> <\/div><\/div><\/div><\/div><div class=\"cell\"><div class=\"inner-wrap-outer\"><div class=\"inner-wrap\" ><div class=\"nectar-fancy-box using-img\" data-style=\"color_box_hover\" data-animation=\"\" data-hover-o=\"default\" data-border-radius=\"default\" data-border=\"true\" data-box-color-opacity=\"1\" data-delay=\"\" data-alignment=\"left\" data-color=\"accent-color\" ><div class=\"box-inner-wrap\"><div class=\"box-bg\"  style=\"background-image: url('https:\/\/env4cyp.eu\/wp-content\/uploads\/2024\/07\/3.png'); \"><\/div> <div class=\"inner\" style=\"min-height: 240px\"><div class=\"inner-wrap\">\n<p style=\"text-align: center\">\u00c7evresel konularda teknik destek f\u0131rsatlar\u0131na eri\u015ferek rekabette \u00f6nde olun,<\/p>\n<\/div><\/div>  <\/div> <\/div><\/div><\/div><\/div><div class=\"cell\"><div class=\"inner-wrap-outer\"><div class=\"inner-wrap\" ><div class=\"nectar-fancy-box using-img\" data-style=\"color_box_hover\" data-animation=\"\" data-hover-o=\"default\" data-border-radius=\"default\" data-border=\"true\" data-box-color-opacity=\"1\" data-delay=\"\" data-alignment=\"right\" data-color=\"accent-color\" ><div class=\"box-inner-wrap\"><div class=\"box-bg\"  style=\"background-image: url('https:\/\/env4cyp.eu\/wp-content\/uploads\/2024\/07\/4-scaled.jpg'); \"><\/div> <div class=\"inner\" style=\"min-height: 240px\"><div class=\"inner-wrap\">\n<p style=\"text-align: center\">\u00c7evre profesyonellerinin projelerini, iyi uygulamalar\u0131n\u0131 ve \u00e7al\u0131\u015fmalar\u0131n\u0131 ke\u015ffedin.<\/p>\n<\/div><\/div>  <\/div> <\/div><\/div><\/div><\/div><\/div><\/div><\/div>\n\t\t\t<\/div> \n\t\t<\/div>\n\t<\/div> \n<\/div><\/div>\n\t\t<div id=\"fws_69ea561e92a24\"  data-column-margin=\"default\" data-midnight=\"dark\"  class=\"wpb_row vc_row-fluid vc_row\"  style=\"padding-top: 0px; padding-bottom: 0px; \"><div class=\"row-bg-wrap\" data-bg-animation=\"none\" data-bg-overlay=\"false\"><div class=\"inner-wrap\"><div class=\"row-bg viewport-desktop\"  style=\"\"><\/div><\/div><\/div><div class=\"row_col_wrap_12 col span_12 dark left\">\n\t<div  class=\"vc_col-sm-12 wpb_column column_container vc_column_container col no-extra-padding inherit_tablet inherit_phone\"  data-padding-pos=\"all\" data-has-bg-color=\"false\" data-bg-color=\"\" data-bg-opacity=\"1\" data-animation=\"\" data-delay=\"0\" >\n\t\t<div class=\"vc_column-inner\" >\n\t\t\t<div class=\"wpb_wrapper\">\n\t\t\t\t\n<div class=\"wpb_text_column wpb_content_element  vc_custom_1726877772989\" >\n\t<div class=\"wpb_wrapper\">\n\t\t<div id=\"Upcoming\">\n<h4 style=\"font-family: Roboto; text-align: center; font-size: 38px; line-height: 38px; color: #444;\"><a style=\"color: #444;\" href=\"https:\/\/env4cyp.eu\/tr\/trainings\/\" target=\"_blank\" rel=\"noopener\">E\u011fitimler<\/a><\/h4>\n<\/div>\n\t<\/div>\n<\/div>\n\n\n\n\n<div class=\"wpb_text_column wpb_content_element  vc_custom_1726877704759\" >\n\t<div class=\"wpb_wrapper\">\n\t\t<div id=\"Upcoming\">\n<p style=\"font-family: Roboto; text-align: center; font-size: 20px; line-height: 40px; color: #444;\"><a href=\"https:\/\/env4cyp.eu\/tr\/trainings\/\">T\u00fcm e\u011fitimler i\u00e7in t\u0131klay\u0131n<\/a><\/p>\n<\/div>\n\t<\/div>\n<\/div>\n\n\n\n\n\t\t\t<\/div> \n\t\t<\/div>\n\t<\/div> \n<\/div><\/div>\n\t\t<div id=\"services\"  data-column-margin=\"20px\" data-midnight=\"dark\"  class=\"wpb_row vc_row-fluid vc_row full-width-content vc_row-o-equal-height vc_row-flex vc_row-o-content-top  top_margin_-5px\"  style=\"padding-top: 0px; padding-bottom: 0px; \"><div class=\"row-bg-wrap\" data-bg-animation=\"none\" data-bg-overlay=\"false\"><div class=\"inner-wrap\"><div class=\"row-bg viewport-desktop\"  style=\"\"><\/div><\/div><\/div><div class=\"row_col_wrap_12 col span_12 dark left\">\n\t<div  class=\"vc_col-sm-12 wpb_column column_container vc_column_container col no-extra-padding inherit_tablet inherit_phone\"  data-padding-pos=\"all\" data-has-bg-color=\"false\" data-bg-color=\"\" data-bg-opacity=\"1\" data-animation=\"\" data-delay=\"0\" >\n\t\t<div class=\"vc_column-inner\" >\n\t\t\t<div class=\"wpb_wrapper\">\n\t\t\t\t<div id=\"fws_69ea561e92c3f\" data-midnight=\"\" data-column-margin=\"20px\" class=\"wpb_row vc_row-fluid vc_row inner_row\"  style=\"\"><div class=\"row-bg-wrap\"> <div class=\"row-bg\" ><\/div> <\/div><div class=\"row_col_wrap_12_inner col span_12  left\">\n\t<div  class=\"vc_col-sm-3 wpb_column column_container vc_column_container col child_column has-animation no-extra-padding inherit_tablet inherit_phone\"   data-padding-pos=\"all\" data-has-bg-color=\"false\" data-bg-color=\"\" data-bg-opacity=\"1\" data-animation=\"fade-in-from-bottom\" data-delay=\"0\" >\n\t\t<div class=\"vc_column-inner\" >\n\t\t<div class=\"wpb_wrapper\">\n\t\t\t<div class=\"nectar-fancy-box using-img\" style=\"min-height: 400px\" data-style=\"hover_desc\" data-border-radius=\"default\" data-animation=\"\" data-bg-animation=\"long_zoom\" data-border=\"\" data-delay=\"\" data-alignment=\"left\" data-color=\"accent-color\" ><div class=\"box-bg\"  data-nectar-img-src=\"https:\/\/env4cyp.eu\/wp-content\/uploads\/2024\/09\/2974b816-490a-4d06-b2cc-dc6d665db212.jpg\"><\/div><div class=\"inner\"><div class=\"heading-wrap\">\n<h3>Bilgi G\u00fc\u00e7t\u00fcr IV<\/h3>\n<\/div><div class=\"hover-content\">Veri Analiti\u011fi E\u011fitimi (EI4 \u2013 \u00c7evre Y\u00f6netiminde GIS Kullan\u0131m\u0131) Lefko\u015fa'da<br \/>\nBa\u015fvuru S\u00fcresi Bitti<\/div><\/div>  <a  href=\"https:\/\/env4cyp.eu\/tr\/training-7\/\" class=\"box-link\"><\/a> <\/div>\n\t\t<\/div> \n\t<\/div>\n\t<\/div> \n\n\t<div  class=\"vc_col-sm-3 wpb_column column_container vc_column_container col child_column has-animation no-extra-padding inherit_tablet inherit_phone\"   data-padding-pos=\"all\" data-has-bg-color=\"false\" data-bg-color=\"\" data-bg-opacity=\"1\" data-animation=\"fade-in-from-bottom\" data-delay=\"150\" >\n\t\t<div class=\"vc_column-inner\" >\n\t\t<div class=\"wpb_wrapper\">\n\t\t\t<div class=\"nectar-fancy-box using-img\" style=\"min-height: 400px\" data-style=\"hover_desc\" data-border-radius=\"default\" data-animation=\"\" data-bg-animation=\"long_zoom\" data-border=\"\" data-delay=\"\" data-alignment=\"left\" data-color=\"accent-color\" ><div class=\"box-bg\"  data-nectar-img-src=\"https:\/\/env4cyp.eu\/wp-content\/uploads\/2024\/08\/33c4dfd9-b4bc-4a95-89cc-5a5e8f310bfc.png\"><\/div><div class=\"inner\"><div class=\"heading-wrap\">\n<h3>Bilgi G\u00fc\u00e7t\u00fcr III<\/h3>\n<\/div><div class=\"hover-content\">Veri Analiti\u011fi E\u011fitimi (EI3) Trikomo\/\u0130skele\u2019de.<br \/>\nBa\u015fvuru S\u00fcresi Bitti<\/div><\/div>  <a target=\"_blank\" href=\"https:\/\/env4cyp.eu\/tr\/training-6\/\" class=\"box-link\"><\/a> <\/div>\n\t\t<\/div> \n\t<\/div>\n\t<\/div> \n\n\t<div  class=\"vc_col-sm-3 wpb_column column_container vc_column_container col child_column has-animation no-extra-padding inherit_tablet inherit_phone\"   data-padding-pos=\"all\" data-has-bg-color=\"false\" data-bg-color=\"\" data-bg-opacity=\"1\" data-animation=\"fade-in-from-bottom\" data-delay=\"100\" >\n\t\t<div class=\"vc_column-inner\" >\n\t\t<div class=\"wpb_wrapper\">\n\t\t\t<div class=\"nectar-fancy-box using-img\" style=\"min-height: 400px\" data-style=\"hover_desc\" data-border-radius=\"default\" data-animation=\"\" data-bg-animation=\"long_zoom\" data-border=\"\" data-delay=\"\" data-alignment=\"left\" data-color=\"accent-color\" ><div class=\"box-bg\"  data-nectar-img-src=\"https:\/\/env4cyp.eu\/wp-content\/uploads\/2024\/05\/5-800x800-1.jpeg\"><\/div><div class=\"inner\"><div class=\"heading-wrap\">\n<h3>Ba\u015f Denet\u00e7i E\u011fitimi<\/h3>\n<\/div><div class=\"hover-content\">\u00c7evre Y\u00f6netim Sistemleri (EMS 2)<br \/>\nBa\u015fvuru S\u00fcresi Bitti<\/div><\/div>  <a  href=\"https:\/\/env4cyp.eu\/tr\/training-4\/\" class=\"box-link\"><\/a> <\/div>\n\t\t<\/div> \n\t<\/div>\n\t<\/div> \n\n\t<div  class=\"vc_col-sm-3 wpb_column column_container vc_column_container col child_column has-animation no-extra-padding inherit_tablet inherit_phone\"   data-padding-pos=\"all\" data-has-bg-color=\"false\" data-bg-color=\"\" data-bg-opacity=\"1\" data-animation=\"fade-in-from-bottom\" data-delay=\"50\" >\n\t\t<div class=\"vc_column-inner\" >\n\t\t<div class=\"wpb_wrapper\">\n\t\t\t<div class=\"nectar-fancy-box using-img\" style=\"min-height: 400px\" data-style=\"hover_desc\" data-border-radius=\"default\" data-animation=\"\" data-bg-animation=\"long_zoom\" data-border=\"\" data-delay=\"\" data-alignment=\"left\" data-color=\"accent-color\" ><div class=\"box-bg\"  data-nectar-img-src=\"https:\/\/env4cyp.eu\/wp-content\/uploads\/2024\/05\/Training_3_foto-1-800x800-1.jpg\"><\/div><div class=\"inner\"><div class=\"heading-wrap\">\n<h3>Bilgi G\u00fc\u00e7t\u00fcr II<\/h3>\n<\/div><div class=\"hover-content\">Veri Analiti\u011fi E\u011fitimi (EI2) <br><br \/>\nBa\u015fvuru S\u00fcresi Bitti<\/div><\/div>   <\/div>\n\t\t<\/div> \n\t<\/div>\n\t<\/div> \n<\/div><\/div>\n\t\t\t<\/div> \n\t\t<\/div>\n\t<\/div> \n<\/div><\/div>","protected":false},"excerpt":{"rendered":"Join Environment for Cyprus to be part of the change! We are building a community of professionals to improve the environment in Cyprus. Committed and...","protected":false},"author":1,"featured_media":0,"parent":0,"menu_order":0,"comment_status":"closed","ping_status":"closed","template":"","meta":{"_view_id":"","footnotes":""},"class_list":["post-6613","page","type-page","status-publish"],"_links":{"self":[{"href":"https:\/\/env4cyp.eu\/tr\/wp-json\/wp\/v2\/pages\/6613","targetHints":{"allow":["GET"]}}],"collection":[{"href":"https:\/\/env4cyp.eu\/tr\/wp-json\/wp\/v2\/pages"}],"about":[{"href":"https:\/\/env4cyp.eu\/tr\/wp-json\/wp\/v2\/types\/page"}],"author":[{"embeddable":true,"href":"https:\/\/env4cyp.eu\/tr\/wp-json\/wp\/v2\/users\/1"}],"replies":[{"embeddable":true,"href":"https:\/\/env4cyp.eu\/tr\/wp-json\/wp\/v2\/comments?post=6613"}],"version-history":[{"count":167,"href":"https:\/\/env4cyp.eu\/tr\/wp-json\/wp\/v2\/pages\/6613\/revisions"}],"predecessor-version":[{"id":8535,"href":"https:\/\/env4cyp.eu\/tr\/wp-json\/wp\/v2\/pages\/6613\/revisions\/8535"}],"wp:attachment":[{"href":"https:\/\/env4cyp.eu\/tr\/wp-json\/wp\/v2\/media?parent=6613"}],"curies":[{"name":"wp","href":"https:\/\/api.w.org\/{rel}","templated":true}]}}