{"id":6573,"date":"2024-02-23T22:47:31","date_gmt":"2024-02-23T19:47:31","guid":{"rendered":"https:\/\/env4cyp.eu\/?page_id=6573"},"modified":"2024-03-25T01:23:24","modified_gmt":"2024-03-24T22:23:24","slug":"application-for-technical-assistance-form","status":"publish","type":"page","link":"https:\/\/env4cyp.eu\/tr\/application-for-technical-assistance-form\/","title":{"rendered":"Application for Technical Assistance\u00a0Form"},"content":{"rendered":"<div id=\"fws_69ea855561d43\"  data-column-margin=\"default\" data-midnight=\"light\" data-top-percent=\"12%\" data-bottom-percent=\"12%\"  class=\"wpb_row vc_row-fluid vc_row full-width-content vc_row-o-equal-height vc_row-flex vc_row-o-content-top parallax_section right_padding_10pct left_padding_10pct top_padding_tablet_25pct\"  style=\"padding-top: calc(100vw * 0.12); padding-bottom: calc(100vw * 0.12); \"><div class=\"row-bg-wrap\" data-bg-animation=\"zoom-out-slow\" data-bg-overlay=\"true\"><div class=\"inner-wrap using-image\"><div class=\"row-bg viewport-desktop using-image using-bg-color\" data-parallax-speed=\"fast\" style=\"background-image: url(https:\/\/env4cyp.eu\/wp-content\/uploads\/2024\/03\/vecteezy_photo-environmental-technology-and-sustainable-development_23042596-scaled.jpg); background-position: center center; background-repeat: no-repeat; background-color: #566678; \"><\/div><\/div><div class=\"row-bg-overlay\" style=\"background: rgba(10,10,10,0.4); background: linear-gradient(to bottom,rgba(10,10,10,0.4) 0%,#0a0a0a 100%);  opacity: 0.95; \"><\/div><\/div><div class=\"row_col_wrap_12 col span_12 light left\">\n\t<div  class=\"vc_col-sm-12 wpb_column column_container vc_column_container col centered-text no-extra-padding el_spacing_0px inherit_tablet inherit_phone\"  data-padding-pos=\"all\" data-has-bg-color=\"false\" data-bg-color=\"\" data-bg-opacity=\"1\" data-animation=\"\" data-delay=\"0\" >\n\t\t<div class=\"vc_column-inner\" >\n\t\t\t<div class=\"wpb_wrapper\">\n\t\t\t\t<div id=\"fws_69ea8555626b7\" data-midnight=\"\" data-column-margin=\"none\" class=\"wpb_row vc_row-fluid vc_row inner_row\"  style=\" z-index: 100;\"><div class=\"row-bg-wrap\"> <div class=\"row-bg\" ><\/div> <\/div><div class=\"row_col_wrap_12_inner col span_12  left\">\n\t<div  class=\"vc_col-sm-12 wpb_column column_container vc_column_container col child_column no-extra-padding inherit_tablet inherit_phone\"   data-padding-pos=\"all\" data-has-bg-color=\"false\" data-bg-color=\"\" data-bg-opacity=\"1\" data-animation=\"\" data-delay=\"0\" >\n\t\t<div class=\"vc_column-inner\" >\n\t\t<div class=\"wpb_wrapper\">\n\t\t\t<div class=\"nectar-split-heading\" data-align=\"default\" data-m-align=\"inherit\" data-text-effect=\"none\" data-animation-type=\"line-reveal-by-space\" data-animation-delay=\"0\" data-animation-offset=\"\" data-m-rm-animation=\"\" data-stagger=\"true\" data-custom-font-size=\"true\" style=\"font-size: 3vw; line-height: 3.3vw;\"><h2 >Teknik Destek i\u00e7in Ba\u015fvuru Formu<\/h2><\/div>\n<div class=\"wpb_text_column wpb_content_element\" >\n\t<div class=\"wpb_wrapper\">\n\t\t<div style=\"font-size:22px;\">L\u00fctfen bize projeniz hakk\u0131nda bilgi verin. Ekibimiz sizinle ileti\u015fime ge\u00e7ecektir.<\/div>\n\t<\/div>\n<\/div>\n\n\n\n\n\t\t<\/div> \n\t<\/div>\n\t<\/div> \n<\/div><\/div>\n\t\t\t<\/div> \n\t\t<\/div>\n\t<\/div> \n<\/div><\/div>\n\t\t<div id=\"fws_69ea85556319b\"  data-column-margin=\"default\" data-midnight=\"dark\" data-top-percent=\"3%\"  class=\"wpb_row vc_row-fluid vc_row\"  style=\"padding-top: calc(100vw * 0.03); padding-bottom: 0px; \"><div class=\"row-bg-wrap\" data-bg-animation=\"none\" data-bg-overlay=\"false\"><div class=\"inner-wrap\"><div class=\"row-bg viewport-desktop\"  style=\"\"><\/div><\/div><\/div><div class=\"row_col_wrap_12 col span_12 dark left\">\n\t<div  class=\"vc_col-sm-2 wpb_column column_container vc_column_container col no-extra-padding inherit_tablet inherit_phone\"  data-padding-pos=\"all\" data-has-bg-color=\"false\" data-bg-color=\"\" data-bg-opacity=\"1\" data-animation=\"\" data-delay=\"0\" >\n\t\t<div class=\"vc_column-inner\" >\n\t\t\t<div class=\"wpb_wrapper\">\n\t\t\t\t\n\t\t\t<\/div> \n\t\t<\/div>\n\t<\/div> \n\n\t<div style=\"\" class=\"vc_col-sm-8 wpb_column column_container vc_column_container col padding-2-percent inherit_tablet inherit_phone\" data-using-bg=\"true\" data-border-animation=\"\" data-border-animation-delay=\"\" data-border-width=\"1px\" data-border-style=\"solid\" data-border-color=\"#d3d3d3\" data-padding-pos=\"all\" data-has-bg-color=\"true\" data-bg-color=\"#f4f4f4\" data-bg-opacity=\"1\" data-animation=\"\" data-delay=\"0\" >\n\t\t<div class=\"vc_column-inner\" style=\"border: 1px solid rgba(255,255,255,0); \"><span class=\"border-wrap\" style=\"border-color: #d3d3d3;\"><span class=\"border-top\"><\/span><span class=\"border-right\"><\/span><span class=\"border-bottom\"><\/span><span class=\"border-left\"><\/span><\/span><div class=\"column-bg-overlay-wrap column-bg-layer\" data-bg-animation=\"none\"><div class=\"column-bg-overlay\" style=\"opacity: 1; background-color: #f4f4f4;\"><\/div><\/div>\n\t\t\t<div class=\"wpb_wrapper\">\n\t\t\t\t<div class=\"wpforms-container wpforms-container-full\" id=\"wpforms-6565\"><form id=\"wpforms-form-6565\" class=\"wpforms-validate wpforms-form wpforms-ajax-form\" data-formid=\"6565\" method=\"post\" enctype=\"multipart\/form-data\" action=\"\/tr\/wp-json\/wp\/v2\/pages\/6573\" data-token=\"0f1f42d622c2d593c5ccbc31f54d1be5\" data-trp-original-action=\"\/tr\/wp-json\/wp\/v2\/pages\/6573\"><noscript class=\"wpforms-error-noscript\">Bu formu bitirebilmek i\u00e7in taray\u0131c\u0131n\u0131zda JavaScript&#039;i etkinle\u015ftirin.<\/noscript><div class=\"wpforms-field-container\"><div id=\"wpforms-6565-field_21-container\" class=\"wpforms-field wpforms-field-html\" data-field-id=\"21\"><div id=\"wpforms-6565-field_21\"><p>Ba\u015fruvurunuz, proje kapsam\u0131yla ilgisi, giri\u015fimin etkisi ve teknik deste\u011fin uygulanabilirli\u011fi a\u00e7\u0131s\u0131ndan de\u011ferlendirilecektir. Ba\u015fvurunuzun \u00f6nceliklendirilmesi halinde proje ekibimiz sizilne ileti\u015fime ge\u00e7ecektir. Ba\u015fvuru de\u011ferlendirme s\u00fcrecinde proke ekibi sizden ek bilgi talep edebilir.<\/p>\r\n<br>\r\n <p>\r\nSa\u011flanacak olan Teknik Destek farkl\u0131 formatlarda olabilmektedir. En \u00f6ne \u00e7\u0131kan format ise ba\u015fvuruda tan\u0131mlanan konuda kapasite art\u0131rma amac\u0131yla profesyonel ki\u015filere y\u00f6nelik e\u011fitim oturumlar\u0131 d\u00fczenlemektir. \u0130htiya\u00e7lar do\u011frultusunda konuda deneyim sahibi ki\u015filerle bilgi al\u0131\u015fveri\u015fi yapma, tart\u0131\u015fma forumu, \u00e7al\u0131\u015ftay, veri toplama giri\u015fimi veya benzeri formatlarda olabilir. <\/p>\r\n<\/div><\/div><div id=\"wpforms-6565-field_5-container\" class=\"wpforms-field wpforms-field-name\" data-field-id=\"5\"><label class=\"wpforms-field-label\" for=\"wpforms-6565-field_5\">\u0130sim ve Soyisim <span class=\"wpforms-required-label\">*<\/span><\/label><input type=\"text\" id=\"wpforms-6565-field_5\" class=\"wpforms-field-large wpforms-field-required\" name=\"wpforms[fields][5]\" required><\/div><div id=\"wpforms-6565-field_6-container\" class=\"wpforms-field wpforms-field-email\" data-field-id=\"6\"><label class=\"wpforms-field-label\" for=\"wpforms-6565-field_6\">E-mail adresiniz <span class=\"wpforms-required-label\">*<\/span><\/label><input type=\"email\" id=\"wpforms-6565-field_6\" class=\"wpforms-field-large wpforms-field-required\" name=\"wpforms[fields][6]\" required><\/div><div id=\"wpforms-6565-field_7-container\" class=\"wpforms-field wpforms-field-phone\" data-field-id=\"7\"><label class=\"wpforms-field-label\" for=\"wpforms-6565-field_7\">Telefon numaran\u0131z <span class=\"wpforms-required-label\">*<\/span><\/label><input type=\"tel\" id=\"wpforms-6565-field_7\" class=\"wpforms-field-large wpforms-field-required wpforms-smart-phone-field\" data-rule-smart-phone-field=\"true\" name=\"wpforms[fields][7]\" required><\/div><div id=\"wpforms-6565-field_8-container\" class=\"wpforms-field wpforms-field-name\" data-field-id=\"8\"><label class=\"wpforms-field-label\" for=\"wpforms-6565-field_8\">Mesle\u011finiz <span class=\"wpforms-required-label\">*<\/span><\/label><input type=\"text\" id=\"wpforms-6565-field_8\" class=\"wpforms-field-large wpforms-field-required\" name=\"wpforms[fields][8]\" required><\/div><div id=\"wpforms-6565-field_22-container\" class=\"wpforms-field wpforms-field-name\" data-field-id=\"22\"><label class=\"wpforms-field-label\" for=\"wpforms-6565-field_22\">Temsil etti\u011finiz kurum\/ kurulu\u015f\/ organizasyon  <span class=\"wpforms-required-label\">*<\/span><\/label><input type=\"text\" id=\"wpforms-6565-field_22\" class=\"wpforms-field-large wpforms-field-required\" name=\"wpforms[fields][22]\" required><\/div><div id=\"wpforms-6565-field_20-container\" class=\"wpforms-field wpforms-field-select wpforms-field-select-style-classic\" data-field-id=\"20\"><label class=\"wpforms-field-label\" for=\"wpforms-6565-field_20\">Teknik destek almak istedi\u011finiz konu nedir?  L\u00fctfen \u00fczerinde \u00e7al\u0131\u015ft\u0131\u011f\u0131n\u0131z \u00e7evre sorununu ele alan 5 temadan birini se\u00e7iniz ? <span class=\"wpforms-required-label\">*<\/span><\/label><select id=\"wpforms-6565-field_20\" class=\"wpforms-field-medium wpforms-field-required\" name=\"wpforms[fields][20]\" required=\"required\"><option value=\"Circular Economy \" >D\u00f6ng\u00fcsel Ekonomi <\/option><option value=\"Water and Marine Resources \" >Su ve Deniz Kaynaklar\u0131 <\/option><option value=\"Biodiversity and Ecosystems\" >Biyo\u00e7e\u015fitlilik ve Ekosistemler<\/option><option value=\"Pollution\" >Kirlilik<\/option><option value=\"Climate Change\" >\u0130klim De\u011fi\u015fikli\u011fi<\/option><\/select><\/div><div id=\"wpforms-6565-field_10-container\" class=\"wpforms-field wpforms-field-name\" data-field-id=\"10\"><label class=\"wpforms-field-label\" for=\"wpforms-6565-field_10\">Teknik destek almak istedi\u011finiz konu nedir?  <span class=\"wpforms-required-label\">*<\/span><\/label><input type=\"text\" id=\"wpforms-6565-field_10\" class=\"wpforms-field-large wpforms-field-required\" name=\"wpforms[fields][10]\" required><\/div><div id=\"wpforms-6565-field_18-container\" class=\"wpforms-field wpforms-field-name\" data-field-id=\"18\"><label class=\"wpforms-field-label\" for=\"wpforms-6565-field_18\">Hangi formatta ve ne t\u00fcr bir Teknik destek \u00e7al\u0131\u015fmas\u0131n\u0131n daha faydal\u0131 olaca\u011f\u0131n\u0131 d\u00fc\u015f\u00fcn\u00fcyorsunuz? <span class=\"wpforms-required-label\">*<\/span><\/label><input type=\"text\" id=\"wpforms-6565-field_18\" class=\"wpforms-field-large wpforms-field-required\" name=\"wpforms[fields][18]\" required><\/div><div id=\"wpforms-6565-field_19-container\" class=\"wpforms-field wpforms-field-name\" data-field-id=\"19\"><label class=\"wpforms-field-label\" for=\"wpforms-6565-field_19\">Projeniz veya Teknik destek \u00e7al\u0131\u015fmas\u0131 kapsam\u0131nda iki toplumlu bir unsur veya her iki toplumdan insanlar\u0131 dahil etme potansiyeli var m\u0131d\u0131r? <span class=\"wpforms-required-label\">*<\/span><\/label><input type=\"text\" id=\"wpforms-6565-field_19\" class=\"wpforms-field-large wpforms-field-required\" name=\"wpforms[fields][19]\" required><\/div><div id=\"wpforms-6565-field_11-container\" class=\"wpforms-field wpforms-field-name\" data-field-id=\"11\"><label class=\"wpforms-field-label\" for=\"wpforms-6565-field_11\">Talep edilen teknik destek, devam etmekte olan bir kirlilik ile ilgiliyse konu ile daha fazla bilgi sa\u011flay\u0131n\u0131z. <\/label><input type=\"text\" id=\"wpforms-6565-field_11\" class=\"wpforms-field-large\" name=\"wpforms[fields][11]\" ><\/div><div id=\"wpforms-6565-field_16-container\" class=\"wpforms-field wpforms-field-name\" data-field-id=\"16\"><label class=\"wpforms-field-label\" for=\"wpforms-6565-field_16\">Bu projeye dahil olabilecek di\u011fer payda\u015flar kimlerdir?\u201d<\/label><input type=\"text\" id=\"wpforms-6565-field_16\" class=\"wpforms-field-large\" name=\"wpforms[fields][16]\" ><\/div><div id=\"wpforms-6565-field_17-container\" class=\"wpforms-field wpforms-field-name\" data-field-id=\"17\"><label class=\"wpforms-field-label\" for=\"wpforms-6565-field_17\">Teknik deste\u011fin e\u011fitim veya \u00e7al\u0131\u015ftay format\u0131nda olmas\u0131 bekleniyor ise, Teknik Destek \u00e7al\u0131\u015fmas\u0131na kat\u0131lmas\u0131 beklenen ki\u015fi say\u0131s\u0131 nedir?<\/label><input type=\"text\" id=\"wpforms-6565-field_17\" class=\"wpforms-field-large\" name=\"wpforms[fields][17]\" ><\/div><div id=\"wpforms-6565-field_14-container\" class=\"wpforms-field wpforms-field-checkbox\" data-field-id=\"14\"><label class=\"wpforms-field-label wpforms-label-hide\" for=\"wpforms-6565-field_14\">Terms of Service. <span class=\"wpforms-required-label\">*<\/span><\/label><ul id=\"wpforms-6565-field_14\" class=\"wpforms-field-required\"><li class=\"choice-1 depth-1\"><input type=\"checkbox\" id=\"wpforms-6565-field_14_1\" name=\"wpforms[fields][14][]\" value=\"Data Protection Notice&lt;br&gt; By ticking yes, you consent to sharing your data with the organizers of the training for the purpose explained in the &lt;a href=&quot;https:\/\/env4cyp.eu\/privacy-policy\/&quot; target=&quot;_blank&quot;&gt;  Data Protection Notice   &lt;\/a&gt; and in the context of this project, in accordance with the GDPR regulations of the European Union.\" required><label class=\"wpforms-field-label-inline\" for=\"wpforms-6565-field_14_1\">Veri Koruma Bildirimi<br> Evet se\u00e7ene\u011fini se\u00e7erek, verilerinizin Veri Koruma Bildirimi'nde <a href=\"https:\/\/env4cyp.eu\/tr\/privacy-policy\/\" target=\"_blank\">  Veri Koruma Bildirimi   <\/a> a\u00e7\u0131klanan ama\u00e7 do\u011frultusunda ve bu proje kapsam\u0131nda Avrupa Birli\u011fi'nin GDPR d\u00fczenlemelerine uygun olarak Stantec \u015firketi ile payla\u015f\u0131lmas\u0131na izin vermi\u015f olursunuz.<\/label><\/li><\/ul><\/div><\/div><div class=\"wpforms-recaptcha-container wpforms-is-recaptcha\"><div class=\"g-recaptcha\" data-sitekey=\"6LdSmKQpAAAAAF0O1vrpXSlOBwnbef42wkJS5la7\"><\/div><input type=\"text\" name=\"g-recaptcha-hidden\" class=\"wpforms-recaptcha-hidden\" style=\"position:absolute!important;clip:rect(0,0,0,0)!important;height:1px!important;width:1px!important;border:0!important;overflow:hidden!important;padding:0!important;margin:0!important;\" required><\/div><div class=\"wpforms-submit-container\"><input type=\"hidden\" name=\"wpforms[id]\" value=\"6565\"><input type=\"hidden\" name=\"wpforms[author]\" value=\"1\"><button type=\"submit\" name=\"wpforms[submit]\" id=\"wpforms-submit-6565\" class=\"wpforms-submit\" data-alt-text=\"Sending...\" data-submit-text=\"Submit\" aria-live=\"assertive\" value=\"wpforms-submit\">G\u00f6nder<\/button><img decoding=\"async\" src=\"https:\/\/env4cyp.eu\/wp-content\/plugins\/wpforms\/assets\/images\/submit-spin.svg\" class=\"wpforms-submit-spinner\" style=\"display: none;\" width=\"26\" height=\"26\" alt=\"\"><\/div><input type=\"hidden\" name=\"trp-form-language\" value=\"tr\"\/><\/form><\/div>  <!-- .wpforms-container -->\n\t\t\t<\/div> \n\t\t<\/div>\n\t<\/div> \n\n\t<div  class=\"vc_col-sm-2 wpb_column column_container vc_column_container col no-extra-padding inherit_tablet inherit_phone\"  data-padding-pos=\"all\" data-has-bg-color=\"false\" data-bg-color=\"\" data-bg-opacity=\"1\" data-animation=\"\" data-delay=\"0\" >\n\t\t<div class=\"vc_column-inner\" >\n\t\t\t<div class=\"wpb_wrapper\">\n\t\t\t\t\n\t\t\t<\/div> \n\t\t<\/div>\n\t<\/div> \n<\/div><\/div>","protected":false},"excerpt":{"rendered":"Application for Technical Assistance Please tell us more about your initiative. Our team will be in touch with you. Bu formu bitirebilmek i\u00e7in taray\u0131c\u0131n\u0131zda JavaScript&#039;i...","protected":false},"author":1,"featured_media":0,"parent":0,"menu_order":0,"comment_status":"closed","ping_status":"closed","template":"","meta":{"_view_id":"","footnotes":""},"class_list":["post-6573","page","type-page","status-publish"],"_links":{"self":[{"href":"https:\/\/env4cyp.eu\/tr\/wp-json\/wp\/v2\/pages\/6573","targetHints":{"allow":["GET"]}}],"collection":[{"href":"https:\/\/env4cyp.eu\/tr\/wp-json\/wp\/v2\/pages"}],"about":[{"href":"https:\/\/env4cyp.eu\/tr\/wp-json\/wp\/v2\/types\/page"}],"author":[{"embeddable":true,"href":"https:\/\/env4cyp.eu\/tr\/wp-json\/wp\/v2\/users\/1"}],"replies":[{"embeddable":true,"href":"https:\/\/env4cyp.eu\/tr\/wp-json\/wp\/v2\/comments?post=6573"}],"version-history":[{"count":24,"href":"https:\/\/env4cyp.eu\/tr\/wp-json\/wp\/v2\/pages\/6573\/revisions"}],"predecessor-version":[{"id":7786,"href":"https:\/\/env4cyp.eu\/tr\/wp-json\/wp\/v2\/pages\/6573\/revisions\/7786"}],"wp:attachment":[{"href":"https:\/\/env4cyp.eu\/tr\/wp-json\/wp\/v2\/media?parent=6573"}],"curies":[{"name":"wp","href":"https:\/\/api.w.org\/{rel}","templated":true}]}}