{"id":10058,"date":"2025-05-19T19:02:38","date_gmt":"2025-05-19T16:02:38","guid":{"rendered":"https:\/\/env4cyp.eu\/?page_id=10058"},"modified":"2025-06-12T10:17:42","modified_gmt":"2025-06-12T07:17:42","slug":"training-14","status":"publish","type":"page","link":"https:\/\/env4cyp.eu\/tr\/training-14\/","title":{"rendered":"Training 14"},"content":{"rendered":"<div id=\"fws_69ea5610651a9\"  data-column-margin=\"none\" data-midnight=\"custom\" data-top-percent=\"15%\" data-bottom-percent=\"15%\"  class=\"wpb_row vc_row-fluid vc_row full-width-section parallax_section top_padding_tablet_30pct top_padding_phone_40pct bottom_padding_tablet_30pct bottom_padding_phone_40pct\"  style=\"padding-top: calc(100vw * 0.15); padding-bottom: calc(100vw * 0.15); \"><div class=\"row-bg-wrap\" data-bg-animation=\"zoom-out\" data-bg-overlay=\"true\"><div class=\"inner-wrap using-image\"><div class=\"row-bg viewport-desktop using-image using-bg-color\" data-parallax-speed=\"fast\" style=\"background-image: url(https:\/\/env4cyp.eu\/wp-content\/uploads\/organics-banner-scaled.png); background-position: left top; background-repeat: no-repeat; background-color: #727272; \"><\/div><\/div><div class=\"row-bg-overlay\" style=\"background: #000000; background: radial-gradient(50% 50% at 50% 50%,#000000 0%,#000000 100%);  opacity: 0.5; \"><\/div><\/div><div class=\"row_col_wrap_12 col span_12 custom left\">\n\t<div  class=\"vc_col-sm-12 wpb_column column_container vc_column_container col force-phone-text-align-center no-extra-padding el_spacing_0px inherit_tablet inherit_phone\"  data-padding-pos=\"all\" data-has-bg-color=\"false\" data-bg-color=\"\" data-bg-opacity=\"1\" data-animation=\"\" data-delay=\"0\" >\n\t\t<div class=\"vc_column-inner\" >\n\t\t\t<div class=\"wpb_wrapper\">\n\t\t\t\t<div id=\"fws_69ea5610653cc\" data-midnight=\"\" data-column-margin=\"default\" class=\"wpb_row vc_row-fluid vc_row inner_row\"  style=\" z-index: 20;\"><div class=\"row-bg-wrap\"> <div class=\"row-bg\" ><\/div> <\/div><div class=\"row_col_wrap_12_inner col span_12  left\">\n\t<div style=\" color: #ffffff;\" class=\"vc_col-sm-12 wpb_column column_container vc_column_container col child_column no-extra-padding el_spacing_0px inherit_tablet inherit_phone\" data-cfc=\"true\"  data-padding-pos=\"all\" data-has-bg-color=\"false\" data-bg-color=\"\" data-bg-opacity=\"1\" data-animation=\"\" data-delay=\"0\" >\n\t\t<div class=\"vc_column-inner\" >\n\t\t<div class=\"wpb_wrapper\">\n\t\t\t<div class=\"nectar-split-heading\" data-align=\"default\" data-m-align=\"inherit\" data-text-effect=\"none\" data-animation-type=\"line-reveal-by-space\" data-animation-delay=\"200\" data-animation-offset=\"\" data-m-rm-animation=\"\" data-stagger=\"true\" data-custom-font-size=\"true\" style=\"font-size: 7vh; line-height: 7.7vh;\"><h2 >Ar\u0131tma \u00c7amuru ve Ye\u015fil At\u0131klardan G\u00fcbre \u00dcretimi E\u011fitimi<\/h2><\/div>\n<div class=\"wpb_text_column wpb_content_element\" >\n\t<div class=\"wpb_wrapper\">\n\t\t<p>\u00c7evre Profesyonellerine Y\u00f6nelik D\u00f6ng\u00fcsel At\u0131k Y\u00f6netimi E\u011fitimine Kat\u0131l\u0131n. Uzmanlardan \u00f6\u011frenin. Saha ziyaretlerine kat\u0131l\u0131n. K\u0131br\u0131s\u2019\u0131n iklim adaptasyonuna katk\u0131da bulunun.<\/p>\n\t<\/div>\n<\/div>\n\n\n\n\n\t\t<\/div> \n\t<\/div>\n\t<\/div> \n<\/div><\/div><div id=\"fws_69ea561065581\" data-midnight=\"\" data-column-margin=\"default\" class=\"wpb_row vc_row-fluid vc_row inner_row\"  style=\" z-index: 20;\"><div class=\"row-bg-wrap\"> <div class=\"row-bg\" ><\/div> <\/div><div class=\"row_col_wrap_12_inner col span_12  left\">\n\t<div style=\" color: #ffffff;\" class=\"vc_col-sm-12 wpb_column column_container vc_column_container col child_column has-animation no-extra-padding el_spacing_0px inherit_tablet inherit_phone\" data-cfc=\"true\"  data-padding-pos=\"all\" data-has-bg-color=\"false\" data-bg-color=\"\" data-bg-opacity=\"1\" data-animation=\"fade-in-from-bottom\" data-delay=\"650\" >\n\t\t<div class=\"vc_column-inner\" >\n\t\t<div class=\"wpb_wrapper\">\n\t\t\t<div class=\"nectar-cta  alignment_tablet_default alignment_phone_default display_tablet_inherit display_phone_inherit\" data-color=\"default\" data-using-bg=\"false\" data-display=\"block\" data-style=\"underline\" data-alignment=\"left\" data-text-color=\"custom\" style=\"margin-top: 30px; margin-bottom: 20px; \"><p style=\"color: #ffffff;\"> <span class=\"text\"> <\/span><span class=\"link_wrap\" style=\"padding-top: 18px; padding-bottom: 18px; \"><a  class=\"link_text\" style=\"border-color: #ffffff;\" href=\"#\">Ba\u015fvuru S\u00fcresi Bitti<\/a><\/span><\/p><\/div>\n\t\t<\/div> \n\t<\/div>\n\t<\/div> \n<\/div><\/div>\n\t\t\t<\/div> \n\t\t<\/div>\n\t<\/div> \n<\/div><\/div>\n\t\t<div id=\"fws_69ea56106570f\"  data-column-margin=\"default\" data-midnight=\"light\" data-top-percent=\"2%\" data-bottom-percent=\"2%\"  class=\"wpb_row vc_row-fluid vc_row full-width-section\"  style=\"padding-top: calc(100vw * 0.02); padding-bottom: calc(100vw * 0.02); \"><div class=\"row-bg-wrap\" data-bg-animation=\"none\" data-bg-overlay=\"false\"><div class=\"inner-wrap\"><div class=\"row-bg viewport-desktop using-bg-color\"  style=\"background-color: #3d3d3d; \"><\/div><\/div><\/div><div class=\"row_col_wrap_12 col span_12 light left\">\n\t<div  class=\"vc_col-sm-12 wpb_column column_container vc_column_container col has-animation no-extra-padding inherit_tablet inherit_phone\"  data-padding-pos=\"all\" data-has-bg-color=\"false\" data-bg-color=\"\" data-bg-opacity=\"1\" data-animation=\"fade-in-from-bottom\" data-delay=\"0\" >\n\t\t<div class=\"vc_column-inner\" >\n\t\t\t<div class=\"wpb_wrapper\">\n\t\t\t\t<h3 style=\"color: #46b884;text-align: left;font-family:Roboto;font-weight:900;font-style:normal\" class=\"vc_custom_heading\" >\u00d6nemli Bilgiler:<\/h3><div id=\"fws_69ea5610658a1\" data-midnight=\"\" data-column-margin=\"default\" class=\"wpb_row vc_row-fluid vc_row inner_row\"  style=\"\"><div class=\"row-bg-wrap\"> <div class=\"row-bg\" ><\/div> <\/div><div class=\"row_col_wrap_12_inner col span_12  left\">\n\t<div  class=\"vc_col-sm-12 wpb_column column_container vc_column_container col child_column has-animation no-extra-padding inherit_tablet inherit_phone\"   data-padding-pos=\"all\" data-has-bg-color=\"false\" data-bg-color=\"\" data-bg-opacity=\"1\" data-animation=\"fade-in-from-bottom\" data-delay=\"0\" >\n\t\t<div class=\"vc_column-inner\" >\n\t\t<div class=\"wpb_wrapper\">\n\t\t\t<div class=\"nectar-hor-list-item\" data-hover-effect=\"default\" data-br=\"0px\" data-font-family=\"h5\" data-color=\"accent-color\" data-columns=\"2\" data-column-layout=\"small_first\"><div class=\"nectar-list-item\" data-icon=\"true\" data-text-align=\"left\"><i class=\"item-icon fa fa-calendar\" data-size=\"regular\"><\/i>E\u011fitim Tarihleri<\/div><div class=\"nectar-list-item\" data-text-align=\"left\">16 \u201317 Haziran 2025<\/div><\/div><div class=\"nectar-hor-list-item\" data-hover-effect=\"default\" data-br=\"0px\" data-font-family=\"h5\" data-color=\"accent-color\" data-columns=\"2\" data-column-layout=\"small_first\"><div class=\"nectar-list-item\" data-icon=\"true\" data-text-align=\"left\"><i class=\"item-icon fa fa-clock-o\" data-size=\"regular\"><\/i>E\u011fitim Saati<\/div><div class=\"nectar-list-item\" data-text-align=\"left\">08:45-15:00<\/div><\/div><div class=\"nectar-hor-list-item has-btn\" data-hover-effect=\"default\" data-br=\"0px\" data-font-family=\"h5\" data-color=\"accent-color\" data-columns=\"2\" data-column-layout=\"small_first\"><div class=\"nectar-list-item\" data-icon=\"true\" data-text-align=\"left\"><i class=\"item-icon fa fa-globe\" data-size=\"regular\"><\/i>Yer<\/div><div class=\"nectar-list-item\" data-text-align=\"left\">Dayan\u0131\u015fma Evi, Lefko\u015fa + Saha Ziyareti<a class=\"nectar-list-item-btn\" href=\"https:\/\/maps.app.goo.gl\/5Z3WvforXxGUTk6U8\" target=\"_blank\">Harita<\/a><\/div><\/div><div class=\"nectar-hor-list-item\" data-hover-effect=\"default\" data-br=\"0px\" data-font-family=\"h5\" data-color=\"accent-color\" data-columns=\"2\" data-column-layout=\"small_first\"><div class=\"nectar-list-item\" data-icon=\"true\" data-text-align=\"left\"><i class=\"item-icon fa fa-calendar-o\" data-size=\"regular\"><\/i>Son Ba\u015fvuru Tarihi<\/div><div class=\"nectar-list-item\" data-text-align=\"left\">10 Haziran 2025<\/div><\/div><div class=\"nectar-hor-list-item\" data-hover-effect=\"default\" data-br=\"0px\" data-font-family=\"h5\" data-color=\"accent-color\" data-columns=\"2\" data-column-layout=\"small_first\"><div class=\"nectar-list-item\" data-icon=\"true\" data-text-align=\"left\"><i class=\"item-icon fa fa-book\" data-size=\"regular\"><\/i>Hedef Kat\u0131l\u0131mc\u0131lar<\/div><div class=\"nectar-list-item\" data-text-align=\"left\">\u00c7evre profesyonelleri<\/div><\/div><div class=\"nectar-hor-list-item\" data-hover-effect=\"default\" data-br=\"0px\" data-font-family=\"h5\" data-color=\"accent-color\" data-columns=\"2\" data-column-layout=\"small_first\"><div class=\"nectar-list-item\" data-icon=\"true\" data-text-align=\"left\"><i class=\"item-icon fa fa-phone\" data-size=\"regular\"><\/i>\u0130leti\u015fim<\/div><div class=\"nectar-list-item\" data-text-align=\"left\">+90 533 867 46 22 | info@env4cyp.eu<\/div><\/div><div class=\"nectar-hor-list-item\" data-hover-effect=\"default\" data-br=\"0px\" data-font-family=\"h5\" data-color=\"accent-color\" data-columns=\"2\" data-column-layout=\"small_first\"><div class=\"nectar-list-item\" data-icon=\"true\" data-text-align=\"left\"><i class=\"item-icon fa fa-language\" data-size=\"regular\"><\/i>E\u011fitim Dili<\/div><div class=\"nectar-list-item\" data-text-align=\"left\">T\u00fcrk\u00e7e (\u0130ngilizce simultane \u00e7eviri sa\u011flanacakt\u0131r.)<\/div><\/div><div class=\"nectar-hor-list-item\" data-hover-effect=\"default\" data-br=\"0px\" data-font-family=\"h5\" data-color=\"accent-color\" data-columns=\"2\" data-column-layout=\"small_first\"><div class=\"nectar-list-item\" data-icon=\"true\" data-text-align=\"left\"><i class=\"item-icon fa fa-sticky-note-o\" data-size=\"regular\"><\/i>Not<\/div><div class=\"nectar-list-item\" data-text-align=\"left\">S\u0131n\u0131rl\u0131 kontenjan<\/div><\/div>\n\t\t<\/div> \n\t<\/div>\n\t<\/div> \n<\/div><\/div>\n\t\t\t<\/div> \n\t\t<\/div>\n\t<\/div> \n<\/div><\/div>\n\t\t<div id=\"fws_69ea561065bda\"  data-column-margin=\"default\" data-midnight=\"dark\" data-top-percent=\"5%\"  class=\"wpb_row vc_row-fluid vc_row\"  style=\"padding-top: calc(100vw * 0.05); padding-bottom: 0px; \"><div class=\"row-bg-wrap\" data-bg-animation=\"none\" data-bg-overlay=\"false\"><div class=\"inner-wrap\"><div class=\"row-bg viewport-desktop\"  style=\"\"><\/div><\/div><\/div><div class=\"row_col_wrap_12 col span_12 dark center\">\n\t<div  class=\"vc_col-sm-8 wpb_column column_container vc_column_container col no-extra-padding inherit_tablet inherit_phone\"  data-padding-pos=\"all\" data-has-bg-color=\"false\" data-bg-color=\"\" data-bg-opacity=\"1\" data-animation=\"\" data-delay=\"0\" >\n\t\t<div class=\"vc_column-inner\" >\n\t\t\t<div class=\"wpb_wrapper\">\n\t\t\t\t<h2 style=\"font-size: 18px;color: #46b884;text-align: left;font-family:Roboto;font-weight:900;font-style:normal\" class=\"vc_custom_heading vc_custom_1710113622707\" >Genel Bilgi<\/h2>\n<div class=\"wpb_text_column wpb_content_element\" >\n\t<div class=\"wpb_wrapper\">\n\t\t<div style=\"text-align: justify; text-justify: inter-word;\">\n<p><strong>Neden \u00e7amur ve ye\u015fil at\u0131k umurunuzda olsun?<\/strong><br \/>\n\u00c7\u00fcnk\u00fc onlar sadece at\u0131k de\u011fil\u2014daha temiz \u015fehirler, daha d\u00fc\u015f\u00fck maliyetler ve daha sa\u011fl\u0131kl\u0131 topraklar i\u00e7in kullan\u0131lmam\u0131\u015f kaynaklard\u0131r.<br \/>\n<strong>Bu e\u011fitimde:<\/strong><\/p>\n<ul>\n<li>\u00a0Ar\u0131tma \u00e7amurunu ve budama at\u0131klar\u0131n\u0131 y\u00fcksek kaliteli organik g\u00fcbreye d\u00f6n\u00fc\u015ft\u00fcrme,<\/li>\n<li>\u00a0Sentetik g\u00fcbrelere olan ba\u011f\u0131ml\u0131l\u0131\u011f\u0131 azaltma,<\/li>\n<li>\u00a0Yerel tar\u0131m\u0131 ve g\u0131da g\u00fcvenli\u011fini g\u00fc\u00e7lendirme,<\/li>\n<li>\u00a0D\u00fczenli depolama ve at\u0131k ta\u015f\u0131ma maliyetlerini d\u00fc\u015f\u00fcrme,<\/li>\n<li>\u00a0Yeni ye\u015fil giri\u015fimler ve k\u00fc\u00e7\u00fck \u00f6l\u00e7ekli d\u00f6ng\u00fcsel i\u015fletmeler yaratma,<\/li>\n<li>\u00a0Kimyasal kullan\u0131m\u0131n\u0131 ve at\u0131k yakmay\u0131 azaltarak halk sa\u011fl\u0131\u011f\u0131n\u0131 iyile\u015ftirme,<\/li>\n<\/ul>\n<\/div>\n\t<\/div>\n<\/div>\n\n\n\n\n<div class=\"wpb_text_column wpb_content_element\" >\n\t<div class=\"wpb_wrapper\">\n\t\t<div style=\"text-align: justify; text-justify: inter-word;\">\n<h2 class=\"vc_custom_heading vc_custom_1710113622707\" style=\"font-size: 18px; color: #46b884; text-align: left; font-family: Roboto; font-weight: 900; font-style: normal;\">\u00a0E\u011fitim Program<\/h2>\n<p><strong>Pazartesi, 16 Haziran<\/strong><br \/>\n<strong>Sabah \u2013 Bilgi ve Yenilikler<\/strong><br \/>\n\u2022 Ar\u0131tma \u00e7amuru ve ye\u015fil at\u0131klar\u0131n kaliteli g\u00fcbreye d\u00f6n\u00fc\u015f\u00fcm\u00fcne dair g\u00fcncel ara\u015ft\u0131rmalar<br \/>\n\u2022 Tar\u0131mda d\u00f6ng\u00fcsel ekonomi politikalar\u0131 ve te\u015fvikler\n\u00d6\u011fleden sonra \u2013 Tar\u0131msal Ara\u015ft\u0131rma Enstit\u00fcs\u00fc Saha Ziyareti<br \/>\n<strong>\u2022 Tar\u0131msal Ara\u015ft\u0131rma Enstit\u00fcs\u00fc Saha Ziyareti<\/strong><br \/>\n\u2022 G\u00fcbre \u00fcretiminin sahadaki uygulamalar\u0131na y\u00f6nelik pilot \u00e7al\u0131\u015fmalara saha ziyareti<\/p>\n<p><strong>Sal\u0131, 17 Haziran<\/strong><br \/>\n<strong>Sabah \u2013 Toplumlar aras\u0131 Bilgi Payla\u015f\u0131m\u0131<\/strong><br \/>\nAt\u0131ksu \u00e7amurunun toprak kalitesini art\u0131rma ve tah\u0131l \u00fcretimine katk\u0131lar\u0131<br \/>\nOrganik toprak iyile\u015ftirmenin somut faydalar\u0131na dair g\u00fcncel ara\u015ft\u0131rmalar<br \/>\n<strong>\u00d6\u011fleden sonra \u2013 Grup \u00c7al\u0131\u015fmas\u0131 ve Stratejilerin Belirlenmesi<\/strong><br \/>\n\u2022 D\u00f6ng\u00fcsel g\u00fcbre \u00fcretimini yayg\u0131nla\u015ft\u0131rmak i\u00e7in \u00e7\u00f6z\u00fcmler<br \/>\n\u2022 Ara\u015ft\u0131rma, \u00fcretim ve ticarile\u015ftirme alanlar\u0131nda iki toplumlu i\u015f birli\u011fi f\u0131rsatlar\u0131<\/p>\n<\/div>\n\t<\/div>\n<\/div>\n\n\n\n\n\t\t\t<\/div> \n\t\t<\/div>\n\t<\/div> \n\n\t<div  class=\"vc_col-sm-4 wpb_column column_container vc_column_container col no-extra-padding inherit_tablet inherit_phone\"  data-padding-pos=\"bottom\" data-has-bg-color=\"false\" data-bg-color=\"\" data-bg-opacity=\"1\" data-animation=\"\" data-delay=\"0\" >\n\t\t<div class=\"vc_column-inner\" >\n\t\t\t<div class=\"wpb_wrapper\">\n\t\t\t\t<div class=\"nectar-fancy-box   vc_custom_1747672253048\" data-style=\"color_box_hover\" data-animation=\"\" data-hover-o=\"default\" data-border-radius=\"default\" data-border=\"true\" data-box-color-opacity=\"1\" data-delay=\"\" data-alignment=\"center\" data-color=\"accent-color\" ><div class=\"box-inner-wrap\"><div class=\"box-bg\" ><\/div> <div class=\"inner\" style=\"min-height: 120px\"><div class=\"inner-wrap\"><i class=\"icon-default-style fa fa-rss\" data-color=\"accent-color\" style=\"font-size: 56px!important; line-height: 56px!important;\"><\/i>\n<h5>Ar\u0131tma \u00c7amuru ve Ye\u015fil At\u0131klardan G\u00fcbre \u00dcretimi -<br \/>\n\u00c7evre Profesyonellerine Y\u00f6nelik D\u00f6ng\u00fcsel At\u0131k Y\u00f6netimi E\u011fitimi<\/h5>\n<\/div><\/div>  <\/div> <\/div><div class=\"nectar-fancy-box   vc_custom_1749712658966\" data-style=\"color_box_hover\" data-animation=\"\" data-hover-o=\"default\" data-border-radius=\"default\" data-border=\"true\" data-box-color-opacity=\"1\" data-delay=\"\" data-alignment=\"center\" data-color=\"accent-color\" ><div class=\"box-inner-wrap\"><div class=\"box-bg\" ><\/div> <div class=\"inner\" style=\"min-height: 120px\"><div class=\"inner-wrap\"><i class=\"icon-default-style fa fa-calendar\" data-color=\"accent-color\" style=\"font-size: 56px!important; line-height: 56px!important;\"><\/i>\n<h5>Ba\u015fvuru S\u00fcresi Bitti<\/h5>\n<\/div><\/div>  <a  href=\"#\" class=\"box-link\"><\/a><\/div> <\/div>\n\t\t\t<\/div> \n\t\t<\/div>\n\t<\/div> \n<\/div><\/div>","protected":false},"excerpt":{"rendered":"Producing Organic Fertilizer from Sludge & Green Waste Training Join the Circular Organics Training for Environmental Professionals. Learn from experts. Visit real sites. Contribute to...","protected":false},"author":1,"featured_media":0,"parent":0,"menu_order":0,"comment_status":"closed","ping_status":"closed","template":"","meta":{"_view_id":"","footnotes":""},"class_list":["post-10058","page","type-page","status-publish"],"_links":{"self":[{"href":"https:\/\/env4cyp.eu\/tr\/wp-json\/wp\/v2\/pages\/10058","targetHints":{"allow":["GET"]}}],"collection":[{"href":"https:\/\/env4cyp.eu\/tr\/wp-json\/wp\/v2\/pages"}],"about":[{"href":"https:\/\/env4cyp.eu\/tr\/wp-json\/wp\/v2\/types\/page"}],"author":[{"embeddable":true,"href":"https:\/\/env4cyp.eu\/tr\/wp-json\/wp\/v2\/users\/1"}],"replies":[{"embeddable":true,"href":"https:\/\/env4cyp.eu\/tr\/wp-json\/wp\/v2\/comments?post=10058"}],"version-history":[{"count":23,"href":"https:\/\/env4cyp.eu\/tr\/wp-json\/wp\/v2\/pages\/10058\/revisions"}],"predecessor-version":[{"id":10143,"href":"https:\/\/env4cyp.eu\/tr\/wp-json\/wp\/v2\/pages\/10058\/revisions\/10143"}],"wp:attachment":[{"href":"https:\/\/env4cyp.eu\/tr\/wp-json\/wp\/v2\/media?parent=10058"}],"curies":[{"name":"wp","href":"https:\/\/api.w.org\/{rel}","templated":true}]}}