{"id":8355,"date":"2024-08-27T22:16:38","date_gmt":"2024-08-27T19:16:38","guid":{"rendered":"https:\/\/env4cyp.eu\/?page_id=8355"},"modified":"2024-09-19T01:53:24","modified_gmt":"2024-09-18T22:53:24","slug":"training-6","status":"publish","type":"page","link":"https:\/\/env4cyp.eu\/gr\/training-6\/","title":{"rendered":"Training 6"},"content":{"rendered":"<div id=\"fws_69ea6f0c309ee\"  data-column-margin=\"none\" data-midnight=\"custom\" data-top-percent=\"15%\" data-bottom-percent=\"15%\"  class=\"wpb_row vc_row-fluid vc_row full-width-section parallax_section top_padding_tablet_30pct top_padding_phone_40pct bottom_padding_tablet_30pct bottom_padding_phone_40pct\"  style=\"padding-top: calc(100vw * 0.15); padding-bottom: calc(100vw * 0.15); \"><div class=\"row-bg-wrap\" data-bg-animation=\"zoom-out\" data-bg-overlay=\"true\"><div class=\"inner-wrap using-image\"><div class=\"row-bg viewport-desktop using-image using-bg-color\" data-parallax-speed=\"fast\" style=\"background-image: url(https:\/\/env4cyp.eu\/wp-content\/uploads\/2024\/08\/33c4dfd9-b4bc-4a95-89cc-5a5e8f310bfc.png); background-position: center center; background-repeat: no-repeat; background-color: #9fc5d0; \"><\/div><\/div><div class=\"row-bg-overlay\" style=\"background: #000000; background: radial-gradient(50% 50% at 50% 50%,#000000 0%,#000000 100%);  opacity: 0.5; \"><\/div><\/div><div class=\"row_col_wrap_12 col span_12 custom left\">\n\t<div  class=\"vc_col-sm-12 wpb_column column_container vc_column_container col force-phone-text-align-center no-extra-padding el_spacing_0px inherit_tablet inherit_phone\"  data-padding-pos=\"all\" data-has-bg-color=\"false\" data-bg-color=\"\" data-bg-opacity=\"1\" data-animation=\"\" data-delay=\"0\" >\n\t\t<div class=\"vc_column-inner\" >\n\t\t\t<div class=\"wpb_wrapper\">\n\t\t\t\t<div id=\"fws_69ea6f0c30b26\" data-midnight=\"\" data-column-margin=\"default\" class=\"wpb_row vc_row-fluid vc_row inner_row\"  style=\" z-index: 20;\"><div class=\"row-bg-wrap\"> <div class=\"row-bg\" ><\/div> <\/div><div class=\"row_col_wrap_12_inner col span_12  left\">\n\t<div style=\" color: #ffffff;\" class=\"vc_col-sm-12 wpb_column column_container vc_column_container col child_column no-extra-padding el_spacing_0px inherit_tablet inherit_phone\" data-cfc=\"true\"  data-padding-pos=\"all\" data-has-bg-color=\"false\" data-bg-color=\"\" data-bg-opacity=\"1\" data-animation=\"\" data-delay=\"0\" >\n\t\t<div class=\"vc_column-inner\" >\n\t\t<div class=\"wpb_wrapper\">\n\t\t\t<div class=\"nectar-split-heading\" data-align=\"default\" data-m-align=\"inherit\" data-text-effect=\"none\" data-animation-type=\"line-reveal-by-space\" data-animation-delay=\"200\" data-animation-offset=\"\" data-m-rm-animation=\"\" data-stagger=\"true\" data-custom-font-size=\"true\" style=\"font-size: 8vh; line-height: 8.8vh;\"><h2 >Information is Power :<\/h2><\/div><div class=\"nectar-split-heading\" data-align=\"default\" data-m-align=\"inherit\" data-text-effect=\"none\" data-animation-type=\"line-reveal-by-space\" data-animation-delay=\"200\" data-animation-offset=\"\" data-m-rm-animation=\"\" data-stagger=\"\" data-custom-font-size=\"true\" style=\"font-size: 8vh; line-height: 8.8vh;\"><h2 >Training in Data Analytics (EI3)<br \/>\nin Trikomo\/\u0130skele.<\/h2><\/div>\n<div class=\"wpb_text_column wpb_content_element\" >\n\t<div class=\"wpb_wrapper\">\n\t\t<p>Explore the challenges, build the necessary skills to use data for environmental management, and unlock the opportunities to improve your career and the environment.<\/p>\n\t<\/div>\n<\/div>\n\n\n\n\n\t\t<\/div> \n\t<\/div>\n\t<\/div> \n<\/div><\/div><div id=\"fws_69ea6f0c30c9f\" data-midnight=\"\" data-column-margin=\"default\" class=\"wpb_row vc_row-fluid vc_row inner_row\"  style=\" z-index: 20;\"><div class=\"row-bg-wrap\"> <div class=\"row-bg\" ><\/div> <\/div><div class=\"row_col_wrap_12_inner col span_12  left\">\n\t<div style=\" color: #ffffff;\" class=\"vc_col-sm-12 wpb_column column_container vc_column_container col child_column has-animation no-extra-padding el_spacing_0px inherit_tablet inherit_phone\" data-cfc=\"true\"  data-padding-pos=\"all\" data-has-bg-color=\"false\" data-bg-color=\"\" data-bg-opacity=\"1\" data-animation=\"fade-in-from-bottom\" data-delay=\"650\" >\n\t\t<div class=\"vc_column-inner\" >\n\t\t<div class=\"wpb_wrapper\">\n\t\t\t<div class=\"nectar-cta  alignment_tablet_default alignment_phone_default display_tablet_inherit display_phone_inherit\" data-color=\"default\" data-using-bg=\"false\" data-display=\"block\" data-style=\"underline\" data-alignment=\"left\" data-text-color=\"custom\" style=\"margin-top: 30px; margin-bottom: 20px; \"><span style=\"color: #ffffff;\" class=\"nectar-button-type\"> <span class=\"text\"> <\/span><span class=\"link_wrap\" style=\"padding-top: 18px; padding-bottom: 18px; \"><a  class=\"link_text\" style=\"border-color: #ffffff;\" href=\"\">Applications Closed<\/a><\/span><\/span><\/div>\n\t\t<\/div> \n\t<\/div>\n\t<\/div> \n<\/div><\/div>\n\t\t\t<\/div> \n\t\t<\/div>\n\t<\/div> \n<\/div><\/div>\n\t\t<div id=\"fws_69ea6f0c30daa\"  data-column-margin=\"default\" data-midnight=\"light\" data-top-percent=\"2%\" data-bottom-percent=\"2%\"  class=\"wpb_row vc_row-fluid vc_row full-width-section\"  style=\"padding-top: calc(100vw * 0.02); padding-bottom: calc(100vw * 0.02); \"><div class=\"row-bg-wrap\" data-bg-animation=\"none\" data-bg-overlay=\"false\"><div class=\"inner-wrap\"><div class=\"row-bg viewport-desktop using-bg-color\"  style=\"background-color: #3d3d3d; \"><\/div><\/div><\/div><div class=\"row_col_wrap_12 col span_12 light left\">\n\t<div  class=\"vc_col-sm-12 wpb_column column_container vc_column_container col has-animation no-extra-padding inherit_tablet inherit_phone\"  data-padding-pos=\"all\" data-has-bg-color=\"false\" data-bg-color=\"\" data-bg-opacity=\"1\" data-animation=\"fade-in-from-bottom\" data-delay=\"0\" >\n\t\t<div class=\"vc_column-inner\" >\n\t\t\t<div class=\"wpb_wrapper\">\n\t\t\t\t<h3 style=\"color: #46b884;text-align: left;font-family:Roboto;font-weight:900;font-style:normal\" class=\"vc_custom_heading\" >Key Details<\/h3><div id=\"fws_69ea6f0c30ed7\" data-midnight=\"\" data-column-margin=\"default\" class=\"wpb_row vc_row-fluid vc_row inner_row\"  style=\"\"><div class=\"row-bg-wrap\"> <div class=\"row-bg\" ><\/div> <\/div><div class=\"row_col_wrap_12_inner col span_12  left\">\n\t<div  class=\"vc_col-sm-12 wpb_column column_container vc_column_container col child_column has-animation no-extra-padding inherit_tablet inherit_phone\"   data-padding-pos=\"all\" data-has-bg-color=\"false\" data-bg-color=\"\" data-bg-opacity=\"1\" data-animation=\"fade-in-from-bottom\" data-delay=\"0\" >\n\t\t<div class=\"vc_column-inner\" >\n\t\t<div class=\"wpb_wrapper\">\n\t\t\t<div class=\"nectar-hor-list-item\" data-hover-effect=\"default\" data-br=\"0px\" data-font-family=\"h5\" data-color=\"accent-color\" data-columns=\"2\" data-column-layout=\"small_first\"><div class=\"nectar-list-item\" data-icon=\"true\" data-text-align=\"left\"><i class=\"item-icon fa fa-calendar\" data-size=\"regular\"><\/i>Training Dates<\/div><div class=\"nectar-list-item\" data-text-align=\"left\">9, 10, 11 October 2024 (3-day training)<\/div><\/div><div class=\"nectar-hor-list-item has-btn\" data-hover-effect=\"default\" data-br=\"0px\" data-font-family=\"h5\" data-color=\"accent-color\" data-columns=\"2\" data-column-layout=\"small_first\"><div class=\"nectar-list-item\" data-icon=\"true\" data-text-align=\"left\"><i class=\"item-icon fa fa-globe\" data-size=\"regular\"><\/i>Venue<\/div><div class=\"nectar-list-item\" data-text-align=\"left\">Osman A\u011fa K\u00fclt\u00fcr Evi, Trikomo\/\u0130skele<a class=\"nectar-list-item-btn\" href=\"\" >\u03c7\u03ac\u03c1\u03c4\u03b7\u03c2<\/a><\/div><a class=\"full-link\" href=\"https:\/\/maps.app.goo.gl\/sELMQVRjc56skR9F9\"><\/a><\/div><div class=\"nectar-hor-list-item\" data-hover-effect=\"default\" data-br=\"0px\" data-font-family=\"h5\" data-color=\"accent-color\" data-columns=\"2\" data-column-layout=\"small_first\"><div class=\"nectar-list-item\" data-icon=\"true\" data-text-align=\"left\"><i class=\"item-icon fa fa-calendar-o\" data-size=\"regular\"><\/i>Deadline to Apply<\/div><div class=\"nectar-list-item\" data-text-align=\"left\">18 September 2024  | Applications Closed<\/div><\/div><div class=\"nectar-hor-list-item\" data-hover-effect=\"default\" data-br=\"0px\" data-font-family=\"h5\" data-color=\"accent-color\" data-columns=\"2\" data-column-layout=\"small_first\"><div class=\"nectar-list-item\" data-icon=\"true\" data-text-align=\"left\"><i class=\"item-icon fa fa-book\" data-size=\"regular\"><\/i>Target Participants<\/div><div class=\"nectar-list-item\" data-text-align=\"left\">Environmental Professionals<\/div><\/div><div class=\"nectar-hor-list-item\" data-hover-effect=\"default\" data-br=\"0px\" data-font-family=\"h5\" data-color=\"accent-color\" data-columns=\"2\" data-column-layout=\"small_first\"><div class=\"nectar-list-item\" data-icon=\"true\" data-text-align=\"left\"><i class=\"item-icon fa fa-book\" data-size=\"regular\"><\/i>Training Language<\/div><div class=\"nectar-list-item\" data-text-align=\"left\">English (simultaneous translation to Turkish will be available)<\/div><\/div><div class=\"nectar-hor-list-item\" data-hover-effect=\"default\" data-br=\"0px\" data-font-family=\"h5\" data-color=\"accent-color\" data-columns=\"2\" data-column-layout=\"small_first\"><div class=\"nectar-list-item\" data-icon=\"true\" data-text-align=\"left\"><i class=\"item-icon fa fa-phone\" data-size=\"regular\"><\/i>Contact<\/div><div class=\"nectar-list-item\" data-text-align=\"left\">+90 533 867 46 22 | info@env4cyp.eu<\/div><\/div>\n\t\t<\/div> \n\t<\/div>\n\t<\/div> \n<\/div><\/div>\n\t\t\t<\/div> \n\t\t<\/div>\n\t<\/div> \n<\/div><\/div>\n\t\t<div id=\"fws_69ea6f0c310c5\"  data-column-margin=\"default\" data-midnight=\"dark\" data-top-percent=\"5%\"  class=\"wpb_row vc_row-fluid vc_row\"  style=\"padding-top: calc(100vw * 0.05); padding-bottom: 0px; \"><div class=\"row-bg-wrap\" data-bg-animation=\"none\" data-bg-overlay=\"false\"><div class=\"inner-wrap\"><div class=\"row-bg viewport-desktop\"  style=\"\"><\/div><\/div><\/div><div class=\"row_col_wrap_12 col span_12 dark center\">\n\t<div  class=\"vc_col-sm-8 wpb_column column_container vc_column_container col no-extra-padding inherit_tablet inherit_phone\"  data-padding-pos=\"all\" data-has-bg-color=\"false\" data-bg-color=\"\" data-bg-opacity=\"1\" data-animation=\"\" data-delay=\"0\" >\n\t\t<div class=\"vc_column-inner\" >\n\t\t\t<div class=\"wpb_wrapper\">\n\t\t\t\t<h2 style=\"font-size: 18px;color: #46b884;text-align: left;font-family:Roboto;font-weight:900;font-style:normal\" class=\"vc_custom_heading vc_custom_1710113670426\" >\u0395\u03c0\u03b9\u03c3\u03ba\u03cc\u03c0\u03b7\u03c3\u03b7<\/h2>\n<div class=\"wpb_text_column wpb_content_element\" >\n\t<div class=\"wpb_wrapper\">\n\t\t<div style=\"text-align: justify; text-justify: inter-word;\">\n<p>This training features theoretical knowledge and practical tools for collection, management, analysis and dissemination of environmental information, builds the necessary skills to work with environmental information using freely available modern information sources and data management tools for environmental management in a wide range of environmental fields. The training will be facilitated by experts in the field, providing invaluable insights and guidance. A certificate will be presented to the participants, who successfully complete the training.<\/p>\n<p><strong><span style=\"color: #46b884;\">After your application:<br \/>\n<\/span><\/strong>Successful applicants, selected on the basis of their application, will be notified of their acceptance 1-2 weeks before the training date.<\/p>\n<\/div>\n\t<\/div>\n<\/div>\n\n\n\n\n\t\t\t<\/div> \n\t\t<\/div>\n\t<\/div> \n\n\t<div  class=\"vc_col-sm-4 wpb_column column_container vc_column_container col no-extra-padding inherit_tablet inherit_phone\"  data-padding-pos=\"bottom\" data-has-bg-color=\"false\" data-bg-color=\"\" data-bg-opacity=\"1\" data-animation=\"\" data-delay=\"0\" >\n\t\t<div class=\"vc_column-inner\" >\n\t\t\t<div class=\"wpb_wrapper\">\n\t\t\t\t<div class=\"nectar-fancy-box   vc_custom_1726699957417\" data-style=\"color_box_hover\" data-animation=\"\" data-hover-o=\"default\" data-border-radius=\"default\" data-border=\"true\" data-box-color-opacity=\"1\" data-delay=\"\" data-alignment=\"center\" data-color=\"accent-color\" ><div class=\"box-inner-wrap\"><div class=\"box-bg\" ><\/div> <div class=\"inner\" style=\"min-height: 120px\"><div class=\"inner-wrap\"><i class=\"icon-default-style fa fa-rss\" data-color=\"accent-color\" style=\"font-size: 56px!important; line-height: 56px!important;\"><\/i>\n<h5>Training in Data Analytics (EI3)<br \/>in Trikomo\/\u0130skele.<\/h5>\n<\/div><\/div>  <\/div> <\/div><div class=\"nectar-fancy-box   vc_custom_1726699986288\" data-style=\"color_box_hover\" data-animation=\"\" data-hover-o=\"default\" data-border-radius=\"default\" data-border=\"true\" data-box-color-opacity=\"1\" data-delay=\"\" data-alignment=\"center\" data-color=\"accent-color\" ><div class=\"box-inner-wrap\"><div class=\"box-bg\" ><\/div> <div class=\"inner\" style=\"min-height: 120px\"><div class=\"inner-wrap\"><i class=\"icon-default-style fa fa-calendar\" data-color=\"accent-color\" style=\"font-size: 56px!important; line-height: 56px!important;\"><\/i>\n<h5>Applications Closed<\/h5>\n<p>&nbsp;<\/div><\/div>  <\/div> <\/div>\n\t\t\t<\/div> \n\t\t<\/div>\n\t<\/div> \n<\/div><\/div>","protected":false},"excerpt":{"rendered":"Information is Power :Training in Data Analytics (EI3) in Trikomo\/\u0130skele. Explore the challenges, build the necessary skills to use data for environmental management, and unlock...","protected":false},"author":1,"featured_media":0,"parent":0,"menu_order":0,"comment_status":"closed","ping_status":"closed","template":"","meta":{"_view_id":"","footnotes":""},"class_list":["post-8355","page","type-page","status-publish"],"_links":{"self":[{"href":"https:\/\/env4cyp.eu\/gr\/wp-json\/wp\/v2\/pages\/8355","targetHints":{"allow":["GET"]}}],"collection":[{"href":"https:\/\/env4cyp.eu\/gr\/wp-json\/wp\/v2\/pages"}],"about":[{"href":"https:\/\/env4cyp.eu\/gr\/wp-json\/wp\/v2\/types\/page"}],"author":[{"embeddable":true,"href":"https:\/\/env4cyp.eu\/gr\/wp-json\/wp\/v2\/users\/1"}],"replies":[{"embeddable":true,"href":"https:\/\/env4cyp.eu\/gr\/wp-json\/wp\/v2\/comments?post=8355"}],"version-history":[{"count":19,"href":"https:\/\/env4cyp.eu\/gr\/wp-json\/wp\/v2\/pages\/8355\/revisions"}],"predecessor-version":[{"id":8468,"href":"https:\/\/env4cyp.eu\/gr\/wp-json\/wp\/v2\/pages\/8355\/revisions\/8468"}],"wp:attachment":[{"href":"https:\/\/env4cyp.eu\/gr\/wp-json\/wp\/v2\/media?parent=8355"}],"curies":[{"name":"wp","href":"https:\/\/api.w.org\/{rel}","templated":true}]}}